{"id":5101,"date":"2020-09-15T08:32:59","date_gmt":"2020-09-15T08:32:59","guid":{"rendered":"https:\/\/dogan-otomotiv.com\/?post_type=product&#038;p=5101"},"modified":"2025-03-15T10:27:46","modified_gmt":"2025-03-15T10:27:46","slug":"283945095c-arka-lamba-vw-t4-lt-orj-yeni-servismali-07-90-07-06","status":"publish","type":"product","link":"https:\/\/dogan-otomotiv.com\/index.php\/urun\/283945095c-arka-lamba-vw-t4-lt-orj-yeni-servismali-07-90-07-06\/","title":{"rendered":"283945095C ARKA LAMBA VW T4 LT, ORJ YEN\u0130 SERV\u0130SMALI 07.90-07.06"},"content":{"rendered":"<p>283945095C ARKA LAMBA VW T4 LT, ORJ YEN\u0130 SERV\u0130SMALI 07.90-07.06<\/p>\n<p>VW TRANSPORTER 1.9 TD 1992 &#8211; 2003<br \/>\nKamyonet<br \/>\nDizel<br \/>\n68 HP 50 kW<br \/>\nVW TRANSPORTER 2.0 1990 &#8211; 2003<br \/>\nKamyonet<br \/>\nBenzinli<br \/>\n84 HP 62 kW<br \/>\nVW TRANSPORTER 2.0 1990 &#8211; 2003<br \/>\nMinib\u00fcs<br \/>\nBenzinli<br \/>\n84 HP 62 kW<br \/>\nVW TRANSPORTER 2.4 D 1997 &#8211; 2003<br \/>\nKamyonet<br \/>\nDizel<br \/>\n75 HP 55 kW<br \/>\nVW TRANSPORTER 2.4 D 1997 &#8211; 2003<br \/>\nMinib\u00fcs<br \/>\nDizel<br \/>\n75 HP 55 kW<br \/>\nVW TRANSPORTER 2.5 1996 &#8211; 2003<br \/>\nKamyonet<br \/>\nBenzinli<br \/>\n115 HP 85 kW<br \/>\nVW TRANSPORTER 2.5 1990 &#8211; 2003<br \/>\nMinib\u00fcs<br \/>\nBenzinli<br \/>\n110 HP 81 kW<br \/>\nVW TRANSPORTER 2.5 1996 &#8211; 2003<br \/>\nMinib\u00fcs<br \/>\nBenzinli<br \/>\n115 HP 85 kW<br \/>\nVW TRANSPORTER 2.5 Syncro 1992 &#8211; 2003<br \/>\nMinib\u00fcs<br \/>\nBenzinli<br \/>\n110 HP 81 kW<br \/>\nVW TRANSPORTER 2.5 Syncro 1996 &#8211; 2003<br \/>\nMinib\u00fcs<br \/>\nBenzinli<br \/>\n115 HP 85 kW<br \/>\nVW TRANSPORTER 2.5 TDI 1998 &#8211; 2003<br \/>\nKamyonet<br \/>\nDizel<br \/>\n88 HP 65 kW<br \/>\nVW TRANSPORTER 2.5 TDI 1995 &#8211; 2003<br \/>\nKamyonet<br \/>\nDizel<br \/>\n102 HP 75 kW<br \/>\nVW TRANSPORTER 2.5 TDI 1998 &#8211; 2003<br \/>\nMinib\u00fcs<br \/>\nDizel<br \/>\n88 HP 65 kW<br \/>\nVW TRANSPORTER 2.5 TDI 1995 &#8211; 2003<br \/>\nMinib\u00fcs<br \/>\nDizel<br \/>\n102 HP 75 kW<br \/>\nVW TRANSPORTER 2.5 TDI 1998 &#8211; 2003<br \/>\nMinib\u00fcs<br \/>\nDizel<br \/>\n151 HP 111 kW<br \/>\nVW TRANSPORTER 2.5 TDI Syncro 1996 &#8211; 2003<br \/>\nMinib\u00fcs<br \/>\nDizel<br \/>\n102 HP 75 kW<br \/>\nVW TRANSPORTER 2.8 VR6 2000 &#8211; 2003<br \/>\nMinib\u00fcs<br \/>\nBenzinli<br \/>\n204 HP 150 kW<br \/>\nVW TRANSPORTER Kamyonet 1.9 D 1990 &#8211; 1995<br \/>\nKamyonet<br \/>\nDizel<br \/>\n61 HP 45 kW<br \/>\nVW TRANSPORTER Kamyonet 2.5 1990 &#8211; 2003<br \/>\nKamyonet<br \/>\nBenzinli<br \/>\n110 HP 81 kW<br \/>\nVW TRANSPORTER Minib\u00fcs 1.9 D 1990 &#8211; 1995<br \/>\nMinib\u00fcs<br \/>\nDizel<br \/>\n60 HP 44 kW<br \/>\nVW TRANSPORTER Minib\u00fcs 1.9 TD 1992 &#8211; 2003<br \/>\nMinib\u00fcs<br \/>\nDizel<br \/>\n68 HP 50 kW<br \/>\nVW TRANSPORTER Minib\u00fcs 2.8 VR 6 1995 &#8211; 2000<br \/>\nMinib\u00fcs<br \/>\nBenzinli<br \/>\n140 HP 103 kW<br \/>\nVW TRANSPORTER Panelvan 1.9 TD 1992 &#8211; 2003<br \/>\nPanelvan<br \/>\nDizel<br \/>\n68 HP 50 kW<br \/>\nVW TRANSPORTER Panelvan 2.5 TDI 1995 &#8211; 2003<br \/>\nPanelvan<br \/>\nDizel<br \/>\n102 HP 75 kW<\/p>\n","protected":false},"excerpt":{"rendered":"<p>DO\u011eAN OTOMOT\u0130V YEDEK PAR\u00c7A<\/p>\n<p>LTD \u015eT\u0130 \u0130VED\u0130K ORGAN\u0130ZE SAN 1471 SOL 91-A OST\u0130M ANKARA<\/p>\n<p>SEM\u0130H SAVA\u015e\u00c7I<br \/>\n0 (312) 395 20 95<br \/>\n0533 322 16 09<\/p>\n<p>SEM\u0130H SAVA\u015eCI<br \/>\nIBAN NO: TR56 0011 1000 0000 0088 9009 70<br \/>\nF\u0130NANSBANK ENPARA<br \/>\n\u015eUBE KODU: 03663<br \/>\nHESAP NO: 88900970<\/p>\n<p>KARGO \u0130ADES\u0130 DURUMUNDA<br \/>\nKARGO \u00dcCRET\u0130 M\u00dc\u015eTER\u0130YE A\u0130TT\u0130R.<\/p>\n<p>\u015e\u0130PAR\u0130\u015eLER HAKKINDA<br \/>\nL\u00dcTFEN \u015e\u0130PAR\u0130\u015e VERMEK \u0130STED\u0130\u011e\u0130N\u0130Z \u00dcR\u00dcN\u00dcN STOK DURUMUNU SORUNUZ.<br \/>\nT\u00dcRK\u0130YEN\u0130N T\u00dcM \u015eEH\u0130RLER\u0130NE ANLA\u015eMALI KARGOLARIMIZ \u0130LE G\u00d6NDER\u0130M YAPILIR.<br \/>\nSAAT 17:00 KADAR VER\u0130LEN \u015e\u0130PAR\u0130\u015eLER AYNI G\u00dcN KARGO \u0130LE G\u00d6NDER\u0130M\u0130 YAPILIR.<br \/>\n\u00c7IKMA PAR\u00c7A F\u0130YATLARI PAR\u00c7ANIN TEM\u0130ZL\u0130\u011e\u0130NE VE TAM\u0130RS\u0130ZL\u0130\u011e\u0130NE G\u00d6RE DE\u011e\u0130\u015eKENL\u0130K G\u00d6STER\u0130R.<br \/>\nD\u0130\u011eER PAR\u00c7ALAR VE F\u0130YAT B\u0130LG\u0130S\u0130 \u0130\u00c7\u0130N \u0130LET\u0130\u015eME GE\u00c7EB\u0130L\u0130RS\u0130N\u0130Z<\/p>\n<p>TOPLU S\u0130PAR\u0130\u015eLER\u0130N\u0130Z \u0130\u00c7\u0130N: doganotoyedekparcavw@gmail.com<\/p>\n<p>https:\/\/doganotomotivyedekparca.sahibinden.com\/<\/p>\n<p>https:\/\/dogan-otomotiv.com\/index.php\/magaza\/<\/p>\n","protected":false},"featured_media":16271,"comment_status":"open","ping_status":"closed","template":"","meta":{"_joinchat":[]},"product_cat":[15],"product_tag":[5583,5584],"class_list":{"0":"post-5101","1":"product","2":"type-product","3":"status-publish","4":"has-post-thumbnail","6":"product_cat-volkswagen","7":"product_tag-283945095c-arka-lamba-vw-t4-lt","8":"product_tag-orj-yeni-servismali-07-90-07-06","10":"first","11":"instock","12":"sale","13":"shipping-taxable","14":"purchasable","15":"product-type-simple"},"_links":{"self":[{"href":"https:\/\/dogan-otomotiv.com\/index.php\/wp-json\/wp\/v2\/product\/5101","targetHints":{"allow":["GET"]}}],"collection":[{"href":"https:\/\/dogan-otomotiv.com\/index.php\/wp-json\/wp\/v2\/product"}],"about":[{"href":"https:\/\/dogan-otomotiv.com\/index.php\/wp-json\/wp\/v2\/types\/product"}],"replies":[{"embeddable":true,"href":"https:\/\/dogan-otomotiv.com\/index.php\/wp-json\/wp\/v2\/comments?post=5101"}],"wp:featuredmedia":[{"embeddable":true,"href":"https:\/\/dogan-otomotiv.com\/index.php\/wp-json\/wp\/v2\/media\/16271"}],"wp:attachment":[{"href":"https:\/\/dogan-otomotiv.com\/index.php\/wp-json\/wp\/v2\/media?parent=5101"}],"wp:term":[{"taxonomy":"product_cat","embeddable":true,"href":"https:\/\/dogan-otomotiv.com\/index.php\/wp-json\/wp\/v2\/product_cat?post=5101"},{"taxonomy":"product_tag","embeddable":true,"href":"https:\/\/dogan-otomotiv.com\/index.php\/wp-json\/wp\/v2\/product_tag?post=5101"}],"curies":[{"name":"wp","href":"https:\/\/api.w.org\/{rel}","templated":true}]}}