{"id":491,"date":"2020-03-26T11:50:12","date_gmt":"2020-03-26T11:50:12","guid":{"rendered":"https:\/\/dogan-otomotiv.com\/?post_type=product&#038;p=491"},"modified":"2022-03-31T15:25:14","modified_gmt":"2022-03-31T15:25:14","slug":"1j0129654ac-hava-hortumu-19-tdi-vw-golf-iv-skoda-octavia","status":"publish","type":"product","link":"https:\/\/dogan-otomotiv.com\/index.php\/urun\/1j0129654ac-hava-hortumu-19-tdi-vw-golf-iv-skoda-octavia\/","title":{"rendered":"1J0129654AC HAVA HORTUMU 1,9 TDI VW GOLF IV\/ SKODA OCTAVIA"},"content":{"rendered":"<p><span style=\"vertical-align: inherit\"><span style=\"vertical-align: inherit\"> (DO\u011eAN OTOMOT\u0130V YEDEK PAR\u00c7A<\/span><\/span><\/p>\n<table width=\"416\">\n<tbody>\n<tr>\n<td width=\"416\">DO\u011eAN OTOMOT\u0130V YEDEK PAR\u00c7A<\/td>\n<\/tr>\n<tr>\n<td>SEM\u0130H SAVA\u015e\u00c7I<\/td>\n<\/tr>\n<tr>\n<td>0 (312) 395 20 95<\/td>\n<\/tr>\n<tr>\n<td><span style=\"vertical-align: inherit\"><span style=\"vertical-align: inherit\">IBAN NO: TR56 0011 1000 0000 0088 9009 70\u00a0\u00a0<\/span><\/span><\/td>\n<\/tr>\n<tr>\n<td>F\u0130NANSBANK ENPARA<\/td>\n<\/tr>\n<tr>\n<td>\u015eUBE KODU: 03663<\/td>\n<\/tr>\n<tr>\n<td>HESAP NO: 88900970<\/td>\n<\/tr>\n<tr>\n<td>KARGO \u0130ADES\u0130 DURUMUNDA<\/td>\n<\/tr>\n<tr>\n<td>KARGO \u00dcCRET\u0130 M\u00dc\u015eTER\u0130YE A\u0130TT\u0130R.<\/td>\n<\/tr>\n<tr>\n<td>TOPLU S\u0130PAR\u0130\u015eLER\u0130N\u0130Z \u0130\u00c7\u0130N: doganotoyedekparcavw@gmail.com<\/td>\n<\/tr>\n<tr>\n<td>https:\/\/dogan-otomotiv.com<\/td>\n<\/tr>\n<\/tbody>\n<\/table>\n","protected":false},"excerpt":{"rendered":"<p>1J0129654AC HAVA HORTUMU 1,9 TDI VW GOLF IV\/ SKODA OCTAVIA<\/p>\n","protected":false},"featured_media":492,"comment_status":"open","ping_status":"closed","template":"","meta":{"_joinchat":[]},"product_cat":[15,24,19,20],"product_tag":[216,189,188],"class_list":{"0":"post-491","1":"product","2":"type-product","3":"status-publish","4":"has-post-thumbnail","6":"product_cat-volkswagen","7":"product_cat-audi","8":"product_cat-seat","9":"product_cat-skoda","10":"product_tag-1j0129654ac","11":"product_tag-9-tdi-vw","12":"product_tag-hava-hortumu-1","14":"first","15":"instock","16":"sale","17":"sold-individually","18":"shipping-taxable","19":"purchasable","20":"product-type-simple"},"_links":{"self":[{"href":"https:\/\/dogan-otomotiv.com\/index.php\/wp-json\/wp\/v2\/product\/491","targetHints":{"allow":["GET"]}}],"collection":[{"href":"https:\/\/dogan-otomotiv.com\/index.php\/wp-json\/wp\/v2\/product"}],"about":[{"href":"https:\/\/dogan-otomotiv.com\/index.php\/wp-json\/wp\/v2\/types\/product"}],"replies":[{"embeddable":true,"href":"https:\/\/dogan-otomotiv.com\/index.php\/wp-json\/wp\/v2\/comments?post=491"}],"wp:featuredmedia":[{"embeddable":true,"href":"https:\/\/dogan-otomotiv.com\/index.php\/wp-json\/wp\/v2\/media\/492"}],"wp:attachment":[{"href":"https:\/\/dogan-otomotiv.com\/index.php\/wp-json\/wp\/v2\/media?parent=491"}],"wp:term":[{"taxonomy":"product_cat","embeddable":true,"href":"https:\/\/dogan-otomotiv.com\/index.php\/wp-json\/wp\/v2\/product_cat?post=491"},{"taxonomy":"product_tag","embeddable":true,"href":"https:\/\/dogan-otomotiv.com\/index.php\/wp-json\/wp\/v2\/product_tag?post=491"}],"curies":[{"name":"wp","href":"https:\/\/api.w.org\/{rel}","templated":true}]}}