{"id":4686,"date":"2020-08-18T04:19:13","date_gmt":"2020-08-18T04:19:13","guid":{"rendered":"https:\/\/dogan-otomotiv.com\/?post_type=product&#038;p=4686"},"modified":"2023-02-11T09:14:39","modified_gmt":"2023-02-11T09:14:39","slug":"059919523a-sicaklik-sensoru-sicaklik-musutu-q7-orj-yeni","status":"publish","type":"product","link":"https:\/\/dogan-otomotiv.com\/index.php\/urun\/059919523a-sicaklik-sensoru-sicaklik-musutu-q7-orj-yeni\/","title":{"rendered":"059919523A SICAKLIK SENS\u00d6R\u00dc SICAKLIK M\u00dc\u015e\u00dcT\u00dc Q7 ORJ YEN\u0130"},"content":{"rendered":"<p>OEN 03L 919 824 C \u2014 AUDI<br \/>\nOEN 04L 919 824 \u2014 AUDI<br \/>\nOEN 04L 919 824 C \u2014 AUDI<br \/>\nOEN 059 919 523 A \u2014 AUDI<br \/>\nOEN 059 919 523 F \u2014 AUDI<br \/>\nOEN 059 919 525 \u2014 AUDI<br \/>\nOEN 059 919 525 A \u2014 AUDI<br \/>\nOEN 750 907 527 \u2014 AUDI<br \/>\nOEN 955 606 221 00 \u2014 PORSCHE<br \/>\nOEN 03L 919 824 B \u2014 SEAT<br \/>\nOEN 03L 919 824 C \u2014 SEAT<br \/>\nOEN 04L 919 824 \u2014 SEAT<br \/>\nOEN 04L 919 824 C \u2014 SEAT<br \/>\nOEN 059 919 523 A \u2014 SEAT<br \/>\nOEN 059 919 523 F \u2014 SEAT<br \/>\nOEN 03L 919 824 C \u2014 SKODA<br \/>\nOEN 04L 919 824 \u2014 SKODA<br \/>\nOEN 04L 919 824 C \u2014 SKODA<br \/>\nOEN 059 919 523 A \u2014 SKODA<br \/>\nOEN 059 919 523 F \u2014 SKODA<br \/>\nOEN 03L 919 824 C \u2014 VW<br \/>\nOEN 04L 919 824 \u2014 VW<br \/>\nOEN 04L 919 824 C \u2014 VW<br \/>\nOEN 059 919 523 A \u2014 VW<br \/>\nOEN 059 919 523 F \u2014 VW<br \/>\nOEN 059 919 525 A \u2014 VW<br \/>\nOEN 750 907 527 \u2014 VW<\/p>\n<p>A-3 TT. BEETLE CADDY EOS GOLF GOLF PLUS JETTA PASSAT CC SC\u0130ROCCO TIGUAN TOURAN<\/p>\n<p>VW Phaeton (3D1, 3D2, 3D3, 3D4, 3D6, 3D7, 3D8, 3D9) (Yap\u0131m Y\u0131l\u0131 06.2007 &#8211; 03.2016, 233 &#8211; 245 PS, Dizel)<br \/>\nVW Multivan T5 (7HM, 7HN, 7HF, 7EF, 7EM, 7EN) (Yap\u0131m Y\u0131l\u0131 09.2009 &#8211; 08.2015, 84 &#8211; 180 PS, Dizel)<br \/>\nVW Transporter T5 Platform \/ \u015easi (7JD, 7JE, 7JL, 7JY, 7JZ, 7FD) (Yap\u0131m Y\u0131l\u0131 09.2009 &#8211; 08.2015, 84 &#8211; 180 PS, Dizel)<br \/>\nVW Transporter T5 Van (7HA, 7HH, 7EA, 7EH) (Yap\u0131m Y\u0131l\u0131 09.2009 &#8211; 08.2015, 84 &#8211; 180 PS, Dizel)<br \/>\nVW Transporter T5 Minib\u00fcs (7HB, 7HJ, 7EB, 7EJ, 7EF, 7EG, 7HF, 7EC) (Yap\u0131m Y\u0131l\u0131 09.2009 &#8211; 08.2015, 84 &#8211; 180 PS, Dizel)<br \/>\nVW Caddy III Van (2KA, 2KH, 2CA, 2CH) (Yap\u0131m Y\u0131l\u0131 08.2010 &#8211; 05.2015, 75 &#8211; 170 PS, Dizel)<br \/>\nVW Caddy III Estate (2KB, 2KJ, 2CB, 2CJ) (Yap\u0131m Y\u0131l\u0131 08.2010 &#8211; 05.2015, 75 &#8211; 170 PS, Dizel)<br \/>\nVW Golf Plus \/ Crossgolf (5M1, 521) (Yap\u0131m Y\u0131l\u0131 01.2009 &#8211; 12.2013, 110 PS, Dizel)<br \/>\nVW Passat B6 Sedan (3C2) (Yap\u0131m Y\u0131l\u0131 11.2008 &#8211; 11.2010, 110 &#8211; 170 PS, Dizel)<br \/>\nVW Jetta Mk5 (1K) (Yap\u0131m Y\u0131l\u0131 06.2009 &#8211; 10.2010, 90 &#8211; 105 PS, Dizel)<br \/>\nVW Passat B6 Varyant\u0131 (3C5) (Yap\u0131m Y\u0131l\u0131 11.2008 &#8211; 11.2010, 110 &#8211; 170 PS, Dizel)<br \/>\nVW Eos (1F7, 1F8) (Yap\u0131m Y\u0131l\u0131 05.2008 &#8211; 08.2015, 136 &#8211; 140 PS, Dizel)<br \/>\nVW Crafter 30-35 Minib\u00fcs (2E) (Yap\u0131m Y\u0131l\u0131 05.2011 &#8211; 12.2016, 109 &#8211; 163 PS, Dizel)<br \/>\nVW Crafter 30-50 Van (2E) (Yap\u0131m Y\u0131l\u0131 05.2011 &#8211; 12.2016, 109 &#8211; 163 PS, Dizel)<br \/>\nVW Crafter 30-50 Platform\/\u015easi (2F) (Yap\u0131m Y\u0131l\u0131 05.2011 &#8211; 12.2016, 109 &#8211; 163 PS, Dizel)<br \/>\nVW Tiguan I (5N) (Yap\u0131m Y\u0131l\u0131 09.2007 &#8211; 07.2018, 136 &#8211; 184 PS, Dizel)<br \/>\nVW Passat CC (357) (Yap\u0131m Y\u0131l\u0131 05.2009 &#8211; 11.2010, 143 PS, Dizel)<br \/>\nVW Scirocco III (137, 138) (Yap\u0131m Y\u0131l\u0131 11.2010 &#8211; 11.2017, 136 &#8211; 184 PS, Dizel)<br \/>\nVW Golf VI Hatchback (5K1) (Yap\u0131m Y\u0131l\u0131 10.2008 &#8211; 05.2013, 110 &#8211; 170 PS, Dizel)<br \/>\nVW Polo V Hatchback (6R1, 6C1) (Yap\u0131m Y\u0131l\u0131 06.2009 &#8211; &#8230;, 75 &#8211; 105 PS, Dizel)<br \/>\nVW Golf VI Varyant\u0131 (AJ5) (Yap\u0131m Y\u0131l\u0131 07.2009 &#8211; 07.2013, 110 &#8211; 140 PS, Dizel)<br \/>\nVW Touareg II (7P5, 7P6) (Yap\u0131m Y\u0131l\u0131 01.2010 &#8211; 03.2018, 204 &#8211; 340 PS, Dizel)<br \/>\nVW Sharan II (7N1, 7N2) (Yap\u0131m Y\u0131l\u0131 05.2010 &#8211; &#8230;, 116 &#8211; 184 PS, Dizel)<br \/>\nVW Amarok Pickup (2HA, 2HB, S1B, S6B, S7A, S7B) (Yap\u0131m Y\u0131l\u0131 09.2010 &#8211; &#8230;, 122 &#8211; 180 PS, Dizel)<br \/>\nVW Passat B7 Sedan (362) (Yap\u0131m Y\u0131l\u0131 08.2010 &#8211; 12.2014, 105 &#8211; 177 PS, Dizel)<br \/>\nVW Passat B7 Varyant (365) (Yap\u0131m Y\u0131l\u0131 08.2010 &#8211; 12.2014, 105 &#8211; 177 PS, Dizel)<br \/>\nVW Jetta Mk6 (162, 163, AV3, AV2) (Yap\u0131m Y\u0131l\u0131 04.2010 &#8211; &#8230;, 105 &#8211; 140 PS, Dizel)<br \/>\nVW Golf VI Cabrio (517) (Yap\u0131m Y\u0131l\u0131 03.2011 &#8211; 05.2016, 105 &#8211; 150 PS, Dizel)<br \/>\nVW Beetle Hatchback (5C1, 5C2) (Yap\u0131m Y\u0131l\u0131 04.2011 &#8211; 09.2018, 105 &#8211; 150 PS, Dizel)<br \/>\nVW CC (358) (Yap\u0131m Y\u0131l\u0131 11.2011 &#8211; 12.2016, 136 &#8211; 184 PS, Dizel)<br \/>\nVW Touran I (1T3) (Yap\u0131m Y\u0131l\u0131 05.2010 &#8211; 05.2015, 90 &#8211; 177 PS, Dizel)<br \/>\nVW Golf VII Hatchback (5G1, BQ1, BE1, BE2) (Yap\u0131m Y\u0131l\u0131 08.2012 &#8211; &#8230;, 90 &#8211; 184 PS, Dizel)<br \/>\nVW Beetle Cabrio (5C7, 5C8) (Yap\u0131m Y\u0131l\u0131 12.2011 &#8211; 09.2018, 105 &#8211; 150 PS, Dizel)<br \/>\nVW Passat B7 Alltrack (365) (Yap\u0131m Y\u0131l\u0131 01.2012 &#8211; 12.2014, 140 &#8211; 177 PS, Dizel)<br \/>\nVW Passat NMS (A32, A33) (Yap\u0131m Y\u0131l\u0131 04.2011 &#8211; 06.2015, 141 PS, Dizel)<br \/>\nVW Golf VII Varyant\u0131 (BA5, BV5) (Yap\u0131m Y\u0131l\u0131 04.2013 &#8211; &#8230;, 90 &#8211; 184 PS, Dizel)<br \/>\nVW Golf Sportsvan (AM1, AN1) (Yap\u0131m Y\u0131l\u0131 02.2014 &#8211; &#8230;, 90 &#8211; 150 PS, Dizel)<br \/>\nVW Passat B8 Sedan (3G2, CB2) (Yap\u0131m Y\u0131l\u0131 08.2014 &#8211; &#8230;, 120 &#8211; 240 PS, Dizel)<br \/>\nVW Passat B8 Varyant\u0131 (3G5, CB5) (Yap\u0131m Y\u0131l\u0131 08.2014 &#8211; &#8230;, 120 &#8211; 240 PS, Dizel)<br \/>\nVW Golf Alltrack (BA5, BV5) (Yap\u0131m Y\u0131l\u0131 12.2014 &#8211; &#8230;, 110 &#8211; 184 PS, Dizel)<br \/>\nVW Touran II (5T1) (Yap\u0131m Y\u0131l\u0131 05.2015 &#8211; &#8230;, 110 &#8211; 190 PS, Dizel)<br \/>\nVW Amarok Platform \/ \u015easi (S1B, S6B, S7B) (Yap\u0131m Y\u0131l\u0131 09.2011 &#8211; 10.2016, 122 &#8211; 180 PS, Dizel)<br \/>\nVW Caddy IV Kombi (SAB, SAJ) (Yap\u0131m Y\u0131l\u0131 05.2015 &#8211; &#8230;, 75 &#8211; 150 PS, Dizel)<br \/>\nVW Caddy IV Van (SAA, SAH) (Yap\u0131m Y\u0131l\u0131 05.2015 &#8211; &#8230;, 75 &#8211; 150 PS, Dizel)<br \/>\nVW Multivan T6 (SGF, SGM, SGN) (Yap\u0131m Y\u0131l\u0131 04.2015 &#8211; &#8230;, 84 &#8211; 180 PS, Dizel)<br \/>\nVW Transporter T6 Minib\u00fcs (SGB, SGG, SGJ) (Yap\u0131m Y\u0131l\u0131 04.2015 &#8211; &#8230;, 84 &#8211; 204 PS, Dizel)<br \/>\nVW Transporter T6 Van (SGA, SGH) (Yap\u0131m Y\u0131l\u0131 04.2015 &#8211; &#8230;, 84 &#8211; 204 PS, Dizel)<br \/>\nVW Transporter T6 Platform \/ \u015easi (SFD, SFE, SFL, SFZ) (Yap\u0131m Y\u0131l\u0131 04.2015 &#8211; &#8230;, 90 &#8211; 204 PS, Dizel)<br \/>\nVW Passat B8 Alltrack (3G5, CB5) (Yap\u0131m Y\u0131l\u0131 05.2015 &#8211; &#8230;, 150 &#8211; 240 PS, Dizel)<br \/>\nVW Caddy Alltrack IV Kombi (SAB) (Yap\u0131m Y\u0131l\u0131 05.2015 &#8211; &#8230;, 75 &#8211; 150 PS, Dizel)<br \/>\nVW Caddy Alltrack IV Van (SAA) (Yap\u0131m Y\u0131l\u0131 05.2015 &#8211; &#8230;, 75 &#8211; 150 PS, Dizel)<br \/>\nVW Tiguan II (AD1) (Yap\u0131m Y\u0131l\u0131 01.2016 &#8211; &#8230;, 110 &#8211; 240 PS, Dizel, Benzin)<br \/>\nVW Polo V Van (6R) (Yap\u0131m Y\u0131l\u0131 02.2014 &#8211; &#8230;, 75 &#8211; 90 PS, Dizel)<br \/>\nVW Arteon (3H7) (Yap\u0131m Y\u0131l\u0131 04.2017 &#8211; &#8230;, 150 &#8211; 240 PS, Dizel)<br \/>\nVW Tiguan Allspace (BW2) (Yap\u0131m Y\u0131l\u0131 06.2017 &#8211; &#8230;, 150 &#8211; 240 PS, Dizel)<br \/>\nVW Polo VI (AW1, BZ1) (Yap\u0131m Y\u0131l\u0131 11.2017 &#8211; &#8230;, 80 &#8211; 95 PS, Dizel)<br \/>\nVW T-Roc (A11) (Yap\u0131m Y\u0131l\u0131 09.2017 &#8211; &#8230;, 115 &#8211; 190 PS, Dizel)<br \/>\nVW Golf VI Van (5K1_) (Yap\u0131m Y\u0131l\u0131 09.2009 &#8211; 11.2012, 140 &#8211; 170 PS, Dizel)<br \/>\nVW Golf Van VI Modeli (AJ5) (Yap\u0131m Y\u0131l\u0131 07.2009 &#8211; 05.2014, 140 PS, Dizel)<br \/>\nVW Golf Plus Van (521) (Yap\u0131m Y\u0131l\u0131 11.2009 &#8211; 08.2014, 140 PS, Dizel)<br \/>\nVW Golf VII Van (5G1) (Yap\u0131m Y\u0131l\u0131 04.2013 &#8211; &#8230;, 90 &#8211; 150 PS, Dizel)<br \/>\nVW T-Cross (C11_) (Yap\u0131m Y\u0131l\u0131 12.2018 &#8211; &#8230;, 95 PS, Dizel)<br \/>\nVW Arteon Shooting Brake (3H9) (Yap\u0131m Y\u0131l\u0131 09.2020 &#8211; &#8230;, 190 PS, Dizel)<\/p>\n","protected":false},"excerpt":{"rendered":"<p>DO\u011eAN OTOMOT\u0130V YEDEK PAR\u00c7A<br \/>\n\u0130VED\u0130K ORGAN\u0130ZE SAN 1471 SOKAK 91-A<\/p>\n<p>OST\u0130M ANKARA<\/p>\n<p>SEM\u0130H SAVA\u015e\u00c7I<\/p>\n<p>0 (312) 395 20 95<\/p>\n<p>0533 322 16 09<\/p>\n<p>IBAN NO: TR56 0011 1000 0000 0088 9009 70  <\/p>\n<p>F\u0130NANSBANK ENPARA<\/p>\n<p>\u015eUBE KODU: 03663<\/p>\n<p>HESAP NO: 88900970<\/p>\n<p>KARGO \u0130ADES\u0130 DURUMUNDA<\/p>\n<p>KARGO \u00dcCRET\u0130 M\u00dc\u015eTER\u0130YE A\u0130TT\u0130R.<\/p>\n<p>\u015e\u0130PAR\u0130\u015eLER HAKKINDA<\/p>\n<p>L\u00dcTFEN \u015e\u0130PAR\u0130\u015e VERMEK \u0130STED\u0130\u011e\u0130N\u0130Z \u00dcR\u00dcN\u00dcN STOK DURUMUNU SORUNUZ.<\/p>\n<p>T\u00dcRK\u0130YEN\u0130N T\u00dcM \u015eEH\u0130RLER\u0130NE ANLA\u015eMALI KARGOLARIMIZ \u0130LE G\u00d6NDER\u0130M YAPILIR.<\/p>\n<p>SAAT 17:00 KADAR VER\u0130LEN \u015e\u0130PAR\u0130\u015eLER AYNI G\u00dcN KARGO \u0130LE G\u00d6NDER\u0130M\u0130 YAPILIR.<\/p>\n<p>\u00c7IKMA PAR\u00c7A F\u0130YATLARI PAR\u00c7ANIN TEM\u0130ZL\u0130\u011e\u0130NE VE TAM\u0130RS\u0130ZL\u0130\u011e\u0130NE G\u00d6RE DE\u011e\u0130\u015eKENL\u0130K G\u00d6STER\u0130R.<\/p>\n<p>D\u0130\u011eER PAR\u00c7ALAR VE F\u0130YAT B\u0130LG\u0130S\u0130 \u0130\u00c7\u0130N \u0130LET\u0130\u015eME GE\u00c7EB\u0130L\u0130RS\u0130N\u0130Z<\/p>\n","protected":false},"featured_media":4687,"comment_status":"open","ping_status":"closed","template":"","meta":{"_joinchat":[]},"product_cat":[15,24,19,20],"product_tag":[6331],"class_list":{"0":"post-4686","1":"product","2":"type-product","3":"status-publish","4":"has-post-thumbnail","6":"product_cat-volkswagen","7":"product_cat-audi","8":"product_cat-seat","9":"product_cat-skoda","10":"product_tag-059919523a-sicaklik-sensoru-sicaklik-musutu-q7-orj-yeni","12":"first","13":"instock","14":"sale","15":"shipping-taxable","16":"purchasable","17":"product-type-simple"},"_links":{"self":[{"href":"https:\/\/dogan-otomotiv.com\/index.php\/wp-json\/wp\/v2\/product\/4686","targetHints":{"allow":["GET"]}}],"collection":[{"href":"https:\/\/dogan-otomotiv.com\/index.php\/wp-json\/wp\/v2\/product"}],"about":[{"href":"https:\/\/dogan-otomotiv.com\/index.php\/wp-json\/wp\/v2\/types\/product"}],"replies":[{"embeddable":true,"href":"https:\/\/dogan-otomotiv.com\/index.php\/wp-json\/wp\/v2\/comments?post=4686"}],"wp:featuredmedia":[{"embeddable":true,"href":"https:\/\/dogan-otomotiv.com\/index.php\/wp-json\/wp\/v2\/media\/4687"}],"wp:attachment":[{"href":"https:\/\/dogan-otomotiv.com\/index.php\/wp-json\/wp\/v2\/media?parent=4686"}],"wp:term":[{"taxonomy":"product_cat","embeddable":true,"href":"https:\/\/dogan-otomotiv.com\/index.php\/wp-json\/wp\/v2\/product_cat?post=4686"},{"taxonomy":"product_tag","embeddable":true,"href":"https:\/\/dogan-otomotiv.com\/index.php\/wp-json\/wp\/v2\/product_tag?post=4686"}],"curies":[{"name":"wp","href":"https:\/\/api.w.org\/{rel}","templated":true}]}}