{"id":4590,"date":"2020-08-15T16:36:29","date_gmt":"2020-08-15T16:36:29","guid":{"rendered":"https:\/\/dogan-otomotiv.com\/?post_type=product&#038;p=4590"},"modified":"2025-05-10T07:19:39","modified_gmt":"2025-05-10T07:19:39","slug":"7d0959455j-vw-transporter-t4-fan-motoru","status":"publish","type":"product","link":"https:\/\/dogan-otomotiv.com\/index.php\/urun\/7d0959455j-vw-transporter-t4-fan-motoru\/","title":{"rendered":"7D0959455J T4 FAN MOTORU CAREVELLA 2004 2,5TD\u0130 \u00c7ARAVELLA ORJ YEN\u0130"},"content":{"rendered":"<p>7D0959455J VW TRANSPORTER T4 FAN MOTORU<br \/>\n7D0959455J T4 FAN MOTORU CAREVELLA 2004 SADECE MOTORU<br \/>\nVW Transporter T4 Minib\u00fcs (70B, 70C, 7DB, 7DK, 70J, 70K, 7DC, 7DJ) (Yap\u0131m Y\u0131l\u0131 09.1990 &#8211; 04.2003, 68 &#8211; 151 PS, Dizel, Benzin) dizel<br \/>\nVW Transporter T4 Platform \/ \u015easi (70E, 70L, 70M, 7DE, 7DL, 7D) (Yap\u0131m Y\u0131l\u0131 07.1990 &#8211; 04.2003, 68 &#8211; 115 PS, Dizel, Benzin)<br \/>\nVW Transporter T4 Van (70A, 70H, 7DA, 7DH) (Yap\u0131m Y\u0131l\u0131 07.1990 &#8211; 04.2003, 68 &#8211; 151 PS, Dizel, Benzin)<br \/>\nOEN 7D0959455JALT \u2014 JP GROUP<br \/>\nOEN 701959455AB \u2014 VAG<br \/>\nOEN 7D0959455 \u2014 VAG<br \/>\nOEN 7D0959455A \u2014 VAG<br \/>\nOEN 7D0959455E \u2014 VAG<br \/>\nOEN 7D0959455F \u2014 VAG<br \/>\nOEN 7D0959455H \u2014 VAG<br \/>\nOEN 7D0959455J \u2014 VAG<br \/>\nOEN 7D0959455M \u2014 VAG<br \/>\nOEN 701959455AB \u2014 VW<br \/>\nOEN 7D0959455 \u2014 VW<br \/>\nOEN 7D0959455A \u2014 VW<br \/>\nOEN 7D0959455E \u2014 VW<br \/>\nOEN 7D0959455F \u2014 VW<br \/>\nOEN 7D0959455H \u2014 VW<br \/>\nOEN 7D0959455J \u2014 VW<br \/>\nOEN 7D0959455M \u2014 VW<\/p>\n","protected":false},"excerpt":{"rendered":"<p>DO\u011eAN OTOMOT\u0130V YEDEK PAR\u00c7A<br \/>\nLTD \u015eT\u0130 \u0130VED\u0130K ORGAN\u0130ZE SAN 1471 SOKAK 91-A OST\u0130M ANKARA<br \/>\nSEM\u0130H SAVA\u015e\u00c7I (312) 395 20 95<br \/>\n0533 322 16 09<\/p>\n<p>MUSTAFA SAVA\u015e\u00c7I<br \/>\n0 (312) 395 20 95<br \/>\nIBAN NO: TR 54 0011 1000 0000 0098 3516 19<br \/>\nF\u0130NANSBANK ENPARA<br \/>\n\u015eUBE KODU: 03663<br \/>\nHESAP NO: 98351619<\/p>\n<p>Paket i\u00e7eri\u011fi: 1 Adet<br \/>\nSATI\u015e F\u0130YATI KDV DAH\u0130L pe\u015fin fiyat\u0131d\u0131r<\/p>\n<p>SAAT 18:00 KADAR VER\u0130LEN \u015e\u0130PAR\u0130\u015e AYNI G\u00dcN KARGO \u0130LE G\u00d6NDER\u0130M\u0130 YAPILIR.<br \/>\nKARGO \u0130ADES\u0130 DURUMUNDA<br \/>\nKARGO \u00dcCRET\u0130 M\u00dc\u015eTER\u0130YE A\u0130TT\u0130R. AYRICA KARGODA KIRILAN PAR\u00c7ALARDAN SORUMLU DEY\u0130L\u0130Z<\/p>\n","protected":false},"featured_media":9992,"comment_status":"open","ping_status":"closed","template":"","meta":{"_joinchat":[]},"product_cat":[15],"product_tag":[4145],"class_list":{"0":"post-4590","1":"product","2":"type-product","3":"status-publish","4":"has-post-thumbnail","6":"product_cat-volkswagen","7":"product_tag-7d0959455j-t4-fan-motoru-carevella-2004-sadece-motoru","9":"first","10":"instock","11":"sale","12":"shipping-taxable","13":"purchasable","14":"product-type-simple"},"_links":{"self":[{"href":"https:\/\/dogan-otomotiv.com\/index.php\/wp-json\/wp\/v2\/product\/4590","targetHints":{"allow":["GET"]}}],"collection":[{"href":"https:\/\/dogan-otomotiv.com\/index.php\/wp-json\/wp\/v2\/product"}],"about":[{"href":"https:\/\/dogan-otomotiv.com\/index.php\/wp-json\/wp\/v2\/types\/product"}],"replies":[{"embeddable":true,"href":"https:\/\/dogan-otomotiv.com\/index.php\/wp-json\/wp\/v2\/comments?post=4590"}],"wp:featuredmedia":[{"embeddable":true,"href":"https:\/\/dogan-otomotiv.com\/index.php\/wp-json\/wp\/v2\/media\/9992"}],"wp:attachment":[{"href":"https:\/\/dogan-otomotiv.com\/index.php\/wp-json\/wp\/v2\/media?parent=4590"}],"wp:term":[{"taxonomy":"product_cat","embeddable":true,"href":"https:\/\/dogan-otomotiv.com\/index.php\/wp-json\/wp\/v2\/product_cat?post=4590"},{"taxonomy":"product_tag","embeddable":true,"href":"https:\/\/dogan-otomotiv.com\/index.php\/wp-json\/wp\/v2\/product_tag?post=4590"}],"curies":[{"name":"wp","href":"https:\/\/api.w.org\/{rel}","templated":true}]}}