{"id":4530,"date":"2020-08-14T13:31:59","date_gmt":"2020-08-14T13:31:59","guid":{"rendered":"https:\/\/dogan-otomotiv.com\/?post_type=product&#038;p=4530"},"modified":"2024-01-18T11:58:34","modified_gmt":"2024-01-18T11:58:34","slug":"2e1845357b-yan-cam-orta-vw-crafter-sprinter-140x80-orj-yeni","status":"publish","type":"product","link":"https:\/\/dogan-otomotiv.com\/index.php\/urun\/2e1845357b-yan-cam-orta-vw-crafter-sprinter-140x80-orj-yeni\/","title":{"rendered":"2E1845357B YAN CAM ORTA VW CRAFTER SPR\u0130NTER 140X80 ORJ YEN\u0130"},"content":{"rendered":"<p>2E1845357B SOL YAN SAB\u0130T CAM VW CRAFTER 30 -35 \/ 30-50 (F)<\/p>\n","protected":false},"excerpt":{"rendered":"<p>2E1845357B SOL YAN SAB\u0130T CAM VW CRAFTER 30 -35 \/ 30-50 (F)<\/p>\n","protected":false},"featured_media":4531,"comment_status":"open","ping_status":"closed","template":"","meta":{"_joinchat":[]},"product_cat":[15],"product_tag":[10386],"class_list":{"0":"post-4530","1":"product","2":"type-product","3":"status-publish","4":"has-post-thumbnail","6":"product_cat-volkswagen","7":"product_tag-2e1845357b-yan-cam-orta-vw-crafter-sprinter-140x80-orj-yeni","9":"first","10":"instock","11":"sale","12":"shipping-taxable","13":"purchasable","14":"product-type-simple"},"_links":{"self":[{"href":"https:\/\/dogan-otomotiv.com\/index.php\/wp-json\/wp\/v2\/product\/4530","targetHints":{"allow":["GET"]}}],"collection":[{"href":"https:\/\/dogan-otomotiv.com\/index.php\/wp-json\/wp\/v2\/product"}],"about":[{"href":"https:\/\/dogan-otomotiv.com\/index.php\/wp-json\/wp\/v2\/types\/product"}],"replies":[{"embeddable":true,"href":"https:\/\/dogan-otomotiv.com\/index.php\/wp-json\/wp\/v2\/comments?post=4530"}],"wp:featuredmedia":[{"embeddable":true,"href":"https:\/\/dogan-otomotiv.com\/index.php\/wp-json\/wp\/v2\/media\/4531"}],"wp:attachment":[{"href":"https:\/\/dogan-otomotiv.com\/index.php\/wp-json\/wp\/v2\/media?parent=4530"}],"wp:term":[{"taxonomy":"product_cat","embeddable":true,"href":"https:\/\/dogan-otomotiv.com\/index.php\/wp-json\/wp\/v2\/product_cat?post=4530"},{"taxonomy":"product_tag","embeddable":true,"href":"https:\/\/dogan-otomotiv.com\/index.php\/wp-json\/wp\/v2\/product_tag?post=4530"}],"curies":[{"name":"wp","href":"https:\/\/api.w.org\/{rel}","templated":true}]}}