{"id":4515,"date":"2020-08-14T12:21:44","date_gmt":"2020-08-14T12:21:44","guid":{"rendered":"https:\/\/dogan-otomotiv.com\/?post_type=product&#038;p=4515"},"modified":"2023-03-03T06:09:24","modified_gmt":"2023-03-03T06:09:24","slug":"5m0845026-kapi-cami-vw-golf-plus-2005-2014-sag-orj-yeni","status":"publish","type":"product","link":"https:\/\/dogan-otomotiv.com\/index.php\/urun\/5m0845026-kapi-cami-vw-golf-plus-2005-2014-sag-orj-yeni\/","title":{"rendered":"5M0845026 KAPI CAMI VW GOLF PLUS 2005-2014 SA\u011e ORJ YEN\u0130"},"content":{"rendered":"<p>5M0845026&#8243; KAPI &#8220;CAMI&#8221;SA\u011e ARKA&#8221; VW&#8221; GOLF&#8221; F<\/p>\n","protected":false},"excerpt":{"rendered":"<p>DO\u011eAN OTOMOT\u0130V YEDEK PAR\u00c7A<\/p>\n<p>LTD \u015eT\u0130<\/p>\n<p>\u0130VED\u0130K ORGAN\u0130ZE SANAY\u0130 1471 SOK 91-A<\/p>\n<p>OST\u0130M ANKARA<\/p>\n<p> SEM\u0130H SAVA\u015e\u00c7I<br \/>\n0 (312) 395 20 95<\/p>\n<p>IBAN NO: TR56 0011 1000 0000 0088 9009 70<\/p>\n<p>F\u0130NANSBANK ENPARA<\/p>\n<p>\u015eUBE KODU: 03663<\/p>\n<p>HESAP NO: 88900970<\/p>\n<p>KARGO \u0130ADES\u0130 DURUMUNDA<\/p>\n<p>KARGO \u00dcCRET\u0130 M\u00dc\u015eTER\u0130YE A\u0130TT\u0130R.<\/p>\n<p>TOPLU S\u0130PAR\u0130\u015eLER\u0130N\u0130Z \u0130\u00c7\u0130N: doganotoyedekparcavw@gmail.com<\/p>\n<p>https:\/\/doganotomotivyedekparca.sahibinden.com\/<\/p>\n","protected":false},"featured_media":4516,"comment_status":"open","ping_status":"closed","template":"","meta":{"_joinchat":[]},"product_cat":[15],"product_tag":[7807],"class_list":{"0":"post-4515","1":"product","2":"type-product","3":"status-publish","4":"has-post-thumbnail","6":"product_cat-volkswagen","7":"product_tag-5m0845026-kapi-cami-vw-golf-plus-2005-2014-sag-orj-yeni","9":"first","10":"instock","11":"sale","12":"shipping-taxable","13":"purchasable","14":"product-type-simple"},"_links":{"self":[{"href":"https:\/\/dogan-otomotiv.com\/index.php\/wp-json\/wp\/v2\/product\/4515","targetHints":{"allow":["GET"]}}],"collection":[{"href":"https:\/\/dogan-otomotiv.com\/index.php\/wp-json\/wp\/v2\/product"}],"about":[{"href":"https:\/\/dogan-otomotiv.com\/index.php\/wp-json\/wp\/v2\/types\/product"}],"replies":[{"embeddable":true,"href":"https:\/\/dogan-otomotiv.com\/index.php\/wp-json\/wp\/v2\/comments?post=4515"}],"wp:featuredmedia":[{"embeddable":true,"href":"https:\/\/dogan-otomotiv.com\/index.php\/wp-json\/wp\/v2\/media\/4516"}],"wp:attachment":[{"href":"https:\/\/dogan-otomotiv.com\/index.php\/wp-json\/wp\/v2\/media?parent=4515"}],"wp:term":[{"taxonomy":"product_cat","embeddable":true,"href":"https:\/\/dogan-otomotiv.com\/index.php\/wp-json\/wp\/v2\/product_cat?post=4515"},{"taxonomy":"product_tag","embeddable":true,"href":"https:\/\/dogan-otomotiv.com\/index.php\/wp-json\/wp\/v2\/product_tag?post=4515"}],"curies":[{"name":"wp","href":"https:\/\/api.w.org\/{rel}","templated":true}]}}