{"id":4506,"date":"2020-08-14T10:22:14","date_gmt":"2020-08-14T10:22:14","guid":{"rendered":"https:\/\/dogan-otomotiv.com\/?post_type=product&#038;p=4506"},"modified":"2022-01-15T07:49:11","modified_gmt":"2022-01-15T07:49:11","slug":"3c0919679a-yakit-samandirasi-vw-cc-12-17-passat-06","status":"publish","type":"product","link":"https:\/\/dogan-otomotiv.com\/index.php\/urun\/3c0919679a-yakit-samandirasi-vw-cc-12-17-passat-06\/","title":{"rendered":"3C0919679A&#8221; YAKIT&#8221; \u015eAMANDIRASI&#8221; VW&#8221; CC &#8220;12-17 PASSAT 06-&#8230;."},"content":{"rendered":"<p>3C0919679A YAKIT \u015eAMANDIRASI Passat B6 B7 CC 1.8 \/ 2.0TFSI<\/p>\n<p>ORJ SERV\u0130SMALI YEN\u0130 KUTUSUNDA<\/p>\n<p>3C0919679A YAKIT F\u0130LTREL\u0130 FLAN\u015e FSI<\/p>\n<p>VW Passat B6 B7 CC 1.8 \/ 2.0TFSI 3C0919679A i\u00e7in Flan\u015fl\u0131 Yeni Akaryak\u0131t Filtresi<\/p>\n<p>VW CC 12-17<\/p>\n<p>VW PASSAT 06-&#8230;.<\/p>\n<p>VW PASSATCC 09-12<\/p>\n<p>AUDI A1 11-14<\/p>\n<p>VW CC (358) (Yap\u0131m Y\u0131l\u0131 11.2011 &#8211; 12.2016, 152 &#8211; 210 PS, Benzin)<br \/>\nVW Passat CC (357) (Yap\u0131m Y\u0131l\u0131 06.2008 &#8211; 01.2012, 152 &#8211; 211 PS, Benzin)<br \/>\nVW Passat B6 Sedan (3C2) (Yap\u0131m Y\u0131l\u0131 03.2005 &#8211; 07.2010, 115 &#8211; 200 PS, Benzin, Benzin\/Do\u011falgaz (CNG))<br \/>\nVW Passat B6 Varyant\u0131 (3C5) (Yap\u0131m Y\u0131l\u0131 08.2005 &#8211; 10.2011, 115 &#8211; 200 PS, Benzin, Benzin\/Do\u011falgaz (CNG))<\/p>\n<p>AUDI A1 Hatchback (8X1, 8XK) (Yap\u0131m Y\u0131l\u0131 03.2012 &#8211; 10.2018, 231 &#8211; 256 PS, Benzin)<br \/>\nAUDI A1 Sportback (8XA, 8XK) (Yap\u0131m Y\u0131l\u0131 03.2014 &#8211; 10.2018, 231 PS, Benzin)<\/p>\n","protected":false},"excerpt":{"rendered":"<p>DO\u011eAN OTOMOT\u0130V YEDEK PAR\u00c7A<\/p>\n<p>SEM\u0130H SAVA\u015e\u00c7I<\/p>\n<p>0 (312) 395 20 95<\/p>\n<p>IBAN NO: TR56 0011 1000 0000 0088 9009 70  <\/p>\n<p>F\u0130NANSBANK ENPARA<\/p>\n<p>\u015eUBE KODU: 03663<\/p>\n<p>HESAP NO: 88900970<\/p>\n<p>KARGO \u0130ADES\u0130 DURUMUNDA<\/p>\n<p>KARGO \u00dcCRET\u0130 M\u00dc\u015eTER\u0130YE A\u0130TT\u0130R.<\/p>\n<p>TOPLU S\u0130PAR\u0130\u015eLER\u0130N\u0130Z \u0130\u00c7\u0130N: doganotoyedekparcavw@gmail.com<\/p>\n<p>https:\/\/doganotomotivyedekparca.sahibinden.com\/<\/p>\n","protected":false},"featured_media":4508,"comment_status":"open","ping_status":"closed","template":"","meta":{"_joinchat":[]},"product_cat":[15,24],"product_tag":[3795,3794],"class_list":{"0":"post-4506","1":"product","2":"type-product","3":"status-publish","4":"has-post-thumbnail","6":"product_cat-volkswagen","7":"product_cat-audi","8":"product_tag-3c0919679a","9":"product_tag-3c0919679a-yakit-samandirasi-vw-cc-12-17-passat-06","11":"first","12":"instock","13":"sale","14":"shipping-taxable","15":"purchasable","16":"product-type-simple"},"_links":{"self":[{"href":"https:\/\/dogan-otomotiv.com\/index.php\/wp-json\/wp\/v2\/product\/4506","targetHints":{"allow":["GET"]}}],"collection":[{"href":"https:\/\/dogan-otomotiv.com\/index.php\/wp-json\/wp\/v2\/product"}],"about":[{"href":"https:\/\/dogan-otomotiv.com\/index.php\/wp-json\/wp\/v2\/types\/product"}],"replies":[{"embeddable":true,"href":"https:\/\/dogan-otomotiv.com\/index.php\/wp-json\/wp\/v2\/comments?post=4506"}],"wp:featuredmedia":[{"embeddable":true,"href":"https:\/\/dogan-otomotiv.com\/index.php\/wp-json\/wp\/v2\/media\/4508"}],"wp:attachment":[{"href":"https:\/\/dogan-otomotiv.com\/index.php\/wp-json\/wp\/v2\/media?parent=4506"}],"wp:term":[{"taxonomy":"product_cat","embeddable":true,"href":"https:\/\/dogan-otomotiv.com\/index.php\/wp-json\/wp\/v2\/product_cat?post=4506"},{"taxonomy":"product_tag","embeddable":true,"href":"https:\/\/dogan-otomotiv.com\/index.php\/wp-json\/wp\/v2\/product_tag?post=4506"}],"curies":[{"name":"wp","href":"https:\/\/api.w.org\/{rel}","templated":true}]}}