{"id":4498,"date":"2020-08-14T09:46:41","date_gmt":"2020-08-14T09:46:41","guid":{"rendered":"https:\/\/dogan-otomotiv.com\/?post_type=product&#038;p=4498"},"modified":"2025-07-05T06:07:10","modified_gmt":"2025-07-05T06:07:10","slug":"5k1941753b-far-zenon-viraj-aydinlatma-sol-vw-golf-2009-2016","status":"publish","type":"product","link":"https:\/\/dogan-otomotiv.com\/index.php\/urun\/5k1941753b-far-zenon-viraj-aydinlatma-sol-vw-golf-2009-2016\/","title":{"rendered":"5K1941753B FAR SOL XENON GOLF VI 2009-2016 OEM YEN\u0130"},"content":{"rendered":"<p>DO\u011eAN OTOMOT\u0130V YEDEK PAR\u00c7A LTD \u015eT\u0130<\/p>\n<p>\u0130VED\u0130K ORGAN\u0130ZE SAN 1471 SOKAK 91-A<\/p>\n<p>OST\u0130M ANKARA<\/p>\n<p>0533 322 16 09 MUSTAFA SAVA\u015e\u00c7I<\/p>\n<p>0 (312) 395 20 95<\/p>\n<p>ONL\u0130NE SATI\u015eIMIZ YOKTUR<\/p>\n<p>NOT 5 G\u00dcN \u0130\u00c7ER\u0130S\u0130NDE \u0130ADES\u0130 OLMAYAN MALZEME GER\u0130 ALINMAZ<\/p>\n<p>Paket i\u00e7eri\u011fi: 1 Adet SATI\u015e F\u0130YATI KDV HAR\u0130\u00c7\u00a0 pe\u015fin fiyat\u0131d\u0131r SAAT 18:00<\/p>\n<p>KADAR VER\u0130LEN \u015e\u0130PAR\u0130\u015e AYNI G\u00dcN KARGO \u0130LE G\u00d6NDER\u0130M\u0130 YAPILIR.<\/p>\n<p>KARGO \u0130ADES\u0130 DURUMUNDA . KARGO \u00dcCRET\u0130 M\u00dc\u015eTER\u0130YE A\u0130TT\u0130R.<\/p>\n<p>AYRICA KARGODA KIRILAN PAR\u00c7ALARDAN SORUMLU DE\u011e\u0130L\u0130Z<\/p>\n","protected":false},"excerpt":{"rendered":"<p>5K1941753B XENON FAR SOL GOLF VI 2009-2016 OEM YEN\u0130<\/p>\n","protected":false},"featured_media":15632,"comment_status":"open","ping_status":"closed","template":"","meta":{"_joinchat":[]},"product_cat":[15],"product_tag":[10875],"class_list":{"0":"post-4498","1":"product","2":"type-product","3":"status-publish","4":"has-post-thumbnail","6":"product_cat-volkswagen","7":"product_tag-5k1941753b-far-sol-xenon-golf-vi-2009-2016-oem-yeni","9":"first","10":"instock","11":"sale","12":"shipping-taxable","13":"purchasable","14":"product-type-simple"},"_links":{"self":[{"href":"https:\/\/dogan-otomotiv.com\/index.php\/wp-json\/wp\/v2\/product\/4498","targetHints":{"allow":["GET"]}}],"collection":[{"href":"https:\/\/dogan-otomotiv.com\/index.php\/wp-json\/wp\/v2\/product"}],"about":[{"href":"https:\/\/dogan-otomotiv.com\/index.php\/wp-json\/wp\/v2\/types\/product"}],"replies":[{"embeddable":true,"href":"https:\/\/dogan-otomotiv.com\/index.php\/wp-json\/wp\/v2\/comments?post=4498"}],"wp:featuredmedia":[{"embeddable":true,"href":"https:\/\/dogan-otomotiv.com\/index.php\/wp-json\/wp\/v2\/media\/15632"}],"wp:attachment":[{"href":"https:\/\/dogan-otomotiv.com\/index.php\/wp-json\/wp\/v2\/media?parent=4498"}],"wp:term":[{"taxonomy":"product_cat","embeddable":true,"href":"https:\/\/dogan-otomotiv.com\/index.php\/wp-json\/wp\/v2\/product_cat?post=4498"},{"taxonomy":"product_tag","embeddable":true,"href":"https:\/\/dogan-otomotiv.com\/index.php\/wp-json\/wp\/v2\/product_tag?post=4498"}],"curies":[{"name":"wp","href":"https:\/\/api.w.org\/{rel}","templated":true}]}}