{"id":4475,"date":"2020-08-13T16:35:18","date_gmt":"2020-08-13T16:35:18","guid":{"rendered":"https:\/\/dogan-otomotiv.com\/?post_type=product&#038;p=4475"},"modified":"2024-02-19T13:11:00","modified_gmt":"2024-02-19T13:11:00","slug":"5c6857552f-guneslik-sag-vw-jetta-13-14-x00","status":"publish","type":"product","link":"https:\/\/dogan-otomotiv.com\/index.php\/urun\/5c6857552f-guneslik-sag-vw-jetta-13-14-x00\/","title":{"rendered":"5C6857552F G\u00dcNE\u015eL\u0130K SA\u011e VW JETTA 11-18 ORJ YEN\u0130"},"content":{"rendered":"<pre>5C6857552F G\u00dcNE\u015eL\u0130K SA\u011e VW JETTA 13-14 X00<\/pre>\n","protected":false},"excerpt":{"rendered":"<p>DO\u011eAN OTOMOT\u0130V YEDEK PAR\u00c7A<\/p>\n<p>SEM\u0130H SAVA\u015e\u00c7I<\/p>\n<p>0 (312) 395 20 95<\/p>\n<p>IBAN NO: TR54 0006 7010 0000 0087 8558 09<\/p>\n<p>YAPI KRED\u0130 BANKASI<\/p>\n<p>\u015eUBE KODU: 0264<\/p>\n<p>HESAP NO: 87855809<\/p>\n<p><b><u>KARGO \u0130ADES\u0130 DURUMUNDA<\/u><\/b><\/p>\n<p><b><u>KARGO \u00dcCRET\u0130 M\u00dc\u015eTER\u0130YE A\u0130TT\u0130R.<\/u><\/b><\/p>\n<p>TOPLU S\u0130PAR\u0130\u015eLER\u0130N\u0130Z \u0130\u00c7\u0130N: doganotoyedekparcavw@gmail.com<\/p>\n<p><a href=\"https:\/\/doganotomotivyedekparca.sahibinden.com\/\" rel=\"nofollow\">https:\/\/doganotomotivyedekparca.sahibinden.com\/<\/a><\/p>\n","protected":false},"featured_media":4478,"comment_status":"open","ping_status":"closed","template":"","meta":{"_joinchat":[]},"product_cat":[15],"product_tag":[3779,3780],"class_list":{"0":"post-4475","1":"product","2":"type-product","3":"status-publish","4":"has-post-thumbnail","6":"product_cat-volkswagen","7":"product_tag-5c6857552f-guneslik-sag-vw-jetta-13-14-x00","8":"product_tag-5c6857552f","10":"first","11":"instock","12":"sale","13":"shipping-taxable","14":"purchasable","15":"product-type-simple"},"_links":{"self":[{"href":"https:\/\/dogan-otomotiv.com\/index.php\/wp-json\/wp\/v2\/product\/4475","targetHints":{"allow":["GET"]}}],"collection":[{"href":"https:\/\/dogan-otomotiv.com\/index.php\/wp-json\/wp\/v2\/product"}],"about":[{"href":"https:\/\/dogan-otomotiv.com\/index.php\/wp-json\/wp\/v2\/types\/product"}],"replies":[{"embeddable":true,"href":"https:\/\/dogan-otomotiv.com\/index.php\/wp-json\/wp\/v2\/comments?post=4475"}],"wp:featuredmedia":[{"embeddable":true,"href":"https:\/\/dogan-otomotiv.com\/index.php\/wp-json\/wp\/v2\/media\/4478"}],"wp:attachment":[{"href":"https:\/\/dogan-otomotiv.com\/index.php\/wp-json\/wp\/v2\/media?parent=4475"}],"wp:term":[{"taxonomy":"product_cat","embeddable":true,"href":"https:\/\/dogan-otomotiv.com\/index.php\/wp-json\/wp\/v2\/product_cat?post=4475"},{"taxonomy":"product_tag","embeddable":true,"href":"https:\/\/dogan-otomotiv.com\/index.php\/wp-json\/wp\/v2\/product_tag?post=4475"}],"curies":[{"name":"wp","href":"https:\/\/api.w.org\/{rel}","templated":true}]}}