{"id":4458,"date":"2020-08-13T15:16:11","date_gmt":"2020-08-13T15:16:11","guid":{"rendered":"https:\/\/dogan-otomotiv.com\/?post_type=product&#038;p=4458"},"modified":"2025-05-02T10:40:42","modified_gmt":"2025-05-02T10:40:42","slug":"7m0907040aq-klima-kontrol-unitesi-vw-sharan-96-00","status":"publish","type":"product","link":"https:\/\/dogan-otomotiv.com\/index.php\/urun\/7m0907040aq-klima-kontrol-unitesi-vw-sharan-96-00\/","title":{"rendered":"7M0907040AQ KL\u0130MA KONTROL \u00dcN\u0130TES\u0130 VW SHARAN 96-00 ORJ \u00c7IKMA"},"content":{"rendered":"<pre>7M0907040AQ KL\u0130MA KONTROL \u00dcN\u0130TES<\/pre>\n<div class=\"\">\n<pre id=\"itemTitle\" class=\"it-ttl\"><span>A149 Klima Kontrol \u00dcnitesi VW SHARAN, FORD GALAXY 7m0 907040 as, 7m0907040as,<\/span><\/pre>\n<\/div>\n<pre>\u0130 VW SHARAN 96-00\r\n\r\n<\/pre>\n","protected":false},"excerpt":{"rendered":"<pre>DO\u011eAN OTOMOT\u0130V YEDEK PAR\u00c7A LTD \u015eT\u0130<\/pre>\n<p>\u0130VED\u0130K ORGAN\u0130ZE SANAY\u0130 1471 SOK 91-A<\/p>\n<p>OST\u0130M ANKARA<\/p>\n<p>SEM\u0130H SAVA\u015e\u00c7I<\/p>\n<p>0 (312) 395 20 95<\/p>\n<p>IBAN NO: TR56 0011 1000 0000 0088 9009 70<\/p>\n<p>F\u0130NANSBANK ENPARA<\/p>\n<p>\u015eUBE KODU: 03663<\/p>\n<p>HESAP NO: 88900970<\/p>\n<p>KARGO \u0130ADES\u0130 DURUMUNDA<\/p>\n<p>KARGO \u00dcCRET\u0130 M\u00dc\u015eTER\u0130YE A\u0130TT\u0130R.<\/p>\n<p>TOPLU S\u0130PAR\u0130\u015eLER\u0130N\u0130Z \u0130\u00c7\u0130N: doganotoyedekparcavw@gmail.com<\/p>\n<p>https:\/\/doganotomotivyedekparca.sahibinden.com\/<\/p>\n","protected":false},"featured_media":4460,"comment_status":"open","ping_status":"closed","template":"","meta":{"_joinchat":[]},"product_cat":[15,25],"product_tag":[3769],"class_list":{"0":"post-4458","1":"product","2":"type-product","3":"status-publish","4":"has-post-thumbnail","6":"product_cat-volkswagen","7":"product_cat-ford","8":"product_tag-7m0907040aq-klima-kontrol-unitesi-vw-sharan-96-00","10":"first","11":"instock","12":"sale","13":"shipping-taxable","14":"purchasable","15":"product-type-simple"},"_links":{"self":[{"href":"https:\/\/dogan-otomotiv.com\/index.php\/wp-json\/wp\/v2\/product\/4458","targetHints":{"allow":["GET"]}}],"collection":[{"href":"https:\/\/dogan-otomotiv.com\/index.php\/wp-json\/wp\/v2\/product"}],"about":[{"href":"https:\/\/dogan-otomotiv.com\/index.php\/wp-json\/wp\/v2\/types\/product"}],"replies":[{"embeddable":true,"href":"https:\/\/dogan-otomotiv.com\/index.php\/wp-json\/wp\/v2\/comments?post=4458"}],"wp:featuredmedia":[{"embeddable":true,"href":"https:\/\/dogan-otomotiv.com\/index.php\/wp-json\/wp\/v2\/media\/4460"}],"wp:attachment":[{"href":"https:\/\/dogan-otomotiv.com\/index.php\/wp-json\/wp\/v2\/media?parent=4458"}],"wp:term":[{"taxonomy":"product_cat","embeddable":true,"href":"https:\/\/dogan-otomotiv.com\/index.php\/wp-json\/wp\/v2\/product_cat?post=4458"},{"taxonomy":"product_tag","embeddable":true,"href":"https:\/\/dogan-otomotiv.com\/index.php\/wp-json\/wp\/v2\/product_tag?post=4458"}],"curies":[{"name":"wp","href":"https:\/\/api.w.org\/{rel}","templated":true}]}}