{"id":4444,"date":"2020-08-12T15:25:56","date_gmt":"2020-08-12T15:25:56","guid":{"rendered":"https:\/\/dogan-otomotiv.com\/?post_type=product&#038;p=4444"},"modified":"2022-11-19T13:33:32","modified_gmt":"2022-11-19T13:33:32","slug":"1h0941295e-far-ayar-motorugolf-3-vento-passat-orj-yeni","status":"publish","type":"product","link":"https:\/\/dogan-otomotiv.com\/index.php\/urun\/1h0941295e-far-ayar-motorugolf-3-vento-passat-orj-yeni\/","title":{"rendered":"1H0941295E Far Ayar Motoru&#8221;Golf 3-Vento-Passat ORJ YEN\u0130"},"content":{"rendered":"<pre>1H0941295E\" Far\" Ayar \"Motoru\"Golf \"3-Vento-Passat\"\r\naudi a4 avant 1.9 tdi (1994 - 2001) 81kw\r\nvolkswagen golf iii 1.6 (1991 - 1998) 74kw\r\nskoda octavia 2 volumi 1.9 tdi (1996 - 2010) 66kw\r\naudi a4 3 volumi 1.8 (1994 - 2001) 92kw\r\nseat ibiza ii 1.4 i (1993 - 1999) 44kw\r\nvolkswagen golf iii 1.6 (1991 - 1998) 55kw\r\nvolkswagen golf iii 1.9 tdi (1991 - 1998) 66kw\r\naudi a4 3 volumi 1.9 tdi (1994 - 2001) 81kw\r\nvolkswagen golf iii 1.9 tdi (1991 - 1998) 81kw\r\naudi a4 3 volumi 1.6 (1994 - 2001) 74kw<\/pre>\n","protected":false},"excerpt":{"rendered":"<p>DO\u011eAN OTOMOT\u0130V YEDEK PAR\u00c7A<br \/>\nSEM\u0130H SAVA\u015e\u00c7I<\/p>\n<p>0 (312) 395 20 95<\/p>\n<p>0533 322 16 09<\/p>\n<p>IBAN NO: TR56 0011 1000 0000 0088 9009 70<\/p>\n<p>F\u0130NANSBANK ENPARA<\/p>\n<p>\u015eUBE KODU: 03663<\/p>\n<p>HESAP NO: 88900970<\/p>\n<p>KARGO \u0130ADES\u0130 DURUMUNDA<\/p>\n<p>KARGO \u00dcCRET\u0130 M\u00dc\u015eTER\u0130YE A\u0130TT\u0130R.<\/p>\n<p>\u015e\u0130PAR\u0130\u015eLER HAKKINDA<\/p>\n<p>L\u00dcTFEN \u015e\u0130PAR\u0130\u015e VERMEK \u0130STED\u0130\u011e\u0130N\u0130Z \u00dcR\u00dcN\u00dcN STOK DURUMUNU SORUNUZ.<\/p>\n<p>T\u00dcRK\u0130YEN\u0130N T\u00dcM \u015eEH\u0130RLER\u0130NE ANLA\u015eMALI KARGOLARIMIZ \u0130LE G\u00d6NDER\u0130M YAPILIR.<\/p>\n<p>SAAT 17:00 KADAR VER\u0130LEN \u015e\u0130PAR\u0130\u015eLER AYNI G\u00dcN KARGO \u0130LE G\u00d6NDER\u0130M\u0130 YAPILIR.<\/p>\n<p>\u00c7IKMA PAR\u00c7A F\u0130YATLARI PAR\u00c7ANIN TEM\u0130ZL\u0130\u011e\u0130NE VE TAM\u0130RS\u0130ZL\u0130\u011e\u0130NE G\u00d6RE DE\u011e\u0130\u015eKENL\u0130K G\u00d6STER\u0130R.<\/p>\n<p>D\u0130\u011eER PAR\u00c7ALAR VE F\u0130YAT B\u0130LG\u0130S\u0130 \u0130\u00c7\u0130N \u0130LET\u0130\u015eME GE\u00c7EB\u0130L\u0130RS\u0130N\u0130Z<\/p>\n","protected":false},"featured_media":4454,"comment_status":"open","ping_status":"closed","template":"","meta":{"_joinchat":[]},"product_cat":[15,24],"product_tag":[8306],"class_list":{"0":"post-4444","1":"product","2":"type-product","3":"status-publish","4":"has-post-thumbnail","6":"product_cat-volkswagen","7":"product_cat-audi","8":"product_tag-1h0941295e-far-ayar-motorugolf-3-vento-passat-orj-yeni","10":"first","11":"instock","12":"sale","13":"shipping-taxable","14":"purchasable","15":"product-type-simple"},"_links":{"self":[{"href":"https:\/\/dogan-otomotiv.com\/index.php\/wp-json\/wp\/v2\/product\/4444","targetHints":{"allow":["GET"]}}],"collection":[{"href":"https:\/\/dogan-otomotiv.com\/index.php\/wp-json\/wp\/v2\/product"}],"about":[{"href":"https:\/\/dogan-otomotiv.com\/index.php\/wp-json\/wp\/v2\/types\/product"}],"replies":[{"embeddable":true,"href":"https:\/\/dogan-otomotiv.com\/index.php\/wp-json\/wp\/v2\/comments?post=4444"}],"wp:featuredmedia":[{"embeddable":true,"href":"https:\/\/dogan-otomotiv.com\/index.php\/wp-json\/wp\/v2\/media\/4454"}],"wp:attachment":[{"href":"https:\/\/dogan-otomotiv.com\/index.php\/wp-json\/wp\/v2\/media?parent=4444"}],"wp:term":[{"taxonomy":"product_cat","embeddable":true,"href":"https:\/\/dogan-otomotiv.com\/index.php\/wp-json\/wp\/v2\/product_cat?post=4444"},{"taxonomy":"product_tag","embeddable":true,"href":"https:\/\/dogan-otomotiv.com\/index.php\/wp-json\/wp\/v2\/product_tag?post=4444"}],"curies":[{"name":"wp","href":"https:\/\/api.w.org\/{rel}","templated":true}]}}