{"id":4430,"date":"2020-08-12T14:02:09","date_gmt":"2020-08-12T14:02:09","guid":{"rendered":"https:\/\/dogan-otomotiv.com\/?post_type=product&#038;p=4430"},"modified":"2024-10-01T06:56:55","modified_gmt":"2024-10-01T06:56:55","slug":"052141025nderiyaj-baski-plakasi-190mm-14-vw-golf-jetta-1986","status":"publish","type":"product","link":"https:\/\/dogan-otomotiv.com\/index.php\/urun\/052141025nderiyaj-baski-plakasi-190mm-14-vw-golf-jetta-1986\/","title":{"rendered":"052141025N DER\u0130YAJ BASKI 190MM-1,4 VW GOLF\/JETTA 1986 ORJ YEN\u0130"},"content":{"rendered":"<p>Marka ve Modeller: SEAT AROSA 1.0 PETROL 5 \/ 97-6 \/ 04<br \/>\nPar\u00e7a Numaras\u0131: 3082168231 ve 3082 168 231<br \/>\nAra\u00e7 Tipleri: &#8211;<br \/>\nMotor Kodlar\u0131: AER, ALD, ALL, ANV, AUC<br \/>\nG\u00f6vde Tipleri: Hatchback<br \/>\nCC: 999<br \/>\nValfler: 2<br \/>\nBhp : 50<br \/>\nSilindir: 4<br \/>\nS\u00fcr\u00fcc\u00fc: &#8211;<br \/>\nOE Referanslar\u0131: 052141025D, 052141025F, 052141025M, 052141025Q, 052141025P, 052141025D, 052141025F, 052141025P, 052141025N, 052141025J, 052141025Q, 052141025L, 052141025J, 052141025Q, 052141025<br \/>\nAT AROSA (6H) 1.0 05\/1997 &#8211;<br \/>\n06\/2004 7992 37 50 AUC; ALD; AER; ALL; ANV Hatchback<br \/>\nSEAT CORDOBA (6K1, 6K2) 1.0 i 09\/1996 &#8211;<br \/>\n10\/2002 7992 37 50 AUC; ALD; AER; ANV Sedan<br \/>\nSEAT CORDOBA (6K1, 6K2) 1.0 i 09\/1996 &#8211;<br \/>\n10\/2002 7992 37 50 AUC; ALD; AER; ANV Sedan<br \/>\nSEAT CORDOBA (6K1, 6K2) 1.4 i 06\/1994 &#8211;<br \/>\n10\/2002 11120 44 60 AKV; ABD; APQ; AKK; AUD; AEX; ANW Sedan<br \/>\nSEAT CORDOBA (6K1, 6K2) 1.4 i 06\/1994 &#8211;<br \/>\n10\/2002 11120 44 60 AKV; ABD; APQ; AKK; AUD; AEX; ANW Sedan<br \/>\nSEAT CORDOBA Vario (6K5) 1.4 i 09\/1996 &#8211;<br \/>\n12\/2002 11120 44 60 AKV; APQ; AKK; AUD; AEX; ANW Wagon<br \/>\nSEAT IBIZA II (6K1) 1.0 03\/1993 &#8211;<br \/>\n09\/1996 8344 33 45 AAU Hatchback<br \/>\nSEAT IBIZA II (6K1) 1.0 i 09\/1996 &#8211;<br \/>\n02\/2002 7992 37 50 AUC; ALD; AER; ANV Hatchback<br \/>\nSEAT IBIZA II (6K1) 1.3 i 03\/1993 &#8211;<br \/>\n08\/1999 10176 40 54 2G; AAV Hatchback<br \/>\nSEAT IBIZA II (6K1) 1.4 i 09\/1993 &#8211;<br \/>\n02\/2002 11120 44 60 AKV; ABD; APQ; AKK; AUD; AEX; ANW Hatchback<br \/>\nSEAT INCA (6K9) 1.4 i 11\/1995 &#8211;<br \/>\n06\/2003 11120 44 60 AKV; APQ; AUD; AEX Box<br \/>\nSEAT TERRA (24) 1.3 D 03\/1990 &#8211;<br \/>\n12\/1994 10176 33 45 MN Wagon<br \/>\nSEAT TERRA (24) 1.4 D 10\/1990 &#8211;<br \/>\n12\/1995 11184 35 48 1 W Wagon<br \/>\nVW CADDY II Box (9K9A) 60 1.4 11\/1995 &#8211;<br \/>\n01\/2004 11120 44 60 AEX; AUD; APQ Box<br \/>\nVW CADDY II Estate (9K9B) 1.4 11\/1995 &#8211;<br \/>\n01\/2004 11120 44 60 AKV; AUD; APQ; AEX Wagon<br \/>\nVW DERBY (86C, 80) 1.0 10\/1981 &#8211;<br \/>\n12\/1984 8344 29 40 GL Sedan<br \/>\nVW DERBY (86C, 80) 1.0 10\/1981 &#8211;<br \/>\n12\/1984 8344 29 40 GL Sedan<br \/>\nVW DERBY (86C, 80) 1.3 09\/1982 &#8211;<br \/>\n12\/1984 10176 55 75 GK Sedan<br \/>\nVW DERBY (86C, 80) 1.3 09\/1982 &#8211;<br \/>\n12\/1984 10176 55 75 GK Sedan<br \/>\nVW GOLF I Cabriolet (155) 1.3 08\/1983 &#8211;<br \/>\n07\/1986 10176 40 54 HK Convertible<br \/>\nVW GOLF II (19E, 1G1) 1.0 08\/1985 &#8211;<br \/>\n10\/1991 8344 37 50 HZ Hatchback<br \/>\nVW GOLF II (19E, 1G1) 1.0 08\/1985 &#8211;<br \/>\n10\/1991 8344 37 50 HZ Hatchback<br \/>\nVW GOLF II (19E, 1G1) 1.3 08\/1983 &#8211;<br \/>\n06\/1987 10176 40 55 HK; MH Hatchback<br \/>\nVW GOLF II (19E, 1G1) 1.3 08\/1983 &#8211;<br \/>\n06\/1987 10176 40 55 HK; MH Hatchback<br \/>\nVW GOLF II (19E, 1G1) 1.3 08\/1985 &#8211;<br \/>\n12\/1987 10176 37 50 NU Hatchback<br \/>\nVW GOLF II (19E, 1G1) 1.3 08\/1985 &#8211;<br \/>\n12\/1987 10176 37 50 NU Hatchback<br \/>\nVW GOLF II (19E, 1G1) 1.3 08\/1983 &#8211;<br \/>\n10\/1986 10176 43 58 GT Hatchback<br \/>\nVW GOLF II (19E, 1G1) 1.3 08\/1983 &#8211;<br \/>\n10\/1986 10176 43 58 GT Hatchback<br \/>\nVW GOLF II (19E, 1G1) 1.3 Cat 06\/1986 &#8211;<br \/>\n12\/1992 10176 40 55 2G; MH; NZ Hatchback<br \/>\nVW GOLF II (19E, 1G1) 1.3 Cat 06\/1986 &#8211;<br \/>\n12\/1992 10176 40 55 2G; MH; NZ Hatchback<br \/>\nVW GOLF III (1H1) 1.3 08\/1991 &#8211;<br \/>\n07\/1992 10176 40 54 2G Hatchback<br \/>\nVW GOLF III (1H1) 1.4 11\/1991 &#8211;<br \/>\n08\/1997 11120 40 55 ABD; AEX Hatchback<br \/>\nVW GOLF III (1H1) 1.4 10\/1991 &#8211;<br \/>\n08\/1997 11120 44 60 ABD; AEX Hatchback<br \/>\nVW GOLF III Variant (1H5) 1.4 07\/1993 &#8211;<br \/>\n04\/1999 11120 40 55 ABD Wagon<br \/>\nVW GOLF III Variant (1H5) 1.4 07\/1993 &#8211;<br \/>\n04\/1999 11120 44 60 ABD; AEX; APQ Wagon<br \/>\nVW JETTA II (19E, 1G2, 165) 1.3 01\/1984 &#8211;<br \/>\n10\/1986 10176 43 58 GT Sedan<br \/>\nVW JETTA II (19E, 1G2, 165) 1.3 01\/1984 &#8211;<br \/>\n10\/1986 10176 43 58 GT Sedan<br \/>\nVW JETTA II (19E, 1G2, 165) 1.3 01\/1984 &#8211;<br \/>\n10\/1986 10176 43 58 GT Sedan<br \/>\nVW JETTA II (19E, 1G2, 165) 1.3 01\/1984 &#8211;<br \/>\n06\/1987 10176 40 55 HK; MH Sedan<br \/>\nVW JETTA II (19E, 1G2, 165) 1.3 01\/1984 &#8211;<br \/>\n06\/1987 10176 40 55 HK; MH Sedan<br \/>\nVW JETTA II (19E, 1G2, 165) 1.3 01\/1984 &#8211;<br \/>\n06\/1987 10176 40 55 HK; MH Sedan<br \/>\nVW JETTA II (19E, 1G2, 165) 1.3 Cat 06\/1987 &#8211;<br \/>\n12\/1991 10176 40 55 2G; MH; NZ Sedan<br \/>\nVW JETTA II (19E, 1G2, 165) 1.3 Cat 06\/1987 &#8211;<br \/>\n12\/1991 10176 40 55 2G; MH; NZ Sedan<br \/>\nVW JETTA II (19E, 1G2, 165) 1.3 Cat 06\/1987 &#8211;<br \/>\n12\/1991 10176 40 55 2G; MH; NZ Sedan<br \/>\nVW LUPO (6X1, 6E1) 1.0 09\/1998 &#8211;<br \/>\n07\/2005 7992 37 50 AUC; ALD; AER; ALL; ANV Hatchback<br \/>\nVW LUPO (6X1, 6E1) 1.0 09\/1998 &#8211;<br \/>\n07\/2005 7992 37 50 AUC; ALD; AER; ALL; ANV Hatchback<br \/>\nVW POLO (6N1) 45 1.0 10\/1994 &#8211;<br \/>\n09\/1996 8344 33 45 AEV Hatchback<br \/>\nVW POLO (6N1) 50 1.0 09\/1996 &#8211;<br \/>\n10\/1999 7992 37 50 AER; ALL Hatchback<br \/>\nVW POLO (6N1) 55 1.3 10\/1994 &#8211;<br \/>\n07\/1995 10368 40 55 ADX Hatchback<br \/>\nVW POLO (6N2) 1.0 10\/1999 &#8211;<br \/>\n09\/2001 7992 37 50 AUC; ALD Hatchback<br \/>\nVW POLO (86C, 80) 1.0 10\/1981 &#8211;<br \/>\n10\/1986 8344 29 40 GL Hatchback<br \/>\nVW POLO (86C, 80) 1.0 10\/1981 &#8211;<br \/>\n10\/1986 8344 29 40 GL Hatchback<br \/>\nVW POLO (86C, 80) 1.0 08\/1985 &#8211;<br \/>\n01\/1992 8344 33 45 HZ Hatchback<br \/>\nVW POLO (86C, 80) 1.0 08\/1985 &#8211;<br \/>\n01\/1992 8344 33 45 HZ Hatchback<br \/>\nVW POLO (86C, 80) 1.0 Cat 08\/1989 &#8211;<br \/>\n09\/1994 8344 33 45 AAK; AAU; ACM Hatchback<br \/>\nVW POLO (86C, 80) 1.0 Cat 08\/1989 &#8211;<br \/>\n09\/1994 8344 33 45 AAK; AAU; ACM Hatchback<br \/>\nVW POLO (86C, 80) 1.3 08\/1983 &#8211;<br \/>\n07\/1988 10176 40 55 HK; MH Hatchback<br \/>\nVW POLO (86C, 80) 1.3 08\/1983 &#8211;<br \/>\n07\/1988 10176 40 55 HK; MH Hatchback<br \/>\nVW POLO (86C, 80) 1.3 09\/1982 &#8211;<br \/>\n09\/1989 10176 55 75 GK Hatchback<br \/>\nVW POLO (86C, 80) 1.3 09\/1982 &#8211;<br \/>\n09\/1989 10176 55 75 GK Hatchback<br \/>\nVW POLO (86C, 80) 1.3 Cat 07\/1987 &#8211;<br \/>\n09\/1994 10176 40 55 2G; AAV; MH; NZ Hatchback<br \/>\nVW POLO (86C, 80) 1.3 Cat 07\/1987 &#8211;<br \/>\n09\/1994 10176 40 55 2G; AAV; MH; NZ Hatchback<br \/>\nVW POLO (86C, 80) 1.3 Cat 10\/1989 &#8211;<br \/>\n03\/1991 10176 55 75 3F Hatchback<br \/>\nVW POLO (86C, 80) 1.3 Cat 10\/1989 &#8211;<br \/>\n03\/1991 10176 55 75 3F Hatchback<br \/>\nVW POLO (86C, 80) 1.3 D 08\/1986 &#8211;<br \/>\n07\/1990 10176 33 45 MN Hatchback<br \/>\nVW POLO (86C, 80) 1.3 D 08\/1986 &#8211;<br \/>\n07\/1990 10176 33 45 MN Hatchback<br \/>\nVW POLO (86C, 80) 1.4 D 10\/1990 &#8211;<br \/>\n09\/1994 11184 35 48 1W Hatchback<br \/>\nVW POLO (86C, 80) 1.4 D 10\/1990 &#8211;<br \/>\n09\/1994 11184 35 48 1W Hatchback<br \/>\nVW POLO Box (86CF) 1.0 08\/1992 &#8211;<br \/>\n07\/1994 8344 33 45 AAU Box<br \/>\nVW POLO Box (86CF) 1.3 08\/1992 &#8211;<br \/>\n07\/1994 10176 40 54 AAV Box<br \/>\nVW POLO Box (86CF) 1.4 D 08\/1992 &#8211;<br \/>\n07\/1994 11184 35 48 1W Box<br \/>\nVW POLO CLASSIC (6V2) 60 1.4 12\/1995 &#8211;<br \/>\n09\/2001 11120 44 60 AKV; AKK; AUD; APQ; AEX; ANW Sedan<br \/>\nVW POLO CLASSIC (86C, 80) 1.0 01\/1985 &#8211;<br \/>\n10\/1986 8344 29 40 GL Sedan<br \/>\nVW POLO CLASSIC (86C, 80) 1.0 01\/1985 &#8211;<br \/>\n10\/1986 8344 29 40 GL Sedan<br \/>\nVW POLO CLASSIC (86C, 80) 1.0 01\/1985 &#8211;<br \/>\n09\/1994 8344 33 45 AAK; HZ; AAU Sedan<br \/>\nVW POLO CLASSIC (86C, 80) 1.0 01\/1985 &#8211;<br \/>\n09\/1994 8344 33 45 AAK; HZ; AAU Sedan<br \/>\nVW POLO CLASSIC (86C, 80) 1.3 01\/1985 &#8211;<br \/>\n07\/1987 10176 40 55 HK; MH Sedan<br \/>\nVW POLO CLASSIC (86C, 80) 1.3 01\/1985 &#8211;<br \/>\n07\/1987 10176 40 55 HK; MH Sedan<br \/>\nVW POLO CLASSIC (86C, 80) 1.3 Cat 07\/1987 &#8211;<br \/>\n09\/1994 10176 40 55 MH; NZ Sedan<br \/>\nVW POLO CLASSIC (86C, 80) 1.3 Cat 07\/1987 &#8211;<br \/>\n09\/1994 10176 40 55 MH; NZ Sedan<br \/>\nVW POLO CLASSIC (86C, 80) 1.3 D 08\/1986 &#8211;<br \/>\n12\/1988 10176 33 45 MN Sedan<br \/>\nVW POLO CLASSIC (86C, 80) 1.3 D 08\/1986 &#8211;<br \/>\n12\/1988 10176 33 45 MN Sedan<br \/>\nVW POLO CLASSIC (86C, 80) 1.4 D 10\/1990 &#8211;<br \/>\n09\/1994 11184 35 48 1W Sedan<br \/>\nVW POLO CLASSIC (86C, 80) 1.4 D 10\/1990 &#8211;<br \/>\n09\/1994 11184 35 48 1W Sedan<br \/>\nVW POLO Coupe (86C, 80) 1.0 05\/1982 &#8211;<br \/>\n10\/1986 8344 29 40 GL Coupe<br \/>\nVW POLO Coupe (86C, 80) 1.0 05\/1982 &#8211;<br \/>\n10\/1986 8344 29 40 GL Coupe<br \/>\nVW POLO Coupe (86C, 80) 1.0 08\/1985 &#8211;<br \/>\n01\/1992 8344 33 45 HZ Coupe<br \/>\nVW POLO Coupe (86C, 80) 1.0 08\/1985 &#8211;<br \/>\n01\/1992 8344 33 45 HZ Coupe<br \/>\nVW POLO Coupe (86C, 80) 1.0 Cat 08\/1989 &#8211;<br \/>\n09\/1994 8344 33 45 AAK; AAU; ACM Coupe<br \/>\nVW POLO Coupe (86C, 80) 1.0 Cat 08\/1989 &#8211;<br \/>\n09\/1994 8344 33 45 AAK; AAU; ACM Coupe<br \/>\nVW POLO Coupe (86C, 80) 1.3 08\/1983 &#8211;<br \/>\n06\/1987 10176 40 55 HK; MH Coupe<br \/>\nVW POLO Coupe (86C, 80) 1.3 08\/1983 &#8211;<br \/>\n06\/1987 10176 40 55 HK; MH Coupe<br \/>\nVW POLO Coupe (86C, 80) 1.3 09\/1982 &#8211;<br \/>\n09\/1989 10176 55 75 GK Coupe<br \/>\nVW POLO Coupe (86C, 80) 1.3 09\/1982 &#8211;<br \/>\n09\/1989 10176 55 75 GK Coupe<br \/>\nVW POLO Coupe (86C, 80) 1.3 Cat 07\/1987 &#8211;<br \/>\n08\/1994 10176 40 55 2G; AAV; MH; NZ Coupe<br \/>\nVW POLO Coupe (86C, 80) 1.3 Cat 07\/1987 &#8211;<br \/>\n08\/1994 10176 40 55 2G; AAV; MH; NZ Coupe<br \/>\nVW POLO Coupe (86C, 80) 1.3 Cat 10\/1989 &#8211;<br \/>\n09\/1994 10176 55 75 3F Coupe<br \/>\nVW POLO Coupe (86C, 80) 1.3 Cat 10\/1989 &#8211;<br \/>\n09\/1994 10176 55 75 3F Coupe<br \/>\nVW POLO Coupe (86C, 80) 1.3 D 08\/1986 &#8211;<br \/>\n08\/1990 10176 33 45 MN Coupe<br \/>\nVW POLO Coupe (86C, 80) 1.3 D 08\/1986 &#8211;<br \/>\n08\/1990 10176 33 45 MN Coupe<br \/>\nVW POLO Coupe (86C, 80) 1.4 D 08\/1990 &#8211;<br \/>\n09\/1994 11184 35 48 1W Coupe<br \/>\nVW POLO Coupe (86C, 80) 1.4 D 08\/1990 &#8211;<br \/>\n09\/1994 11184 35 48 1W Coupe<br \/>\nVW POLO Van Box Body \/ Hatchback (6N1) 1.0 10\/1994 &#8211;<br \/>\n12\/1999 8344 33 45 AEV Box Body \/ Hatchback<br \/>\nVW POLO Variant (6V5) 1.4 05\/1997 &#8211;<br \/>\n09\/2001 11120 44 60 AKV; AKK; AUD; APQ; AEX; ANW Wagon<br \/>\nVW VENTO (1H2) 1.4 11\/1991 &#8211;<br \/>\n09\/1998 11120 40 55 ABD; AEX Sedan<br \/>\nVW VENTO (1H2) 1.4 11\/1991 &#8211;<br \/>\n09\/1998 11120 44 60 ABD; AEX Sedan<br \/>\nSHIPPING INFORMATION<\/p>\n","protected":false},"excerpt":{"rendered":"<p>AT AROSA (6H) 1.0 05\/1997 &#8211;<br \/>\n06\/2004 7992 37 50 AUC; ALD; AER; ALL; ANV Hatchback<br \/>\nSEAT CORDOBA (6K1, 6K2) 1.0 i 09\/1996 &#8211;<br \/>\n10\/2002 7992 37 50 AUC; ALD; AER; ANV Sedan<br \/>\nSEAT CORDOBA (6K1, 6K2) 1.0 i 09\/1996 &#8211;<br \/>\n10\/2002 7992 37 50 AUC; ALD; AER; ANV Sedan<br \/>\nSEAT CORDOBA (6K1, 6K2) 1.4 i 06\/1994 &#8211;<br \/>\n10\/2002 11120 44 60 AKV; ABD; APQ; AKK; AUD; AEX; ANW Sedan<br \/>\nSEAT CORDOBA (6K1, 6K2) 1.4 i 06\/1994 &#8211;<br \/>\n10\/2002 11120 44 60 AKV; ABD; APQ; AKK; AUD; AEX; ANW Sedan<br \/>\nSEAT CORDOBA Vario (6K5) 1.4 i 09\/1996 &#8211;<br \/>\n12\/2002 11120 44 60 AKV; APQ; AKK; AUD; AEX; ANW Wagon<br \/>\nSEAT IBIZA II (6K1) 1.0 03\/1993 &#8211;<br \/>\n09\/1996 8344 33 45 AAU Hatchback<br \/>\nSEAT IBIZA II (6K1) 1.0 i 09\/1996 &#8211;<br \/>\n02\/2002 7992 37 50 AUC; ALD; AER; ANV Hatchback<br \/>\nSEAT IBIZA II (6K1) 1.3 i 03\/1993 &#8211;<br \/>\n08\/1999 10176 40 54 2G; AAV Hatchback<br \/>\nSEAT IBIZA II (6K1) 1.4 i 09\/1993 &#8211;<br \/>\n02\/2002 11120 44 60 AKV; ABD; APQ; AKK; AUD; AEX; ANW Hatchback<br \/>\nSEAT INCA (6K9) 1.4 i 11\/1995 &#8211;<br \/>\n06\/2003 11120 44 60 AKV; APQ; AUD; AEX Box<br \/>\nSEAT TERRA (24) 1.3 D 03\/1990 &#8211;<br \/>\n12\/1994 10176 33 45 MN Wagon<br \/>\nSEAT TERRA (24) 1.4 D 10\/1990 &#8211;<br \/>\n12\/1995 11184 35 48 1 W Wagon<br \/>\nVW CADDY II Box (9K9A) 60 1.4 11\/1995 &#8211;<br \/>\n01\/2004 11120 44 60 AEX; AUD; APQ Box<br \/>\nVW CADDY II Estate (9K9B) 1.4 11\/1995 &#8211;<br \/>\n01\/2004 11120 44 60 AKV; AUD; APQ; AEX Wagon<br \/>\nVW DERBY (86C, 80) 1.0 10\/1981 &#8211;<br \/>\n12\/1984 8344 29 40 GL Sedan<br \/>\nVW DERBY (86C, 80) 1.0 10\/1981 &#8211;<br \/>\n12\/1984 8344 29 40 GL Sedan<br \/>\nVW DERBY (86C, 80) 1.3 09\/1982 &#8211;<br \/>\n12\/1984 10176 55 75 GK Sedan<br \/>\nVW DERBY (86C, 80) 1.3 09\/1982 &#8211;<br \/>\n12\/1984 10176 55 75 GK Sedan<br \/>\nVW GOLF I Cabriolet (155) 1.3 08\/1983 &#8211;<br \/>\n07\/1986 10176 40 54 HK Convertible<br \/>\nVW GOLF II (19E, 1G1) 1.0 08\/1985 &#8211;<br \/>\n10\/1991 8344 37 50 HZ Hatchback<br \/>\nVW GOLF II (19E, 1G1) 1.0 08\/1985 &#8211;<br \/>\n10\/1991 8344 37 50 HZ Hatchback<br \/>\nVW GOLF II (19E, 1G1) 1.3 08\/1983 &#8211;<br \/>\n06\/1987 10176 40 55 HK; MH Hatchback<br \/>\nVW GOLF II (19E, 1G1) 1.3 08\/1983 &#8211;<br \/>\n06\/1987 10176 40 55 HK; MH Hatchback<br \/>\nVW GOLF II (19E, 1G1) 1.3 08\/1985 &#8211;<br \/>\n12\/1987 10176 37 50 NU Hatchback<br \/>\nVW GOLF II (19E, 1G1) 1.3 08\/1985 &#8211;<br \/>\n12\/1987 10176 37 50 NU Hatchback<br \/>\nVW GOLF II (19E, 1G1) 1.3 08\/1983 &#8211;<br \/>\n10\/1986 10176 43 58 GT Hatchback<br \/>\nVW GOLF II (19E, 1G1) 1.3 08\/1983 &#8211;<br \/>\n10\/1986 10176 43 58 GT Hatchback<br \/>\nVW GOLF II (19E, 1G1) 1.3 Cat 06\/1986 &#8211;<br \/>\n12\/1992 10176 40 55 2G; MH; NZ Hatchback<br \/>\nVW GOLF II (19E, 1G1) 1.3 Cat 06\/1986 &#8211;<br \/>\n12\/1992 10176 40 55 2G; MH; NZ Hatchback<br \/>\nVW GOLF III (1H1) 1.3 08\/1991 &#8211;<br \/>\n07\/1992 10176 40 54 2G Hatchback<br \/>\nVW GOLF III (1H1) 1.4 11\/1991 &#8211;<br \/>\n08\/1997 11120 40 55 ABD; AEX Hatchback<br \/>\nVW GOLF III (1H1) 1.4 10\/1991 &#8211;<br \/>\n08\/1997 11120 44 60 ABD; AEX Hatchback<br \/>\nVW GOLF III Variant (1H5) 1.4 07\/1993 &#8211;<br \/>\n04\/1999 11120 40 55 ABD Wagon<br \/>\nVW GOLF III Variant (1H5) 1.4 07\/1993 &#8211;<br \/>\n04\/1999 11120 44 60 ABD; AEX; APQ Wagon<br \/>\nVW JETTA II (19E, 1G2, 165) 1.3 01\/1984 &#8211;<br \/>\n10\/1986 10176 43 58 GT Sedan<br \/>\nVW JETTA II (19E, 1G2, 165) 1.3 01\/1984 &#8211;<br \/>\n10\/1986 10176 43 58 GT Sedan<br \/>\nVW JETTA II (19E, 1G2, 165) 1.3 01\/1984 &#8211;<br \/>\n10\/1986 10176 43 58 GT Sedan<br \/>\nVW JETTA II (19E, 1G2, 165) 1.3 01\/1984 &#8211;<br \/>\n06\/1987 10176 40 55 HK; MH Sedan<br \/>\nVW JETTA II (19E, 1G2, 165) 1.3 01\/1984 &#8211;<br \/>\n06\/1987 10176 40 55 HK; MH Sedan<br \/>\nVW JETTA II (19E, 1G2, 165) 1.3 01\/1984 &#8211;<br \/>\n06\/1987 10176 40 55 HK; MH Sedan<br \/>\nVW JETTA II (19E, 1G2, 165) 1.3 Cat 06\/1987 &#8211;<br \/>\n12\/1991 10176 40 55 2G; MH; NZ Sedan<br \/>\nVW JETTA II (19E, 1G2, 165) 1.3 Cat 06\/1987 &#8211;<br \/>\n12\/1991 10176 40 55 2G; MH; NZ Sedan<br \/>\nVW JETTA II (19E, 1G2, 165) 1.3 Cat 06\/1987 &#8211;<br \/>\n12\/1991 10176 40 55 2G; MH; NZ Sedan<br \/>\nVW LUPO (6X1, 6E1) 1.0 09\/1998 &#8211;<br \/>\n07\/2005 7992 37 50 AUC; ALD; AER; ALL; ANV Hatchback<br \/>\nVW LUPO (6X1, 6E1) 1.0 09\/1998 &#8211;<br \/>\n07\/2005 7992 37 50 AUC; ALD; AER; ALL; ANV Hatchback<br \/>\nVW POLO (6N1) 45 1.0 10\/1994 &#8211;<br \/>\n09\/1996 8344 33 45 AEV Hatchback<br \/>\nVW POLO (6N1) 50 1.0 09\/1996 &#8211;<br \/>\n10\/1999 7992 37 50 AER; ALL Hatchback<br \/>\nVW POLO (6N1) 55 1.3 10\/1994 &#8211;<br \/>\n07\/1995 10368 40 55 ADX Hatchback<br \/>\nVW POLO (6N2) 1.0 10\/1999 &#8211;<br \/>\n09\/2001 7992 37 50 AUC; ALD Hatchback<br \/>\nVW POLO (86C, 80) 1.0 10\/1981 &#8211;<br \/>\n10\/1986 8344 29 40 GL Hatchback<br \/>\nVW POLO (86C, 80) 1.0 10\/1981 &#8211;<br \/>\n10\/1986 8344 29 40 GL Hatchback<br \/>\nVW POLO (86C, 80) 1.0 08\/1985 &#8211;<br \/>\n01\/1992 8344 33 45 HZ Hatchback<br \/>\nVW POLO (86C, 80) 1.0 08\/1985 &#8211;<br \/>\n01\/1992 8344 33 45 HZ Hatchback<br \/>\nVW POLO (86C, 80) 1.0 Cat 08\/1989 &#8211;<br \/>\n09\/1994 8344 33 45 AAK; AAU; ACM Hatchback<br \/>\nVW POLO (86C, 80) 1.0 Cat 08\/1989 &#8211;<br \/>\n09\/1994 8344 33 45 AAK; AAU; ACM Hatchback<br \/>\nVW POLO (86C, 80) 1.3 08\/1983 &#8211;<br \/>\n07\/1988 10176 40 55 HK; MH Hatchback<br \/>\nVW POLO (86C, 80) 1.3 08\/1983 &#8211;<br \/>\n07\/1988 10176 40 55 HK; MH Hatchback<br \/>\nVW POLO (86C, 80) 1.3 09\/1982 &#8211;<br \/>\n09\/1989 10176 55 75 GK Hatchback<br \/>\nVW POLO (86C, 80) 1.3 09\/1982 &#8211;<br \/>\n09\/1989 10176 55 75 GK Hatchback<br \/>\nVW POLO (86C, 80) 1.3 Cat 07\/1987 &#8211;<br \/>\n09\/1994 10176 40 55 2G; AAV; MH; NZ Hatchback<br \/>\nVW POLO (86C, 80) 1.3 Cat 07\/1987 &#8211;<br \/>\n09\/1994 10176 40 55 2G; AAV; MH; NZ Hatchback<br \/>\nVW POLO (86C, 80) 1.3 Cat 10\/1989 &#8211;<br \/>\n03\/1991 10176 55 75 3F Hatchback<br \/>\nVW POLO (86C, 80) 1.3 Cat 10\/1989 &#8211;<br \/>\n03\/1991 10176 55 75 3F Hatchback<br \/>\nVW POLO (86C, 80) 1.3 D 08\/1986 &#8211;<br \/>\n07\/1990 10176 33 45 MN Hatchback<br \/>\nVW POLO (86C, 80) 1.3 D 08\/1986 &#8211;<br \/>\n07\/1990 10176 33 45 MN Hatchback<br \/>\nVW POLO (86C, 80) 1.4 D 10\/1990 &#8211;<br \/>\n09\/1994 11184 35 48 1W Hatchback<br \/>\nVW POLO (86C, 80) 1.4 D 10\/1990 &#8211;<br \/>\n09\/1994 11184 35 48 1W Hatchback<br \/>\nVW POLO Box (86CF) 1.0 08\/1992 &#8211;<br \/>\n07\/1994 8344 33 45 AAU Box<br \/>\nVW POLO Box (86CF) 1.3 08\/1992 &#8211;<br \/>\n07\/1994 10176 40 54 AAV Box<br \/>\nVW POLO Box (86CF) 1.4 D 08\/1992 &#8211;<br \/>\n07\/1994 11184 35 48 1W Box<br \/>\nVW POLO CLASSIC (6V2) 60 1.4 12\/1995 &#8211;<br \/>\n09\/2001 11120 44 60 AKV; AKK; AUD; APQ; AEX; ANW Sedan<br \/>\nVW POLO CLASSIC (86C, 80) 1.0 01\/1985 &#8211;<br \/>\n10\/1986 8344 29 40 GL Sedan<br \/>\nVW POLO CLASSIC (86C, 80) 1.0 01\/1985 &#8211;<br \/>\n10\/1986 8344 29 40 GL Sedan<br \/>\nVW POLO CLASSIC (86C, 80) 1.0 01\/1985 &#8211;<br \/>\n09\/1994 8344 33 45 AAK; HZ; AAU Sedan<br \/>\nVW POLO CLASSIC (86C, 80) 1.0 01\/1985 &#8211;<br \/>\n09\/1994 8344 33 45 AAK; HZ; AAU Sedan<br \/>\nVW POLO CLASSIC (86C, 80) 1.3 01\/1985 &#8211;<br \/>\n07\/1987 10176 40 55 HK; MH Sedan<br \/>\nVW POLO CLASSIC (86C, 80) 1.3 01\/1985 &#8211;<br \/>\n07\/1987 10176 40 55 HK; MH Sedan<br \/>\nVW POLO CLASSIC (86C, 80) 1.3 Cat 07\/1987 &#8211;<br \/>\n09\/1994 10176 40 55 MH; NZ Sedan<br \/>\nVW POLO CLASSIC (86C, 80) 1.3 Cat 07\/1987 &#8211;<br \/>\n09\/1994 10176 40 55 MH; NZ Sedan<br \/>\nVW POLO CLASSIC (86C, 80) 1.3 D 08\/1986 &#8211;<br \/>\n12\/1988 10176 33 45 MN Sedan<br \/>\nVW POLO CLASSIC (86C, 80) 1.3 D 08\/1986 &#8211;<br \/>\n12\/1988 10176 33 45 MN Sedan<br \/>\nVW POLO CLASSIC (86C, 80) 1.4 D 10\/1990 &#8211;<br \/>\n09\/1994 11184 35 48 1W Sedan<br \/>\nVW POLO CLASSIC (86C, 80) 1.4 D 10\/1990 &#8211;<br \/>\n09\/1994 11184 35 48 1W Sedan<br \/>\nVW POLO Coupe (86C, 80) 1.0 05\/1982 &#8211;<br \/>\n10\/1986 8344 29 40 GL Coupe<br \/>\nVW POLO Coupe (86C, 80) 1.0 05\/1982 &#8211;<br \/>\n10\/1986 8344 29 40 GL Coupe<br \/>\nVW POLO Coupe (86C, 80) 1.0 08\/1985 &#8211;<br \/>\n01\/1992 8344 33 45 HZ Coupe<br \/>\nVW POLO Coupe (86C, 80) 1.0 08\/1985 &#8211;<br \/>\n01\/1992 8344 33 45 HZ Coupe<br \/>\nVW POLO Coupe (86C, 80) 1.0 Cat 08\/1989 &#8211;<br \/>\n09\/1994 8344 33 45 AAK; AAU; ACM Coupe<br \/>\nVW POLO Coupe (86C, 80) 1.0 Cat 08\/1989 &#8211;<br \/>\n09\/1994 8344 33 45 AAK; AAU; ACM Coupe<br \/>\nVW POLO Coupe (86C, 80) 1.3 08\/1983 &#8211;<br \/>\n06\/1987 10176 40 55 HK; MH Coupe<br \/>\nVW POLO Coupe (86C, 80) 1.3 08\/1983 &#8211;<br \/>\n06\/1987 10176 40 55 HK; MH Coupe<br \/>\nVW POLO Coupe (86C, 80) 1.3 09\/1982 &#8211;<br \/>\n09\/1989 10176 55 75 GK Coupe<br \/>\nVW POLO Coupe (86C, 80) 1.3 09\/1982 &#8211;<br \/>\n09\/1989 10176 55 75 GK Coupe<br \/>\nVW POLO Coupe (86C, 80) 1.3 Cat 07\/1987 &#8211;<br \/>\n08\/1994 10176 40 55 2G; AAV; MH; NZ Coupe<br \/>\nVW POLO Coupe (86C, 80) 1.3 Cat 07\/1987 &#8211;<br \/>\n08\/1994 10176 40 55 2G; AAV; MH; NZ Coupe<br \/>\nVW POLO Coupe (86C, 80) 1.3 Cat 10\/1989 &#8211;<br \/>\n09\/1994 10176 55 75 3F Coupe<br \/>\nVW POLO Coupe (86C, 80) 1.3 Cat 10\/1989 &#8211;<br \/>\n09\/1994 10176 55 75 3F Coupe<br \/>\nVW POLO Coupe (86C, 80) 1.3 D 08\/1986 &#8211;<br \/>\n08\/1990 10176 33 45 MN Coupe<br \/>\nVW POLO Coupe (86C, 80) 1.3 D 08\/1986 &#8211;<br \/>\n08\/1990 10176 33 45 MN Coupe<br \/>\nVW POLO Coupe (86C, 80) 1.4 D 08\/1990 &#8211;<br \/>\n09\/1994 11184 35 48 1W Coupe<br \/>\nVW POLO Coupe (86C, 80) 1.4 D 08\/1990 &#8211;<br \/>\n09\/1994 11184 35 48 1W Coupe<br \/>\nVW POLO Van Box Body \/ Hatchback (6N1) 1.0 10\/1994 &#8211;<br \/>\n12\/1999 8344 33 45 AEV Box Body \/ Hatchback<br \/>\nVW POLO Variant (6V5) 1.4 05\/1997 &#8211;<br \/>\n09\/2001 11120 44 60 AKV; AKK; AUD; APQ; AEX; ANW Wagon<br \/>\nVW VENTO (1H2) 1.4 11\/1991 &#8211;<br \/>\n09\/1998 11120 40 55 ABD; AEX Sedan<br \/>\nVW VENTO (1H2) 1.4 11\/1991 &#8211;<br \/>\n09\/1998 11120 44 60 ABD; AEX Sedan<\/p>\n","protected":false},"featured_media":4431,"comment_status":"open","ping_status":"closed","template":"","meta":{"_joinchat":[]},"product_cat":[15,24,19,20],"product_tag":[10891,3752,10892],"class_list":{"0":"post-4430","1":"product","2":"type-product","3":"status-publish","4":"has-post-thumbnail","6":"product_cat-volkswagen","7":"product_cat-audi","8":"product_cat-seat","9":"product_cat-skoda","10":"product_tag-052141025n-deriyaj-baski-plakasi-190mm-1","11":"product_tag-052141025n","12":"product_tag-4-vw-golf-jetta-1986-orj-yeni","14":"first","15":"instock","16":"sale","17":"shipping-taxable","18":"purchasable","19":"product-type-simple"},"_links":{"self":[{"href":"https:\/\/dogan-otomotiv.com\/index.php\/wp-json\/wp\/v2\/product\/4430","targetHints":{"allow":["GET"]}}],"collection":[{"href":"https:\/\/dogan-otomotiv.com\/index.php\/wp-json\/wp\/v2\/product"}],"about":[{"href":"https:\/\/dogan-otomotiv.com\/index.php\/wp-json\/wp\/v2\/types\/product"}],"replies":[{"embeddable":true,"href":"https:\/\/dogan-otomotiv.com\/index.php\/wp-json\/wp\/v2\/comments?post=4430"}],"wp:featuredmedia":[{"embeddable":true,"href":"https:\/\/dogan-otomotiv.com\/index.php\/wp-json\/wp\/v2\/media\/4431"}],"wp:attachment":[{"href":"https:\/\/dogan-otomotiv.com\/index.php\/wp-json\/wp\/v2\/media?parent=4430"}],"wp:term":[{"taxonomy":"product_cat","embeddable":true,"href":"https:\/\/dogan-otomotiv.com\/index.php\/wp-json\/wp\/v2\/product_cat?post=4430"},{"taxonomy":"product_tag","embeddable":true,"href":"https:\/\/dogan-otomotiv.com\/index.php\/wp-json\/wp\/v2\/product_tag?post=4430"}],"curies":[{"name":"wp","href":"https:\/\/api.w.org\/{rel}","templated":true}]}}