{"id":433,"date":"2020-02-08T12:30:44","date_gmt":"2020-02-08T12:30:44","guid":{"rendered":"https:\/\/dogan-otomotiv.com\/?post_type=product&#038;p=433"},"modified":"2025-06-11T09:57:12","modified_gmt":"2025-06-11T09:57:12","slug":"turbo-hortumu-kia-hyundai-getz-accent-era-1-5crdi-a09","status":"publish","type":"product","link":"https:\/\/dogan-otomotiv.com\/index.php\/urun\/turbo-hortumu-kia-hyundai-getz-accent-era-1-5crdi-a09\/","title":{"rendered":"282752A400 TURBO HORTUMU KIA \/ HYUNDAI (A09) kia rio 1.5 crdi"},"content":{"rendered":"<p>DO\u011eAN OTOMOT\u0130V YEDEK PAR\u00c7A<\/p>\n<p>SEM\u0130H SAVA\u015e\u00c7I<\/p>\n<p>0 (312) 395 20 95<\/p>\n<p>IBAN NO: TR54 0006 7010 0000 0087 8558 09<\/p>\n<p>\u015eUBE KODU: 0264<\/p>\n<p>HESAP NO: 87855809<\/p>\n<p>YAPI KRED\u0130 BANKASI ATA SANAY\u0130 \u015eUBES\u0130<\/p>\n<p>IBAN NO: TR83 0013 4000 0057 8901 8000 01<\/p>\n<p>DEN\u0130ZBANK \u0130VED\u0130K ORGAN\u0130ZE SANAY\u0130 \u015eUBES\u0130<\/p>\n<p><b><u>KARGO \u0130ADES\u0130 DURUMUNDA<\/u><\/b><\/p>\n<p><b><u>KARGO \u00dcCRET\u0130 M\u00dc\u015eTER\u0130YE A\u0130TT\u0130R.<\/u><\/b><\/p>\n","protected":false},"excerpt":{"rendered":"<p>Turbo Hortumu KIA \/ Hyundai Getz \/ Accent Era 1.5CRDI (A09)<\/p>\n<p>Hyundai Al\u0131n 2009 Dizel Hatch 1.5 CRDi FWD &#8212; TB 1493cc 65KW 88HP D4FA<br \/>\nHyundai Al\u0131n 2008 Dizel Hatch 1.5 CRDi FWD &#8212; TB 1493cc 65KW 88HP D4FA<br \/>\nHyundai Al\u0131n 2007 Dizel Hatch 1.5 CRDi FWD &#8212; TB 1493cc 65KW 88HP D4FA<br \/>\nHyundai Al\u0131n 2006 Dizel Hatch 1.5 CRDi FWD &#8212; TB 1493cc 65KW 88HP D4FA<br \/>\nHyundai Al\u0131n 2005 Dizel Hatch 1.5 CRDi FWD &#8212; TB 1493cc 65KW 88HP D4FA<\/p>\n<p>Kia Rio, 2005.03 &#8211; 2011.09 TURBO \u0130NTERCOOLER BORU HORTUMU 282752a400<\/p>\n","protected":false},"featured_media":16646,"comment_status":"open","ping_status":"closed","template":"","meta":{"_joinchat":[]},"product_cat":[146,145],"product_tag":[212,4115],"class_list":{"0":"post-433","1":"product","2":"type-product","3":"status-publish","4":"has-post-thumbnail","6":"product_cat-hyundai","7":"product_cat-kia","8":"product_tag-282752a400","9":"product_tag-turbo-hortumu-kia-kia-rio-1-5-crdi","11":"first","12":"instock","13":"sale","14":"sold-individually","15":"shipping-taxable","16":"purchasable","17":"product-type-simple"},"_links":{"self":[{"href":"https:\/\/dogan-otomotiv.com\/index.php\/wp-json\/wp\/v2\/product\/433","targetHints":{"allow":["GET"]}}],"collection":[{"href":"https:\/\/dogan-otomotiv.com\/index.php\/wp-json\/wp\/v2\/product"}],"about":[{"href":"https:\/\/dogan-otomotiv.com\/index.php\/wp-json\/wp\/v2\/types\/product"}],"replies":[{"embeddable":true,"href":"https:\/\/dogan-otomotiv.com\/index.php\/wp-json\/wp\/v2\/comments?post=433"}],"wp:featuredmedia":[{"embeddable":true,"href":"https:\/\/dogan-otomotiv.com\/index.php\/wp-json\/wp\/v2\/media\/16646"}],"wp:attachment":[{"href":"https:\/\/dogan-otomotiv.com\/index.php\/wp-json\/wp\/v2\/media?parent=433"}],"wp:term":[{"taxonomy":"product_cat","embeddable":true,"href":"https:\/\/dogan-otomotiv.com\/index.php\/wp-json\/wp\/v2\/product_cat?post=433"},{"taxonomy":"product_tag","embeddable":true,"href":"https:\/\/dogan-otomotiv.com\/index.php\/wp-json\/wp\/v2\/product_tag?post=433"}],"curies":[{"name":"wp","href":"https:\/\/api.w.org\/{rel}","templated":true}]}}