{"id":4191,"date":"2020-08-04T12:10:28","date_gmt":"2020-08-04T12:10:28","guid":{"rendered":"https:\/\/dogan-otomotiv.com\/?post_type=product&#038;p=4191"},"modified":"2020-08-04T12:10:30","modified_gmt":"2020-08-04T12:10:30","slug":"krank-mili-peugeot-citroen-2-5-dizel-dj5-1994-2000-242","status":"publish","type":"product","link":"https:\/\/dogan-otomotiv.com\/index.php\/urun\/krank-mili-peugeot-citroen-2-5-dizel-dj5-1994-2000-242\/","title":{"rendered":"KRANK, M\u0130L\u0130 ,PEUGEOT ,CITROEN, 2.5 ,D\u0130ZEL, DJ5, 1994-2000, 242,"},"content":{"rendered":"<p>KRANK, M\u0130L\u0130 ,PEUGEOT ,CITROEN, 2.5 ,D\u0130ZEL, DJ5, 1994-2000, 242,<\/p>\n","protected":false},"excerpt":{"rendered":"<p>DO\u011eAN OTOMOT\u0130V YEDEK PAR\u00c7A<\/p>\n<p>LTD \u015eT\u0130<\/p>\n<p>\u0130VED\u0130K ORGAN\u0130ZE SANAY\u0130 1471 SOK 91-A<\/p>\n<p>OST\u0130M ANKARA<\/p>\n<p> SEM\u0130H SAVA\u015e\u00c7I<br \/>\n0 (312) 395 20 95&#8212; 0533 322 16 09<\/p>\n<p>IBAN NO: TR56 0011 1000 0000 0088 9009 70<\/p>\n<p>F\u0130NANSBANK ENPARA<\/p>\n<p>\u015eUBE KODU: 03663<\/p>\n<p>HESAP NO: 88900970<\/p>\n<p>KARGO \u0130ADES\u0130 DURUMUNDA<\/p>\n<p>KARGO \u00dcCRET\u0130 M\u00dc\u015eTER\u0130YE A\u0130TT\u0130R.<\/p>\n<p>TOPLU S\u0130PAR\u0130\u015eLER\u0130N\u0130Z \u0130\u00c7\u0130N: doganotoyedekparcavw@gmail.com<\/p>\n<p>https:\/\/doganotomotivyedekparca.sahibinden.com\/<\/p>\n","protected":false},"featured_media":4192,"comment_status":"open","ping_status":"closed","template":"","meta":{"_joinchat":[]},"product_cat":[2204,17,18],"product_tag":[3529,3526,3530,3525,3527,3528,3522,3521,3523,3524],"class_list":{"0":"post-4191","1":"product","2":"type-product","3":"status-publish","4":"has-post-thumbnail","6":"product_cat-citroen","7":"product_cat-peugeot","8":"product_cat-renault","9":"product_tag-1994-2000","10":"product_tag-2-5","11":"product_tag-3530","12":"product_tag-citroen","13":"product_tag-dizel","14":"product_tag-dj5","15":"product_tag-krank","16":"product_tag-krank-mili-peugeot-citroen-2-5-12-v-dizel-dj5-1994-2000-242","17":"product_tag-mili","18":"product_tag-peugeot","20":"first","21":"instock","22":"sale","23":"shipping-taxable","24":"purchasable","25":"product-type-simple"},"_links":{"self":[{"href":"https:\/\/dogan-otomotiv.com\/index.php\/wp-json\/wp\/v2\/product\/4191","targetHints":{"allow":["GET"]}}],"collection":[{"href":"https:\/\/dogan-otomotiv.com\/index.php\/wp-json\/wp\/v2\/product"}],"about":[{"href":"https:\/\/dogan-otomotiv.com\/index.php\/wp-json\/wp\/v2\/types\/product"}],"replies":[{"embeddable":true,"href":"https:\/\/dogan-otomotiv.com\/index.php\/wp-json\/wp\/v2\/comments?post=4191"}],"wp:featuredmedia":[{"embeddable":true,"href":"https:\/\/dogan-otomotiv.com\/index.php\/wp-json\/wp\/v2\/media\/4192"}],"wp:attachment":[{"href":"https:\/\/dogan-otomotiv.com\/index.php\/wp-json\/wp\/v2\/media?parent=4191"}],"wp:term":[{"taxonomy":"product_cat","embeddable":true,"href":"https:\/\/dogan-otomotiv.com\/index.php\/wp-json\/wp\/v2\/product_cat?post=4191"},{"taxonomy":"product_tag","embeddable":true,"href":"https:\/\/dogan-otomotiv.com\/index.php\/wp-json\/wp\/v2\/product_tag?post=4191"}],"curies":[{"name":"wp","href":"https:\/\/api.w.org\/{rel}","templated":true}]}}