{"id":4170,"date":"2020-08-03T08:10:41","date_gmt":"2020-08-03T08:10:41","guid":{"rendered":"https:\/\/dogan-otomotiv.com\/?post_type=product&#038;p=4170"},"modified":"2024-03-07T06:07:56","modified_gmt":"2024-03-07T06:07:56","slug":"1t1959565caynakumanda-anahtari-sol-dis-vw-touran-03-06-cad","status":"publish","type":"product","link":"https:\/\/dogan-otomotiv.com\/index.php\/urun\/1t1959565caynakumanda-anahtari-sol-dis-vw-touran-03-06-cad\/","title":{"rendered":"1T1959565C,Ayna,Kumanda, Anahtar\u0131, Sol D\u0131\u015f Vw Touran 03-06 Cad"},"content":{"rendered":"<p>1T1959565C,Ayna,Kumanda, Anahtar\u0131, Sol D\u0131\u015f Vw Touran 03-06 Cad<\/p>\n","protected":false},"excerpt":{"rendered":"<p>DO\u011eAN OTOMOT\u0130V YEDEK PAR\u00c7A<\/p>\n<p>LTD \u015eT\u0130<\/p>\n<p>\u0130VED\u0130K ORGAN\u0130ZE SANAY\u0130 1471 SOK 91-A<\/p>\n<p>OST\u0130M ANKARA<\/p>\n<p> SEM\u0130H SAVA\u015e\u00c7I<br \/>\n0 (312) 395 20 95&#8212; 0533 322 16 09<\/p>\n<p>IBAN NO: TR56 0011 1000 0000 0088 9009 70<\/p>\n<p>F\u0130NANSBANK ENPARA<\/p>\n<p>\u015eUBE KODU: 03663<\/p>\n<p>HESAP NO: 88900970<\/p>\n<p>KARGO \u0130ADES\u0130 DURUMUNDA<\/p>\n<p>KARGO \u00dcCRET\u0130 M\u00dc\u015eTER\u0130YE A\u0130TT\u0130R.<\/p>\n<p>TOPLU S\u0130PAR\u0130\u015eLER\u0130N\u0130Z \u0130\u00c7\u0130N: doganotoyedekparcavw@gmail.com<\/p>\n<p>https:\/\/doganotomotivyedekparca.sahibinden.com\/<\/p>\n","protected":false},"featured_media":4171,"comment_status":"open","ping_status":"closed","template":"","meta":{"_joinchat":[]},"product_cat":[15],"product_tag":[3492,3495,3493,3494,3496],"class_list":{"0":"post-4170","1":"product","2":"type-product","3":"status-publish","4":"has-post-thumbnail","6":"product_cat-volkswagen","7":"product_tag-1t1959565c","8":"product_tag-anahtari","9":"product_tag-ayna","10":"product_tag-kumanda","11":"product_tag-sol-dis-vw-touran-03-06-cad","13":"first","14":"instock","15":"sale","16":"shipping-taxable","17":"purchasable","18":"product-type-simple"},"_links":{"self":[{"href":"https:\/\/dogan-otomotiv.com\/index.php\/wp-json\/wp\/v2\/product\/4170","targetHints":{"allow":["GET"]}}],"collection":[{"href":"https:\/\/dogan-otomotiv.com\/index.php\/wp-json\/wp\/v2\/product"}],"about":[{"href":"https:\/\/dogan-otomotiv.com\/index.php\/wp-json\/wp\/v2\/types\/product"}],"replies":[{"embeddable":true,"href":"https:\/\/dogan-otomotiv.com\/index.php\/wp-json\/wp\/v2\/comments?post=4170"}],"wp:featuredmedia":[{"embeddable":true,"href":"https:\/\/dogan-otomotiv.com\/index.php\/wp-json\/wp\/v2\/media\/4171"}],"wp:attachment":[{"href":"https:\/\/dogan-otomotiv.com\/index.php\/wp-json\/wp\/v2\/media?parent=4170"}],"wp:term":[{"taxonomy":"product_cat","embeddable":true,"href":"https:\/\/dogan-otomotiv.com\/index.php\/wp-json\/wp\/v2\/product_cat?post=4170"},{"taxonomy":"product_tag","embeddable":true,"href":"https:\/\/dogan-otomotiv.com\/index.php\/wp-json\/wp\/v2\/product_tag?post=4170"}],"curies":[{"name":"wp","href":"https:\/\/api.w.org\/{rel}","templated":true}]}}