{"id":3982,"date":"2020-07-24T14:45:11","date_gmt":"2020-07-24T14:45:11","guid":{"rendered":"https:\/\/dogan-otomotiv.com\/?post_type=product&#038;p=3982"},"modified":"2024-08-24T08:13:25","modified_gmt":"2024-08-24T08:13:25","slug":"0ay598549a-hidrolik-pompa-4x4-audi-a3-cc-12-17-x00","status":"publish","type":"product","link":"https:\/\/dogan-otomotiv.com\/index.php\/urun\/0ay598549a-hidrolik-pompa-4x4-audi-a3-cc-12-17-x00\/","title":{"rendered":"0AY598549A ,H\u0130DROL\u0130K, POMPA ,4X4, AUD\u0130, A3, CC 12-17 X00"},"content":{"rendered":"<p>Audi Audi A1\/S1 8X 2011-2014<br \/>\nAudi Audi A3 Saloon\/Sportback 8P 2009-2013<br \/>\nAudi Audi Q3 8U 2012-2014<br \/>\nAudi Audi RS3 Sportback 8P 2011-2013<br \/>\nAudi Audi RSQ3 8U 2014-2018<br \/>\nAudi Audi TT\/TTS Coupe\/Roadster 8J 2007-2010<br \/>\nAudi Audi TT\/TTS Coupe\/Roadster 8J 2011-2014<br \/>\nAudi Audi TTRS Coupe\/Roadster 8J 2010-2014<br \/>\nSeat Seat Alhambra 71 2011-2015<br \/>\nSeat Seat Altea 5P 2007-2010<br \/>\nSeat Seat Altea 5P+ 2011-2013<br \/>\nSeat Seat Altea 5P+ 2014-2015<br \/>\nSkoda Skoda Octavia 1Z 2004-2008 Saloon\/Estate<br \/>\nSkoda Skoda Octavia 1Z 2009-2013 Saloon\/Estate<br \/>\nSkoda Skoda Superb 3T 2008-2013 Sedan\/Estate<br \/>\nSkoda Skoda Superb 3T 2014-2015 Sedan\/Estate<br \/>\nSkoda Skoda Yeti 5L 2010-2013<br \/>\nVolkswagen Volkswagen Caddy 2C 2011-2015<br \/>\nVolkswagen Volkswagen Camper 7E T5 2010-2011<br \/>\nVolkswagen Volkswagen Camper 7E T5 2012- 2015<br \/>\nVolkswagen Volkswagen Golf 1K 2007-2009 Estate<br \/>\nVolkswagen Volkswagen Golf 5K 2012-2013 Saloon<br \/>\nVolkswagen Volkswagen Passat CC\/CC 35 2009-2012<br \/>\nVolkswagen Volkswagen Passat CC\/CC 35 2012-2017<br \/>\nVolkswagen Volkswagen Passat 36 2011-2015<br \/>\nVolkswagen Volkswagen Sharan 7N 2011-2016<br \/>\nVolkswagen Volkswagen Tiguan 5N 2008-2011<br \/>\nVolkswagen Volkswagen Tiguan 5N 2012-2018 (North American Region)<br \/>\nVolkswagen Volkswagen Transporter\/Caravelle 7E 2010-2011<br \/>\nVolkswagen Volkswagen Transporter\/Caravelle 7E 2012-2015<br \/>\nVolkswagen Volkswagen Transporter\/Caravelle 7F 2010-2011 Flatbed<br \/>\nVolkswagen Volkswagen Transporter\/Caravelle 7F 2012-2015 Flatbed<\/p>\n","protected":false},"excerpt":{"rendered":"<p>DO\u011eAN OTOMOT\u0130V YEDEK PAR\u00c7A<\/p>\n<p>LTD \u015eT\u0130<\/p>\n<p>\u0130VED\u0130K ORGAN\u0130ZE SANAY\u0130 1471 SOK 91-A<\/p>\n<p>OST\u0130M ANKARA<\/p>\n<p>SEM\u0130H SAVA\u015e\u00c7I<br \/>\n0 (312) 395 20 95&#8212; 0533 322 16 09<\/p>\n<p>IBAN NO: TR56 0011 1000 0000 0088 9009 70<\/p>\n<p>F\u0130NANSBANK ENPARA<\/p>\n<p>\u015eUBE KODU: 03663<\/p>\n<p>HESAP NO: 88900970<\/p>\n<p>KARGO \u0130ADES\u0130 DURUMUNDA<\/p>\n<p>KARGO \u00dcCRET\u0130 M\u00dc\u015eTER\u0130YE A\u0130TT\u0130R.<\/p>\n<p>TOPLU S\u0130PAR\u0130\u015eLER\u0130N\u0130Z \u0130\u00c7\u0130N: doganotoyedekparcavw@gmail.com<\/p>\n<p>https:\/\/doganotomotivyedekparca.sahibinden.com\/<\/p>\n","protected":false},"featured_media":5414,"comment_status":"open","ping_status":"closed","template":"","meta":{"_joinchat":[]},"product_cat":[24],"product_tag":[3335,3338,105,143,3339,3336,3337],"class_list":{"0":"post-3982","1":"product","2":"type-product","3":"status-publish","4":"has-post-thumbnail","6":"product_cat-audi","7":"product_tag-0ay598549a","8":"product_tag-4x4","9":"product_tag-a3","10":"product_tag-audi","11":"product_tag-cc-12-17-x00","12":"product_tag-hidrolik","13":"product_tag-pompa","15":"first","16":"instock","17":"sale","18":"shipping-taxable","19":"purchasable","20":"product-type-simple"},"_links":{"self":[{"href":"https:\/\/dogan-otomotiv.com\/index.php\/wp-json\/wp\/v2\/product\/3982","targetHints":{"allow":["GET"]}}],"collection":[{"href":"https:\/\/dogan-otomotiv.com\/index.php\/wp-json\/wp\/v2\/product"}],"about":[{"href":"https:\/\/dogan-otomotiv.com\/index.php\/wp-json\/wp\/v2\/types\/product"}],"replies":[{"embeddable":true,"href":"https:\/\/dogan-otomotiv.com\/index.php\/wp-json\/wp\/v2\/comments?post=3982"}],"wp:featuredmedia":[{"embeddable":true,"href":"https:\/\/dogan-otomotiv.com\/index.php\/wp-json\/wp\/v2\/media\/5414"}],"wp:attachment":[{"href":"https:\/\/dogan-otomotiv.com\/index.php\/wp-json\/wp\/v2\/media?parent=3982"}],"wp:term":[{"taxonomy":"product_cat","embeddable":true,"href":"https:\/\/dogan-otomotiv.com\/index.php\/wp-json\/wp\/v2\/product_cat?post=3982"},{"taxonomy":"product_tag","embeddable":true,"href":"https:\/\/dogan-otomotiv.com\/index.php\/wp-json\/wp\/v2\/product_tag?post=3982"}],"curies":[{"name":"wp","href":"https:\/\/api.w.org\/{rel}","templated":true}]}}