{"id":3965,"date":"2020-07-24T09:28:19","date_gmt":"2020-07-24T09:28:19","guid":{"rendered":"https:\/\/dogan-otomotiv.com\/?post_type=product&#038;p=3965"},"modified":"2024-09-14T12:30:32","modified_gmt":"2024-09-14T12:30:32","slug":"7n0907530-vw-jetta-5-mk5-golf-6-ag-gecidi-kontrol-unitesi-orj-yeni","status":"publish","type":"product","link":"https:\/\/dogan-otomotiv.com\/index.php\/urun\/7n0907530-vw-jetta-5-mk5-golf-6-ag-gecidi-kontrol-unitesi-orj-yeni\/","title":{"rendered":"7N0907530 VW Jetta 5 MK5 Golf 6 A\u011f Ge\u00e7idi Kontrol \u00dcnitesi ORJ YEN\u0130"},"content":{"rendered":"<p>7N0907530 VW Jetta 5 MK5 Golf 6 A\u011f Ge\u00e7idi Kontrol \u00dcnitesi<br \/>\nVW Tiguan<\/p>\n<p>VW Touran<\/p>\n<p>VW Sharan<\/p>\n<p>VW Scirocco<\/p>\n<p>VW Caddy<\/p>\n<p>VW Rabbit<\/p>\n<p>VW Eos<\/p>\n<p>VW Golf MK5<\/p>\n<p>VW Golf MK6<\/p>\n<p>VW GTI MK5<\/p>\n<p>VW GTI MK6<\/p>\n<p>VW Jetta MK6<\/p>\n<p>VW Jetta MK5<\/p>\n<p>Audi A3 2004-2013<\/p>\n<p>Audi TT 2007-2010<\/p>\n<p>Seat Altea<\/p>\n<p>Seat Leon\/Leon4<\/p>\n<p>Seat Toledo<\/p>\n<p>Skoda Octavia<\/p>\n<p>Skoda Superb<\/p>\n<p>Skoda Yeti<\/p>\n<p>Part Number:<\/p>\n<p>7N0 907 530 AJ<\/p>\n","protected":false},"excerpt":{"rendered":"<p>DO\u011eAN OTOMOT\u0130V YEDEK PAR\u00c7A<\/p>\n<p>LTD \u015eT\u0130<\/p>\n<p>\u0130VED\u0130K ORGAN\u0130ZE SANAY\u0130 1471 SOK 91-A<\/p>\n<p>OST\u0130M ANKARA<\/p>\n<p>SEM\u0130H SAVA\u015e\u00c7I<br \/>\n0 (312) 395 20 95&#8212; 0533 322 16 09<\/p>\n<p>IBAN NO: TR56 0011 1000 0000 0088 9009 70<\/p>\n<p>F\u0130NANSBANK ENPARA<\/p>\n<p>\u015eUBE KODU: 03663<\/p>\n<p>HESAP NO: 88900970<\/p>\n<p>KARGO \u0130ADES\u0130 DURUMUNDA<\/p>\n<p>KARGO \u00dcCRET\u0130 M\u00dc\u015eTER\u0130YE A\u0130TT\u0130R.<\/p>\n<p>TOPLU S\u0130PAR\u0130\u015eLER\u0130N\u0130Z \u0130\u00c7\u0130N: doganotoyedekparcavw@gmail.com<\/p>\n<p>https:\/\/doganotomotivyedekparca.sahibinden.com\/<\/p>\n","protected":false},"featured_media":3966,"comment_status":"open","ping_status":"closed","template":"","meta":{"_joinchat":[]},"product_cat":[15],"product_tag":[6514],"class_list":{"0":"post-3965","1":"product","2":"type-product","3":"status-publish","4":"has-post-thumbnail","6":"product_cat-volkswagen","7":"product_tag-7n0907530-vw-jetta-5-mk5-golf-6-ag-gecidi-kontrol-unitesi-orj-yeni","9":"first","10":"instock","11":"sale","12":"shipping-taxable","13":"purchasable","14":"product-type-simple"},"_links":{"self":[{"href":"https:\/\/dogan-otomotiv.com\/index.php\/wp-json\/wp\/v2\/product\/3965","targetHints":{"allow":["GET"]}}],"collection":[{"href":"https:\/\/dogan-otomotiv.com\/index.php\/wp-json\/wp\/v2\/product"}],"about":[{"href":"https:\/\/dogan-otomotiv.com\/index.php\/wp-json\/wp\/v2\/types\/product"}],"replies":[{"embeddable":true,"href":"https:\/\/dogan-otomotiv.com\/index.php\/wp-json\/wp\/v2\/comments?post=3965"}],"wp:featuredmedia":[{"embeddable":true,"href":"https:\/\/dogan-otomotiv.com\/index.php\/wp-json\/wp\/v2\/media\/3966"}],"wp:attachment":[{"href":"https:\/\/dogan-otomotiv.com\/index.php\/wp-json\/wp\/v2\/media?parent=3965"}],"wp:term":[{"taxonomy":"product_cat","embeddable":true,"href":"https:\/\/dogan-otomotiv.com\/index.php\/wp-json\/wp\/v2\/product_cat?post=3965"},{"taxonomy":"product_tag","embeddable":true,"href":"https:\/\/dogan-otomotiv.com\/index.php\/wp-json\/wp\/v2\/product_tag?post=3965"}],"curies":[{"name":"wp","href":"https:\/\/api.w.org\/{rel}","templated":true}]}}