{"id":3871,"date":"2020-07-22T14:02:52","date_gmt":"2020-07-22T14:02:52","guid":{"rendered":"https:\/\/dogan-otomotiv.com\/?post_type=product&#038;p=3871"},"modified":"2024-09-27T08:57:29","modified_gmt":"2024-09-27T08:57:29","slug":"6q0820193b-klima-kurutucu-tupu-vw-polo-orj-yeni","status":"publish","type":"product","link":"https:\/\/dogan-otomotiv.com\/index.php\/urun\/6q0820193b-klima-kurutucu-tupu-vw-polo-orj-yeni\/","title":{"rendered":"6Q0820193B Klima Kurutucu T\u00fcp\u00fc VW POLO ORJ YEN\u0130"},"content":{"rendered":"<p>DO\u011eAN OTOMOT\u0130V YEDEK PAR\u00c7A<br \/>\nLTD \u015eT\u0130 \u0130VED\u0130K ORGAN\u0130ZE SAN 1471 SOKAK 91-A OST\u0130M ANKARA<br \/>\nSEM\u0130H SAVA\u015e\u00c7I (312) 395 20 95<br \/>\n0533 322 16 09<br \/>\nMUSTAFA SAVA\u015e\u00c7I<br \/>\n0 (312) 395 20 95<br \/>\nIBAN NO: TR 54 0011 1000 0000 0098 3516 19<br \/>\nF\u0130NANSBANK ENPARA<br \/>\n\u015eUBE KODU: 03663<br \/>\nHESAP NO: 98351619<\/p>\n<p>DENEME YANILMA Y\u00d6NTEM\u0130NE PAR\u00c7A G\u00d6NDERM\u0130YORUZ.<\/p>\n<p>NOT 5 G\u00dcN \u0130\u00c7ER\u0130S\u0130NDE \u0130YADES\u0130 OLMAYAN MAZEME GER\u0130 ALINMAZ<br \/>\nPaket i\u00e7eri\u011fi: 1 Adet<br \/>\nSATI\u015e F\u0130YATI KDV HAR\u0130\u00c7 pe\u015fin fiyat\u0131d\u0131r<br \/>\nSAAT 18:00 KADAR VER\u0130LEN \u015e\u0130PAR\u0130\u015e AYNI G\u00dcN KARGO \u0130LE G\u00d6NDER\u0130M\u0130 YAPILIR.<br \/>\nKARGO \u0130ADES\u0130 DURUMUNDA .<br \/>\nKARGO \u00dcCRET\u0130 M\u00dc\u015eTER\u0130YE A\u0130TT\u0130R. AYRICA KARGODA KIRILAN PAR\u00c7ALARDAN SORUMLU DEY\u0130L\u0130Z<\/p>\n<p>27\/11\/2014 tarih ve 29188 say\u0131l\u0131 resmi gazetede yay\u0131mlanan mesafeli sat\u0131\u015flar y\u00f6netmeli\u011finin 15. maddesinde cayma hakk\u0131n\u0131n istisnalar\u0131 belirtilmi\u015ftir. \u0130lgili maddenin a bendinde &#8220;fiyat\u0131 finansal piyasalardaki dalgalanmalara ba\u011fl\u0131 olarak de\u011fi\u015fen ve sat\u0131c\u0131 veya sa\u011flay\u0131c\u0131n\u0131n kontrol\u00fcnde olmayan mal veya hizmetlere ili\u015fkin s\u00f6zle\u015fmeler&#8221; cayma hakk\u0131ndan istisna edilmi\u015ftir. \u00dcr\u00fcnlerimiz ithal \u00fcr\u00fcnler olup fiyatlar\u0131 g\u00fcnl\u00fck usd kurlar\u0131 kullan\u0131larak tl kar\u015f\u0131l\u0131\u011f\u0131na \u00e7evrilmesiyle hesaplanmaktad\u0131r. Fiyatlar kurdaki de\u011fi\u015fmeler ba\u011fl\u0131 olarak g\u00fcnl\u00fck olarak de\u011fi\u015fmektedir. Bu nedenle y\u00f6netmeli\u011fin 15. Md\/a bendi gere\u011fi cayma hakk\u0131ndan m\u00fcstesnad\u0131r. M\u00fc\u015fterilerimiz sipari\u015f \u00f6ncesinde bu konu hakk\u0131nda \u00f6n bilgilendirme yap\u0131ld\u0131\u011f\u0131n\u0131 kabul eder.<\/p>\n","protected":false},"excerpt":{"rendered":"<p>1.2, Yap\u0131m Y\u0131l\u0131 01.2002 &#8211; 05.2007, 1198 ccm, 54 PS<br \/>\n1.2, Yap\u0131m Y\u0131l\u0131 05.2007 &#8211; 11.2009, 1198 ccm, 60 PS<br \/>\n1.2 12V, Yap\u0131m Y\u0131l\u0131 10.2001 &#8211; 07.2007, 1198 ccm, 64 PS<br \/>\n1.2 12V, Yap\u0131m Y\u0131l\u0131 05.2007 &#8211; 11.2009, 1198 ccm, 69 PS<br \/>\n1.4, Yap\u0131m Y\u0131l\u0131 08.2002 &#8211; 11.2009, 1390 ccm, 86 PS<br \/>\n1.4 16V, Yap\u0131m Y\u0131l\u0131 10.2001 &#8211; 05.2008, 1390 ccm, 75 PS<br \/>\n1.4 16V, Yap\u0131m Y\u0131l\u0131 05.2006 &#8211; 11.2009, 1390 ccm, 80 PS<br \/>\n1.4 16V, Yap\u0131m Y\u0131l\u0131 10.2001 &#8211; 05.2008, 1390 ccm, 101 PS<br \/>\n1.4 FSI, Yap\u0131m Y\u0131l\u0131 02.2002 &#8211; 07.2006, 1390 ccm, 86 PS<br \/>\n1.4 TDI, Yap\u0131m Y\u0131l\u0131 04.2005 &#8211; 11.2009, 1422 ccm, 70 PS<br \/>\n1.4 TDI, Yap\u0131m Y\u0131l\u0131 10.2001 &#8211; 06.2005, 1422 ccm, 75 PS<br \/>\n1.4 TDI, Yap\u0131m Y\u0131l\u0131 04.2005 &#8211; 11.2009, 1422 ccm, 80 PS<br \/>\n1.6 16V, Yap\u0131m Y\u0131l\u0131 05.2006 &#8211; 11.2009, 1598 ccm, 105 PS<br \/>\n1.8 GTI, Yap\u0131m Y\u0131l\u0131 09.2005 &#8211; 11.2009, 1781 ccm, 150 PS<br \/>\n1.8 GTi Cup Edition, Yap\u0131m Y\u0131l\u0131 05.2006 &#8211; 11.2009, 1781 ccm, 180 PS<br \/>\n1.9 SDI, Yap\u0131m Y\u0131l\u0131 10.2001 &#8211; 11.2009, 1896 ccm, 64 PS<br \/>\n1.9 TDI, Yap\u0131m Y\u0131l\u0131 10.2001 &#8211; 11.2009, 1896 ccm, 101 PS<br \/>\n1.9 TDI, Yap\u0131m Y\u0131l\u0131 11.2003 &#8211; 11.2009, 1896 ccm, 130 PS<br \/>\nVW Polo IV Sedan (9A4, 9A2, 9N2, 9A6) (Yap\u0131m Y\u0131l\u0131 09.2002 &#8211; &#8230;, 64 &#8211; 101 PS, Dizel, Benzin)<br \/>\nVW Fox Hatchback (5Z1, 5Z3, 5Z4) (Yap\u0131m Y\u0131l\u0131 10.2003 &#8211; 08.2014, 55 &#8211; 101 PS, Dizel, Benzin, Benzin\/Etanol)<br \/>\n1.0, Yap\u0131m Y\u0131l\u0131 12.1999 &#8211; 08.2002, 996 ccm, 50 PS<br \/>\n1.2, Yap\u0131m Y\u0131l\u0131 07.2001 &#8211; 04.2007, 1198 ccm, 54 PS<br \/>\n1.2, Yap\u0131m Y\u0131l\u0131 01.2003 &#8211; 03.2008, 1198 ccm, 64 PS<br \/>\n1.4, Yap\u0131m Y\u0131l\u0131 08.2000 &#8211; 08.2002, 1397 ccm, 60 PS<br \/>\n1.4, Yap\u0131m Y\u0131l\u0131 08.1999 &#8211; 05.2003, 1397 ccm, 68 PS<br \/>\n1.4 16V, Yap\u0131m Y\u0131l\u0131 12.1999 &#8211; 03.2008, 1390 ccm, 75 PS<br \/>\n1.4 16V, Yap\u0131m Y\u0131l\u0131 12.1999 &#8211; 03.2008, 1390 ccm, 100 PS<br \/>\n1.4 TDI, Yap\u0131m Y\u0131l\u0131 10.2005 &#8211; 03.2008, 1422 ccm, 70 PS<br \/>\n1.4 TDI, Yap\u0131m Y\u0131l\u0131 04.2003 &#8211; 03.2008, 1422 ccm, 75 PS<br \/>\n1.4 TDI, Yap\u0131m Y\u0131l\u0131 10.2005 &#8211; 03.2008, 1422 ccm, 80 PS<br \/>\n1.9 SDI, Yap\u0131m Y\u0131l\u0131 12.1999 &#8211; 03.2008, 1896 ccm, 64 PS<br \/>\n1.9 TDI, Yap\u0131m Y\u0131l\u0131 01.2000 &#8211; 03.2008, 1896 ccm, 100 PS<br \/>\n1.9 TDI RS, Yap\u0131m Y\u0131l\u0131 06.2003 &#8211; 03.2008, 1896 ccm, 130 PS<br \/>\n2.0, Yap\u0131m Y\u0131l\u0131 12.1999 &#8211; 03.2008, 1984 ccm, 116 PS<br \/>\nSKODA Fabia I Kombi (6Y5) (Yap\u0131m Y\u0131l\u0131 04.2000 &#8211; 12.2007, 54 &#8211; 116 PS, Dizel, Benzin)<br \/>\nSKODA Fabia I Sedan (6Y3) (Yap\u0131m Y\u0131l\u0131 10.1999 &#8211; 12.2007, 54 &#8211; 116 PS, Dizel, Benzin)<br \/>\nSKODA Fabia I Praktik (6Y5) (Yap\u0131m Y\u0131l\u0131 07.2001 &#8211; 12.2007, 54 &#8211; 70 PS, Dizel, Benzin)<br \/>\nSKODA Roomster (5J) (Yap\u0131m Y\u0131l\u0131 05.2006 &#8211; 05.2015, 64 &#8211; 105 PS, Dizel, Benzin)<br \/>\nSKODA Fabia II Hatchback (542) (Yap\u0131m Y\u0131l\u0131 12.2006 &#8211; 12.2014, 60 &#8211; 180 PS, Dizel, Benzin)<br \/>\nSKODA Fabia II Kombi (545) (Yap\u0131m Y\u0131l\u0131 10.2007 &#8211; 12.2014, 60 &#8211; 180 PS, Dizel, Benzin)<br \/>\n1.2, Yap\u0131m Y\u0131l\u0131 06.2007 &#8211; 05.2008, 1198 ccm, 60 PS<br \/>\n1.2, Yap\u0131m Y\u0131l\u0131 02.2002 &#8211; 06.2006, 1198 ccm, 64 PS<br \/>\n1.2 12V, Yap\u0131m Y\u0131l\u0131 05.2006 &#8211; 11.2009, 1198 ccm, 70 PS<br \/>\n1.4 16V, Yap\u0131m Y\u0131l\u0131 02.2002 &#8211; 12.2007, 1390 ccm, 75 PS<br \/>\n1.4 16V, Yap\u0131m Y\u0131l\u0131 05.2006 &#8211; 11.2009, 1390 ccm, 86 PS<br \/>\n1.4 16V, Yap\u0131m Y\u0131l\u0131 02.2002 &#8211; 11.2009, 1390 ccm, 100 PS<br \/>\n1.4 TDI, Yap\u0131m Y\u0131l\u0131 05.2005 &#8211; 11.2009, 1422 ccm, 70 PS<br \/>\n1.4 TDI, Yap\u0131m Y\u0131l\u0131 05.2002 &#8211; 12.2005, 1422 ccm, 75 PS<br \/>\n1.4 TDI, Yap\u0131m Y\u0131l\u0131 06.2005 &#8211; 11.2009, 1422 ccm, 80 PS<br \/>\n1.6, Yap\u0131m Y\u0131l\u0131 02.2003 &#8211; 11.2009, 1598 ccm, 101 PS<br \/>\n1.6 16V, Yap\u0131m Y\u0131l\u0131 11.2006 &#8211; 11.2009, 1598 ccm, 105 PS<br \/>\n1.8 T Cupra R, Yap\u0131m Y\u0131l\u0131 01.2004 &#8211; 02.2008, 1781 ccm, 180 PS<br \/>\n1.8 T FR, Yap\u0131m Y\u0131l\u0131 12.2003 &#8211; 05.2008, 1781 ccm, 150 PS<br \/>\n1.9 SDI, Yap\u0131m Y\u0131l\u0131 02.2002 &#8211; 12.2005, 1896 ccm, 64 PS<br \/>\n1.9 TDI, Yap\u0131m Y\u0131l\u0131 02.2002 &#8211; 11.2009, 1896 ccm, 100 PS<br \/>\n1.9 TDI, Yap\u0131m Y\u0131l\u0131 02.2002 &#8211; 11.2009, 1896 ccm, 131 PS<br \/>\n1.9 TDI Cupra R, Yap\u0131m Y\u0131l\u0131 03.2004 &#8211; 02.2008, 1896 ccm, 160 PS<br \/>\n2.0, Yap\u0131m Y\u0131l\u0131 04.2002 &#8211; 11.2009, 1984 ccm, 116 PS<br \/>\nSEAT C\u00f3rdoba II Sedan (6L2) (Yap\u0131m Y\u0131l\u0131 09.2002 &#8211; 11.2009, 64 &#8211; 131 PS, Dizel, Benzin)<\/p>\n","protected":false},"featured_media":3872,"comment_status":"open","ping_status":"closed","template":"","meta":{"_joinchat":[]},"product_cat":[15,24,19,20],"product_tag":[3242,6883],"class_list":{"0":"post-3871","1":"product","2":"type-product","3":"status-publish","4":"has-post-thumbnail","6":"product_cat-volkswagen","7":"product_cat-audi","8":"product_cat-seat","9":"product_cat-skoda","10":"product_tag-6q0820193b","11":"product_tag-6q0820193b-klima-kurutucu-tupu-vw-polo-orj-yeni","13":"first","14":"instock","15":"sale","16":"shipping-taxable","17":"purchasable","18":"product-type-simple"},"_links":{"self":[{"href":"https:\/\/dogan-otomotiv.com\/index.php\/wp-json\/wp\/v2\/product\/3871","targetHints":{"allow":["GET"]}}],"collection":[{"href":"https:\/\/dogan-otomotiv.com\/index.php\/wp-json\/wp\/v2\/product"}],"about":[{"href":"https:\/\/dogan-otomotiv.com\/index.php\/wp-json\/wp\/v2\/types\/product"}],"replies":[{"embeddable":true,"href":"https:\/\/dogan-otomotiv.com\/index.php\/wp-json\/wp\/v2\/comments?post=3871"}],"wp:featuredmedia":[{"embeddable":true,"href":"https:\/\/dogan-otomotiv.com\/index.php\/wp-json\/wp\/v2\/media\/3872"}],"wp:attachment":[{"href":"https:\/\/dogan-otomotiv.com\/index.php\/wp-json\/wp\/v2\/media?parent=3871"}],"wp:term":[{"taxonomy":"product_cat","embeddable":true,"href":"https:\/\/dogan-otomotiv.com\/index.php\/wp-json\/wp\/v2\/product_cat?post=3871"},{"taxonomy":"product_tag","embeddable":true,"href":"https:\/\/dogan-otomotiv.com\/index.php\/wp-json\/wp\/v2\/product_tag?post=3871"}],"curies":[{"name":"wp","href":"https:\/\/api.w.org\/{rel}","templated":true}]}}