{"id":3768,"date":"2020-07-19T14:43:09","date_gmt":"2020-07-19T14:43:09","guid":{"rendered":"https:\/\/dogan-otomotiv.com\/?post_type=product&#038;p=3768"},"modified":"2025-05-21T13:22:43","modified_gmt":"2025-05-21T13:22:43","slug":"5n0915411c-aku-kutusu-vw-skoda-2008-68-amper-dizel-orj-yeni","status":"publish","type":"product","link":"https:\/\/dogan-otomotiv.com\/index.php\/urun\/5n0915411c-aku-kutusu-vw-skoda-2008-68-amper-dizel-orj-yeni\/","title":{"rendered":"5N0915411C AK\u00dc KUTUSU VW SKODA 2008 68 AMPER D\u0130ZEL orj yeni"},"content":{"rendered":"<p>DO\u011eAN OTOMOT\u0130V YEDEK PAR\u00c7A<br \/>\nLTD \u015eT\u0130 \u0130VED\u0130K ORGAN\u0130ZE SAN 1471 SOKAK 91-A OST\u0130M ANKARA<br \/>\nSEM\u0130H SAVA\u015e\u00c7I (312) 395 20 95<br \/>\n0533 322 16 09<br \/>\nMUSTAFA SAVA\u015e\u00c7I<br \/>\n0 (312) 395 20 95<br \/>\nIBAN NO: TR 54 0011 1000 0000 0098 3516 19<br \/>\nF\u0130NANSBANK ENPARA<br \/>\n\u015eUBE KODU: 03663<br \/>\nHESAP NO: 98351619<\/p>\n<p>ONL\u0130NE SATI\u015eIMIZ YOKTUR<\/p>\n<p>T\u00dcM \u00dcR\u00dcNLER\u0130M\u0130Z GARANT\u0130L\u0130D\u0130R , A\u00c7ILAN \u00dcR\u00dcN\u00dcN GARANT\u0130 VE \u0130ADES\u0130 YOKTUR \u0130ADE S\u00dcRES\u0130 3 G\u00dcND\u00dcR<br \/>\nPaket i\u00e7eri\u011fi: 1 Adet<br \/>\nSATI\u015e F\u0130YATI KDV DAH\u0130L pe\u015fin fiyat\u0131d\u0131r<br \/>\nSAAT 18:00 KADAR VER\u0130LEN \u015e\u0130PAR\u0130\u015e AYNI G\u00dcN KARGO \u0130LE G\u00d6NDER\u0130M\u0130 YAPILIR.<br \/>\nKARGO \u0130ADES\u0130 DURUMUNDA .<br \/>\nKARGO \u00dcCRET\u0130 M\u00dc\u015eTER\u0130YE A\u0130TT\u0130R. AYRICA KARGODA KIRILAN PAR\u00c7ALARDAN SORUMLU DEY\u0130L\u0130Z<\/p>\n<p>27\/11\/2014 tarih ve 29188 say\u0131l\u0131 resmi gazetede yay\u0131mlanan mesafeli sat\u0131\u015flar y\u00f6netmeli\u011finin 15. maddesinde cayma hakk\u0131n\u0131n istisnalar\u0131 belirtilmi\u015ftir. \u0130lgili maddenin a bendinde &#8220;fiyat\u0131 finansal piyasalardaki dalgalanmalara ba\u011fl\u0131 olarak de\u011fi\u015fen ve sat\u0131c\u0131 veya sa\u011flay\u0131c\u0131n\u0131n kontrol\u00fcnde olmayan mal veya hizmetlere ili\u015fkin s\u00f6zle\u015fmeler&#8221; cayma hakk\u0131ndan istisna edilmi\u015ftir. \u00dcr\u00fcnlerimiz ithal \u00fcr\u00fcnler olup fiyatlar\u0131 g\u00fcnl\u00fck usd kurlar\u0131 kullan\u0131larak tl kar\u015f\u0131l\u0131\u011f\u0131na \u00e7evrilmesiyle hesaplanmaktad\u0131r. Fiyatlar kurdaki de\u011fi\u015fmeler ba\u011fl\u0131 olarak g\u00fcnl\u00fck olarak de\u011fi\u015fmektedir. Bu nedenle y\u00f6netmeli\u011fin 15. Md\/a bendi gere\u011fi cayma hakk\u0131ndan m\u00fcstesnad\u0131r. M\u00fc\u015fterilerimiz sipari\u015f \u00f6ncesinde bu konu hakk\u0131nda \u00f6n bilgilendirme yap\u0131ld\u0131\u011f\u0131n\u0131 kabul eder<\/p>\n","protected":false},"excerpt":{"rendered":"<p> For VW Bettle 2012-2019<br \/>\nFor VW Bettle Cabrio 2012-2019<br \/>\nFor VW CC 2012-2017<br \/>\nFor VW Eos 2006-2016<br \/>\nFor VW Novo Fusca 2013-2016<br \/>\nFor VW Vento 2005-2018<br \/>\nFor VW Vento Variant 2008-2014<br \/>\nFor VW Bora 2005-2010<br \/>\nFor VW Scirocco 2009-2018<br \/>\nFor VW Passat 2006-2022<br \/>\nFor VW Passat CC (Coupe) 2009-2012<br \/>\nFor VW Caddy 2004-2020<br \/>\nFor VW Jetta 2005-2018<br \/>\nFor VW Jetta Variant 2008-2014<br \/>\nFor VW Touran 2004-2019<br \/>\nFor VW Tiguan 2008-2018<br \/>\nFor VW Sagitar 2006-2015<br \/>\nFor VW Golf 2006-2014<br \/>\nFor VW Golf Plus 2005-2014<br \/>\nFor VW Golf Cabriolet 2012-2016<br \/>\nFor VW Golf Variant 2010-2014<\/p>\n<p>For Audi Q3 2012-2015<\/p>\n<p>For Skoda Octavia 2007-2017<br \/>\nFor Skoda Superb 2008-2023<br \/>\nFor Skoda Yeti 2010-2018<\/p>\n<p>For Seat Altea 2011-2015<br \/>\nFor Seat Leon 2011-2013<\/p>\n<p>Part Number\uff1a<br \/>\n1K0915411A<\/p>\n<p>1K0 915 411A<br \/>\n1K0 915 411 A<br \/>\n5Q0 915 411B<br \/>\n5Q0 915 411 B<\/p>\n","protected":false},"featured_media":3770,"comment_status":"open","ping_status":"closed","template":"","meta":{"_joinchat":[]},"product_cat":[15,24,19,20],"product_tag":[11512],"class_list":{"0":"post-3768","1":"product","2":"type-product","3":"status-publish","4":"has-post-thumbnail","6":"product_cat-volkswagen","7":"product_cat-audi","8":"product_cat-seat","9":"product_cat-skoda","10":"product_tag-5n0915411c-aku-kutusu-vw-skoda-2008-68-amper-dizel-orj-yeni","12":"first","13":"instock","14":"sale","15":"shipping-taxable","16":"purchasable","17":"product-type-simple"},"_links":{"self":[{"href":"https:\/\/dogan-otomotiv.com\/index.php\/wp-json\/wp\/v2\/product\/3768","targetHints":{"allow":["GET"]}}],"collection":[{"href":"https:\/\/dogan-otomotiv.com\/index.php\/wp-json\/wp\/v2\/product"}],"about":[{"href":"https:\/\/dogan-otomotiv.com\/index.php\/wp-json\/wp\/v2\/types\/product"}],"replies":[{"embeddable":true,"href":"https:\/\/dogan-otomotiv.com\/index.php\/wp-json\/wp\/v2\/comments?post=3768"}],"wp:featuredmedia":[{"embeddable":true,"href":"https:\/\/dogan-otomotiv.com\/index.php\/wp-json\/wp\/v2\/media\/3770"}],"wp:attachment":[{"href":"https:\/\/dogan-otomotiv.com\/index.php\/wp-json\/wp\/v2\/media?parent=3768"}],"wp:term":[{"taxonomy":"product_cat","embeddable":true,"href":"https:\/\/dogan-otomotiv.com\/index.php\/wp-json\/wp\/v2\/product_cat?post=3768"},{"taxonomy":"product_tag","embeddable":true,"href":"https:\/\/dogan-otomotiv.com\/index.php\/wp-json\/wp\/v2\/product_tag?post=3768"}],"curies":[{"name":"wp","href":"https:\/\/api.w.org\/{rel}","templated":true}]}}