{"id":371,"date":"2020-02-06T09:08:46","date_gmt":"2020-02-06T09:08:46","guid":{"rendered":"https:\/\/dogan-otomotiv.com\/?post_type=product&#038;p=371"},"modified":"2021-09-21T10:28:14","modified_gmt":"2021-09-21T10:28:14","slug":"turbo-hortumu-2-0-tdi-vw-touran-audi-a3-a05","status":"publish","type":"product","link":"https:\/\/dogan-otomotiv.com\/index.php\/urun\/turbo-hortumu-2-0-tdi-vw-touran-audi-a3-a05\/","title":{"rendered":"1K0129654AJ Turbo Hortumu 2.0 Tdi Vw Touran Aud\u0131 A3 (A05)"},"content":{"rendered":"<p>Turbo Hortumu 2.0 Tdi Vw Touran Aud\u0131 A3 (A05)<\/p>\n","protected":false},"excerpt":{"rendered":"<p>DO\u011eAN OTOMOT\u0130V YEDEK PAR\u00c7A<\/p>\n<p>SEM\u0130H SAVA\u015e\u00c7I<\/p>\n<p>0 (312) 395 20 95<\/p>\n<p>IBAN NO: TR56 0011 1000 0000 0088 9009 70<\/p>\n<p>F\u0130NANSBANK ENPARA<\/p>\n<p>\u015eUBE KODU: 03663<\/p>\n<p>HESAP NO: 88900970<\/p>\n","protected":false},"featured_media":372,"comment_status":"open","ping_status":"closed","template":"","meta":{"_joinchat":[]},"product_cat":[15,24],"product_tag":[5509,5511,105,104,5510],"class_list":{"0":"post-371","1":"product","2":"type-product","3":"status-publish","4":"has-post-thumbnail","6":"product_cat-volkswagen","7":"product_cat-audi","8":"product_tag-1k0129654aj","9":"product_tag-1k0129654aj-turbo-hortumu-2-0-tdi-vw-touran-audi-a3-a05","10":"product_tag-a3","11":"product_tag-touran","12":"product_tag-turbo-hortumu-2-0-tdi-vw-touran-audi-a3-a05","14":"first","15":"instock","16":"sale","17":"shipping-taxable","18":"purchasable","19":"product-type-simple"},"_links":{"self":[{"href":"https:\/\/dogan-otomotiv.com\/index.php\/wp-json\/wp\/v2\/product\/371","targetHints":{"allow":["GET"]}}],"collection":[{"href":"https:\/\/dogan-otomotiv.com\/index.php\/wp-json\/wp\/v2\/product"}],"about":[{"href":"https:\/\/dogan-otomotiv.com\/index.php\/wp-json\/wp\/v2\/types\/product"}],"replies":[{"embeddable":true,"href":"https:\/\/dogan-otomotiv.com\/index.php\/wp-json\/wp\/v2\/comments?post=371"}],"wp:featuredmedia":[{"embeddable":true,"href":"https:\/\/dogan-otomotiv.com\/index.php\/wp-json\/wp\/v2\/media\/372"}],"wp:attachment":[{"href":"https:\/\/dogan-otomotiv.com\/index.php\/wp-json\/wp\/v2\/media?parent=371"}],"wp:term":[{"taxonomy":"product_cat","embeddable":true,"href":"https:\/\/dogan-otomotiv.com\/index.php\/wp-json\/wp\/v2\/product_cat?post=371"},{"taxonomy":"product_tag","embeddable":true,"href":"https:\/\/dogan-otomotiv.com\/index.php\/wp-json\/wp\/v2\/product_tag?post=371"}],"curies":[{"name":"wp","href":"https:\/\/api.w.org\/{rel}","templated":true}]}}