{"id":3664,"date":"2020-07-18T09:46:47","date_gmt":"2020-07-18T09:46:47","guid":{"rendered":"https:\/\/dogan-otomotiv.com\/?post_type=product&#038;p=3664"},"modified":"2022-07-21T05:56:03","modified_gmt":"2022-07-21T05:56:03","slug":"8d0877794a-sanrof-acilir-tavan-citasi-sanrof-passat-audi-wv-orj-yeni","status":"publish","type":"product","link":"https:\/\/dogan-otomotiv.com\/index.php\/urun\/8d0877794a-sanrof-acilir-tavan-citasi-sanrof-passat-audi-wv-orj-yeni\/","title":{"rendered":"8D0877794A SANROF ACILIR TAVAN CITASI SANROF PASSAT AUD\u0130 WV ORJ YEN\u0130"},"content":{"rendered":"<p>8D0877794A ACILIR TAVAN CITASI SANROF PASSAT AUD\u0130 WV<br \/>\nAUDI\t\tAudi A4\/Avant\t\t1999-2001\t\t&gt;&gt; 8D-1-200 000; 8D-X-200 001 &gt;&gt;<br \/>\nAUDI\t\tAudi A4\/Avant\t\t1999-2001\t\t; &gt;&gt; 8D-1-200 000; 8D-X-200 001 &gt;&gt;<br \/>\nAUDI\t\tAudi A4\/Avant\t\t1999-2002\t\t; &gt;&gt; 8D-2-010 000; 8D-X-200 001 &gt;&gt;<br \/>\nAUDI\t\tAudi A4\/S4\/Avant\t\t1999-2002\t\t; &gt;&gt; 8D-2-010 000; 8D-X-200 001 &gt;&gt;<br \/>\nAUDI\t\tAudi A4\/S4\/Avant qu.\t\t1999-2001\t\t; &gt;&gt; 8D-1-200 000; 8D-X-200 001 &gt;&gt;<br \/>\nAUDI\t\tAudi A4\/S4\/Avant\/qu.\t\t1999-2001\t\t; &gt;&gt; 8D-1-200 000; 8D-X-200 001 &gt;&gt;<br \/>\nAUDI\t\tAudi A4\/S4\/Avant\/quattro\t\t1999-2001\t\t; &gt;&gt; 8D-1-200 000; 8D-X-200 001 &gt;&gt;<br \/>\nSEAT\t\tLeon, Toledo\t\t1999-2001\t\t; 1M-X-000 001 &gt;&gt; 1M-X-025 000<br \/>\nSEAT\t\tLeon, Toledo\t\t2002-2006\t\t; 1M-6-000 001 &gt;&gt;<br \/>\nVW\t\tBora\t\t1999-2001<br \/>\nVW\t\tBora\t\t2001-2006<br \/>\nVW\t\tBora\t\t2002-2005\t\t; &gt;&gt; 9M-5-149 999<br \/>\nVW\t\tBora\/Variant\/4Motion\t\t1999-2001<br \/>\nVW\t\tBora\/Variant\/4Motion\t\t2002-2002<br \/>\nVW\t\tBora\/Variant\/4Motion\t\t2003-2005<br \/>\nVW\t\tClasico\/Jetta\t\t1999-2001\t\t; 9M-X-000 001 &gt;&gt;<br \/>\nVW\t\tClasico\/Jetta\t\t2002-2005\t\t; &gt;&gt; 9M-5-149 999<br \/>\nVW\t\tGolf\t\t1998-2001<br \/>\nVW\t\tGolf\t\t1999-2001<br \/>\nVW\t\tGolf\t\t2000-2001<br \/>\nVW\t\tGolf\t\t2002-2002<br \/>\nVW\t\tGolf\t\t2003-2007<br \/>\nVW\t\tGolf\t\t2004-2009\t\t; 1J-9-000 001 &gt;&gt;<br \/>\nVW\t\tGolf\/Golf R32\t\t2003-2004<br \/>\nVW\t\tGolf\/R32\/GTI\/Rabbit\t\t2004-2004\t\tGolf R32<br \/>\nVW\t\tGolf\/Variant\t\t1998-2001<br \/>\nVW\t\tGolf\/Variant\t\t2002-2002<br \/>\nVW\t\tGolf\/Variant\t\t2003-2006\t\t; Golf Variant<br \/>\nVW\t\tGolf\/Variant\/4Motion\t\t1998-2001\t\t; 1J-W-000 001 &gt;&gt;<br \/>\nVW\t\tGolf\/Variant\/4Motion\t\t2002-2002<br \/>\nVW\t\tGolf\/Variant\/4Motion\t\t2003-2006\t\t; 1J-4-000 001 &gt;&gt;; 1J-5-000 001 &gt;&gt;; 1J-6-000 001 &gt;&gt;<br \/>\nVW\t\tJetta\t\t1999-2001\t\t; 9M-X-000 001 &gt;&gt;<br \/>\nVW\t\tJetta\t\t1999-2001<br \/>\nVW\t\tJetta\t\t2002-2002<br \/>\nVW\t\tJetta\t\t2002-2005\t\t; &gt;&gt; 9M-5-149 999<br \/>\nVW\t\tJetta\t\t2003-2006\t\t; 1J-6-000 001 &gt;&gt;<br \/>\nVW\t\tJetta Variant\t\t2001-2001<br \/>\nVW\t\tJetta Variant\t\t2002-2002<br \/>\nVW\t\tJetta Variant\t\t2003-2005<br \/>\nVW\t\tJetta Variant\t\t2003-2006<\/p>\n","protected":false},"excerpt":{"rendered":"<p>DO\u011eAN OTOMOT\u0130V YEDEK PAR\u00c7A<br \/>\nSEM\u0130H SAVA\u015e\u00c7I<\/p>\n<p>0 (312) 395 20 95<\/p>\n<p>0533 322 16 09<\/p>\n<p>IBAN NO: TR56 0011 1000 0000 0088 9009 70  <\/p>\n<p>F\u0130NANSBANK ENPARA<\/p>\n<p>\u015eUBE KODU: 03663<\/p>\n<p>HESAP NO: 88900970<\/p>\n<p>KARGO \u0130ADES\u0130 DURUMUNDA<\/p>\n<p>KARGO \u00dcCRET\u0130 M\u00dc\u015eTER\u0130YE A\u0130TT\u0130R.<\/p>\n<p>\u015e\u0130PAR\u0130\u015eLER HAKKINDA<\/p>\n<p>L\u00dcTFEN \u015e\u0130PAR\u0130\u015e VERMEK \u0130STED\u0130\u011e\u0130N\u0130Z \u00dcR\u00dcN\u00dcN STOK DURUMUNU SORUNUZ.<\/p>\n<p>T\u00dcRK\u0130YEN\u0130N T\u00dcM \u015eEH\u0130RLER\u0130NE ANLA\u015eMALI KARGOLARIMIZ \u0130LE G\u00d6NDER\u0130M YAPILIR.<\/p>\n<p>SAAT 17:00 KADAR VER\u0130LEN \u015e\u0130PAR\u0130\u015eLER AYNI G\u00dcN KARGO \u0130LE G\u00d6NDER\u0130M\u0130 YAPILIR.<\/p>\n<p>\u00c7IKMA PAR\u00c7A F\u0130YATLARI PAR\u00c7ANIN TEM\u0130ZL\u0130\u011e\u0130NE VE TAM\u0130RS\u0130ZL\u0130\u011e\u0130NE G\u00d6RE DE\u011e\u0130\u015eKENL\u0130K G\u00d6STER\u0130R.<\/p>\n<p>D\u0130\u011eER PAR\u00c7ALAR VE F\u0130YAT B\u0130LG\u0130S\u0130 \u0130\u00c7\u0130N \u0130LET\u0130\u015eME GE\u00c7EB\u0130L\u0130RS\u0130N\u0130Z<\/p>\n","protected":false},"featured_media":3665,"comment_status":"open","ping_status":"closed","template":"","meta":{"_joinchat":[]},"product_cat":[15,24,19,20],"product_tag":[3092,6868],"class_list":{"0":"post-3664","1":"product","2":"type-product","3":"status-publish","4":"has-post-thumbnail","6":"product_cat-volkswagen","7":"product_cat-audi","8":"product_cat-seat","9":"product_cat-skoda","10":"product_tag-8d0877794a","11":"product_tag-8d0877794a-sanrof-acilir-tavan-citasi-sanrof-passat-audi-wv-orj-yeni","13":"first","14":"instock","15":"sale","16":"shipping-taxable","17":"purchasable","18":"product-type-simple"},"_links":{"self":[{"href":"https:\/\/dogan-otomotiv.com\/index.php\/wp-json\/wp\/v2\/product\/3664","targetHints":{"allow":["GET"]}}],"collection":[{"href":"https:\/\/dogan-otomotiv.com\/index.php\/wp-json\/wp\/v2\/product"}],"about":[{"href":"https:\/\/dogan-otomotiv.com\/index.php\/wp-json\/wp\/v2\/types\/product"}],"replies":[{"embeddable":true,"href":"https:\/\/dogan-otomotiv.com\/index.php\/wp-json\/wp\/v2\/comments?post=3664"}],"wp:featuredmedia":[{"embeddable":true,"href":"https:\/\/dogan-otomotiv.com\/index.php\/wp-json\/wp\/v2\/media\/3665"}],"wp:attachment":[{"href":"https:\/\/dogan-otomotiv.com\/index.php\/wp-json\/wp\/v2\/media?parent=3664"}],"wp:term":[{"taxonomy":"product_cat","embeddable":true,"href":"https:\/\/dogan-otomotiv.com\/index.php\/wp-json\/wp\/v2\/product_cat?post=3664"},{"taxonomy":"product_tag","embeddable":true,"href":"https:\/\/dogan-otomotiv.com\/index.php\/wp-json\/wp\/v2\/product_tag?post=3664"}],"curies":[{"name":"wp","href":"https:\/\/api.w.org\/{rel}","templated":true}]}}