{"id":3657,"date":"2020-07-18T09:15:55","date_gmt":"2020-07-18T09:15:55","guid":{"rendered":"https:\/\/dogan-otomotiv.com\/?post_type=product&#038;p=3657"},"modified":"2025-05-06T10:44:55","modified_gmt":"2025-05-06T10:44:55","slug":"3aa885081-kol-dayama-arka-koltuk-2011-2015-vw-passat-orj-yeni","status":"publish","type":"product","link":"https:\/\/dogan-otomotiv.com\/index.php\/urun\/3aa885081-kol-dayama-arka-koltuk-2011-2015-vw-passat-orj-yeni\/","title":{"rendered":"3AA885081 KOL DAYAMA ARKA KOLTUK 2011-2015-VW PASSAT ORJ YEN\u0130"},"content":{"rendered":"<p>3AA885081 KOL DAYAMA ARKA KOLTUK KOL\u00c7AK VOLKSWAGEN  2011-2015<br \/>\n        VW\tPassat\t2010\/08-2014\/12\t362\t1.4 TSI\t1390 cc, 90 KW, 122 PS<br \/>\n \tVW\tPassat\t2012\/11-2014\/12\t362\t1.4 TSI\t1390 cc, 118 KW, 160 PS<br \/>\n \tVW\tPassat\t2010\/08-2014\/12\t362\t1.4 TSI EkoYak\u0131t\t1390 cc, 110 KW, 150 PS<br \/>\n \tVW\tPassat\t2010\/11-2014\/12\t362\t1.4 TSI \u00c7oklu Yak\u0131t\t1390 cc, 118 KW, 160 PS<br \/>\n \tVW\tPassat\t2010\/08-2014\/12\t362\t1.6 TDI\t1598 cc, 77 KW, 105 PS<br \/>\n \tVW\tPassat\t2010\/08-2014\/12\t362\t1.8 TSI\t1798 cc, 118 KW, 160 PS<br \/>\n \tVW\tPassat\t2011\/02-2014\/12\t362\t1.8 TSI\t1798 ccm, 112 KW, 152 PS<br \/>\n \tVW\tPassat\t2010\/08-2014\/12\t362\t2.0 TDI\t1968 ccm, 100 KW, 136 PS<br \/>\n \tVW\tPassat\t2010\/08-2014\/12\t362\t2.0 TDI\t1968 ccm, 103 KW, 140 PS<br \/>\n \tVW\tPassat\t2010\/08-2014\/12\t362\t2.0 TDI\t1968 ccm, 125 KW, 170 PS<br \/>\n \tVW\tPassat\t2012\/12-2014\/12\t362\t2.0 TDI\t1968 ccm, 130 KW, 177 PS<br \/>\n \tVW\tPassat\t2010\/08-2013\/01\t362\t2.0 TDI 4 hareket\t1968 ccm, 125 KW, 170 PS<br \/>\n \tVW\tPassat\t2010\/08-2014\/12\t362\t2.0 TDI 4 hareket\t1968 ccm, 103 KW, 140 PS<br \/>\n \tVW\tPassat\t2013\/01-2014\/12\t362\t2.0 TDI 4 hareket\t1968 ccm, 130 KW, 177 PS<br \/>\n \tVW\tPassat\t2010\/11-2014\/12\t362\t2.0 TSI\t1984 cc, 155 KW, 210 PS<br \/>\n \tVW\tPassat\t2011\/01-2014\/12\t362\t3.6 FSI 4 hareket\t3597 cc, 220 KW, 300 PS<br \/>\n \tVW\tPassat\t2011\/04-2016\/12\tA32\t3.6 FSI\t3597 cc, 206 KW, 280 PS<\/p>\n","protected":false},"excerpt":{"rendered":"<p>DO\u011eAN OTOMOT\u0130V YEDEK PAR\u00c7A<br \/>\nSEM\u0130H SAVA\u015e\u00c7I<\/p>\n<p>0 (312) 395 20 95<\/p>\n<p>0533 322 16 09<\/p>\n<p>IBAN NO: TR56 0011 1000 0000 0088 9009 70  <\/p>\n<p>F\u0130NANSBANK ENPARA<\/p>\n<p>\u015eUBE KODU: 03663<\/p>\n<p>HESAP NO: 88900970<\/p>\n<p>KARGO \u0130ADES\u0130 DURUMUNDA<\/p>\n<p>KARGO \u00dcCRET\u0130 M\u00dc\u015eTER\u0130YE A\u0130TT\u0130R.<\/p>\n<p>\u015e\u0130PAR\u0130\u015eLER HAKKINDA<\/p>\n<p>L\u00dcTFEN \u015e\u0130PAR\u0130\u015e VERMEK \u0130STED\u0130\u011e\u0130N\u0130Z \u00dcR\u00dcN\u00dcN STOK DURUMUNU SORUNUZ.<\/p>\n<p>T\u00dcRK\u0130YEN\u0130N T\u00dcM \u015eEH\u0130RLER\u0130NE ANLA\u015eMALI KARGOLARIMIZ \u0130LE G\u00d6NDER\u0130M YAPILIR.<\/p>\n<p>SAAT 17:00 KADAR VER\u0130LEN \u015e\u0130PAR\u0130\u015eLER AYNI G\u00dcN KARGO \u0130LE G\u00d6NDER\u0130M\u0130 YAPILIR.<\/p>\n<p>\u00c7IKMA PAR\u00c7A F\u0130YATLARI PAR\u00c7ANIN TEM\u0130ZL\u0130\u011e\u0130NE VE TAM\u0130RS\u0130ZL\u0130\u011e\u0130NE G\u00d6RE DE\u011e\u0130\u015eKENL\u0130K G\u00d6STER\u0130R.<\/p>\n<p>D\u0130\u011eER PAR\u00c7ALAR VE F\u0130YAT B\u0130LG\u0130S\u0130 \u0130\u00c7\u0130N \u0130LET\u0130\u015eME GE\u00c7EB\u0130L\u0130RS\u0130N\u0130Z<\/p>\n","protected":false},"featured_media":6531,"comment_status":"open","ping_status":"closed","template":"","meta":{"_joinchat":[]},"product_cat":[15],"product_tag":[7577],"class_list":{"0":"post-3657","1":"product","2":"type-product","3":"status-publish","4":"has-post-thumbnail","6":"product_cat-volkswagen","7":"product_tag-3aa885081-kol-dayama-arka-koltuk-2011-2015-vw-passat-orj-yeni","9":"first","10":"instock","11":"sale","12":"shipping-taxable","13":"purchasable","14":"product-type-simple"},"_links":{"self":[{"href":"https:\/\/dogan-otomotiv.com\/index.php\/wp-json\/wp\/v2\/product\/3657","targetHints":{"allow":["GET"]}}],"collection":[{"href":"https:\/\/dogan-otomotiv.com\/index.php\/wp-json\/wp\/v2\/product"}],"about":[{"href":"https:\/\/dogan-otomotiv.com\/index.php\/wp-json\/wp\/v2\/types\/product"}],"replies":[{"embeddable":true,"href":"https:\/\/dogan-otomotiv.com\/index.php\/wp-json\/wp\/v2\/comments?post=3657"}],"wp:featuredmedia":[{"embeddable":true,"href":"https:\/\/dogan-otomotiv.com\/index.php\/wp-json\/wp\/v2\/media\/6531"}],"wp:attachment":[{"href":"https:\/\/dogan-otomotiv.com\/index.php\/wp-json\/wp\/v2\/media?parent=3657"}],"wp:term":[{"taxonomy":"product_cat","embeddable":true,"href":"https:\/\/dogan-otomotiv.com\/index.php\/wp-json\/wp\/v2\/product_cat?post=3657"},{"taxonomy":"product_tag","embeddable":true,"href":"https:\/\/dogan-otomotiv.com\/index.php\/wp-json\/wp\/v2\/product_tag?post=3657"}],"curies":[{"name":"wp","href":"https:\/\/api.w.org\/{rel}","templated":true}]}}