{"id":3633,"date":"2020-07-17T14:06:50","date_gmt":"2020-07-17T14:06:50","guid":{"rendered":"https:\/\/dogan-otomotiv.com\/?post_type=product&#038;p=3633"},"modified":"2020-11-12T13:52:55","modified_gmt":"2020-11-12T13:52:55","slug":"028903025p-alternator-vw-caddy-96-03-golf-92-99-passat-92-97-d33","status":"publish","type":"product","link":"https:\/\/dogan-otomotiv.com\/index.php\/urun\/028903025p-alternator-vw-caddy-96-03-golf-92-99-passat-92-97-d33\/","title":{"rendered":"028903025P ALTERNATOR VW CADDY 96-03 GOLF 92-99 PASSAT 92-97 D33"},"content":{"rendered":"<p>028903025P ALTERNATOR VW CADDY 96-03 GOLF 92-99 PASSAT 92-97 D33<\/p>\n<p>028903025P ALTERNAT\u00d6R<\/p>\n<p>VW CADDY 96-03<\/p>\n<p>VW GOLF 92-99<\/p>\n<p>VW PASSAT 92-97<\/p>\n<p>VW POLO 95-02<\/p>\n<p>VW TR 91-04<\/p>\n<p>KOLTUK IBIZA \/ CORDOBA 93-99<\/p>\n<p>BMW 3 Serisi Sedan,<\/p>\n<p>BMW 3 Serisi Coupe,<\/p>\n<p>ALFA ROMEO 155,<\/p>\n<p>ALFA ROMEO 164,<\/p>\n<p>BMW 5 Serisi Sedan,<\/p>\n<p>BMW 5 Touring SW,<\/p>\n<p>BMW 7 Serisi Station (SW),<\/p>\n<p>BMW 7 Serisi Sedan,<\/p>\n<p>BMW 3 Serisi Cabrio,<\/p>\n<p>KOLTUK IBIZA SPORTCOUPE,<\/p>\n<p>OPEL VECTRA Hatchback,<\/p>\n<p>OPEL VECTRA \u00d6yleyse,<\/p>\n<p>FORD ESCORT Hatchback,<\/p>\n<p>FORD ESCORT \u0130stasyonu (SW),<\/p>\n<p>FORD ESCORT Cabrio<\/p>\n<p>BMW 3 Serisi Sedan, <\/p>\n<p>BMW 3 Serisi Coupe, <\/p>\n<p>ALFA ROMEO 155, <\/p>\n<p>ALFA ROMEO 164, <\/p>\n<p>BMW 5 Serisi Sedan, <\/p>\n<p>BMW 5 Touring SW, <\/p>\n<p>BMW 7 Serisi Station (SW), <\/p>\n<p>BMW 7 Serisi Sedan, <\/p>\n<p>BMW 3 Serisi Cabrio, <\/p>\n<p>KOLTUK IBIZA SPORTCOUPE, <\/p>\n<p>OPEL VECTRA Hatchback, <\/p>\n<p>OPEL VECTRA \u00d6yleyse, <\/p>\n<p>FORD ESCORT Hatchback, <\/p>\n<p>FORD ESCORT \u0130stasyonu (SW), <\/p>\n<p>FORD ESCORT Cabrio<\/p>\n","protected":false},"excerpt":{"rendered":"<p>DO\u011eAN OTOMOT\u0130V YEDEK PAR\u00c7A<br \/>\nSEM\u0130H SAVA\u015e\u00c7I<\/p>\n<p>0 (312) 395 20 95<\/p>\n<p>0533 322 16 09<\/p>\n<p>IBAN NO: TR56 0011 1000 0000 0088 9009 70  <\/p>\n<p>F\u0130NANSBANK ENPARA<\/p>\n<p>\u015eUBE KODU: 03663<\/p>\n<p>HESAP NO: 88900970<\/p>\n<p>KARGO \u0130ADES\u0130 DURUMUNDA<\/p>\n<p>KARGO \u00dcCRET\u0130 M\u00dc\u015eTER\u0130YE A\u0130TT\u0130R.<\/p>\n<p>\u015e\u0130PAR\u0130\u015eLER HAKKINDA<\/p>\n<p>L\u00dcTFEN \u015e\u0130PAR\u0130\u015e VERMEK \u0130STED\u0130\u011e\u0130N\u0130Z \u00dcR\u00dcN\u00dcN STOK DURUMUNU SORUNUZ.<\/p>\n<p>T\u00dcRK\u0130YEN\u0130N T\u00dcM \u015eEH\u0130RLER\u0130NE ANLA\u015eMALI KARGOLARIMIZ \u0130LE G\u00d6NDER\u0130M YAPILIR.<\/p>\n<p>SAAT 17:00 KADAR VER\u0130LEN \u015e\u0130PAR\u0130\u015eLER AYNI G\u00dcN KARGO \u0130LE G\u00d6NDER\u0130M\u0130 YAPILIR.<\/p>\n<p>\u00c7IKMA PAR\u00c7A F\u0130YATLARI PAR\u00c7ANIN TEM\u0130ZL\u0130\u011e\u0130NE VE TAM\u0130RS\u0130ZL\u0130\u011e\u0130NE G\u00d6RE DE\u011e\u0130\u015eKENL\u0130K G\u00d6STER\u0130R.<\/p>\n<p>D\u0130\u011eER PAR\u00c7ALAR VE F\u0130YAT B\u0130LG\u0130S\u0130 \u0130\u00c7\u0130N \u0130LET\u0130\u015eME GE\u00c7EB\u0130L\u0130RS\u0130N\u0130Z<\/p>\n","protected":false},"featured_media":3634,"comment_status":"open","ping_status":"closed","template":"","meta":{"_joinchat":[]},"product_cat":[15,24,19,20],"product_tag":[3075,3074],"class_list":{"0":"post-3633","1":"product","2":"type-product","3":"status-publish","4":"has-post-thumbnail","6":"product_cat-volkswagen","7":"product_cat-audi","8":"product_cat-seat","9":"product_cat-skoda","10":"product_tag-028903025p","11":"product_tag-028903025p-alternator-vw-caddy-96-03-golf-92-99-passat-92-97-d33","13":"first","14":"instock","15":"sale","16":"shipping-taxable","17":"purchasable","18":"product-type-simple"},"_links":{"self":[{"href":"https:\/\/dogan-otomotiv.com\/index.php\/wp-json\/wp\/v2\/product\/3633","targetHints":{"allow":["GET"]}}],"collection":[{"href":"https:\/\/dogan-otomotiv.com\/index.php\/wp-json\/wp\/v2\/product"}],"about":[{"href":"https:\/\/dogan-otomotiv.com\/index.php\/wp-json\/wp\/v2\/types\/product"}],"replies":[{"embeddable":true,"href":"https:\/\/dogan-otomotiv.com\/index.php\/wp-json\/wp\/v2\/comments?post=3633"}],"wp:featuredmedia":[{"embeddable":true,"href":"https:\/\/dogan-otomotiv.com\/index.php\/wp-json\/wp\/v2\/media\/3634"}],"wp:attachment":[{"href":"https:\/\/dogan-otomotiv.com\/index.php\/wp-json\/wp\/v2\/media?parent=3633"}],"wp:term":[{"taxonomy":"product_cat","embeddable":true,"href":"https:\/\/dogan-otomotiv.com\/index.php\/wp-json\/wp\/v2\/product_cat?post=3633"},{"taxonomy":"product_tag","embeddable":true,"href":"https:\/\/dogan-otomotiv.com\/index.php\/wp-json\/wp\/v2\/product_tag?post=3633"}],"curies":[{"name":"wp","href":"https:\/\/api.w.org\/{rel}","templated":true}]}}