{"id":358,"date":"2020-02-06T07:35:12","date_gmt":"2020-02-06T07:35:12","guid":{"rendered":"https:\/\/dogan-otomotiv.com\/?post_type=product&#038;p=358"},"modified":"2026-05-04T11:58:23","modified_gmt":"2026-05-04T11:58:23","slug":"jant-kapagi-15-vw-passat-b5-a03-2","status":"publish","type":"product","link":"https:\/\/dogan-otomotiv.com\/index.php\/urun\/jant-kapagi-15-vw-passat-b5-a03-2\/","title":{"rendered":"Jant Kapag\u0131 15&#8243; Vw Passat B5 (A03)"},"content":{"rendered":"<p>Jant Kapag\u0131 15&#8243; Vw Passat B5 (A03)<\/p>\n","protected":false},"excerpt":{"rendered":"<p>DO\u011eAN OTOMOT\u0130V YEDEK PAR\u00c7A<\/p>\n<p>SEM\u0130H SAVA\u015e\u00c7I<\/p>\n<p>0 (312) 395 20 95<\/p>\n<p>IBAN NO: TR54 0006 7010 0000 0087 8558 09<\/p>\n<p>\u015eUBE KODU: 0264<\/p>\n<p>HESAP NO: 87855809<\/p>\n<p>YAPI KRED\u0130 BANKASI ATA SANAY\u0130 \u015eUBES\u0130<\/p>\n<p>IBAN NO: TR83 0013 4000 0057 8901 8000 01<\/p>\n<p>DEN\u0130ZBANK \u0130VED\u0130K ORGAN\u0130ZE SANAY\u0130 \u015eUBES\u0130<\/p>\n","protected":false},"featured_media":359,"comment_status":"open","ping_status":"closed","template":"","meta":{"_joinchat":[]},"product_cat":[15],"product_tag":[107],"class_list":{"0":"post-358","1":"product","2":"type-product","3":"status-publish","4":"has-post-thumbnail","6":"product_cat-volkswagen","7":"product_tag-passat-b5","9":"first","10":"instock","11":"sale","12":"shipping-taxable","13":"purchasable","14":"product-type-simple"},"_links":{"self":[{"href":"https:\/\/dogan-otomotiv.com\/index.php\/wp-json\/wp\/v2\/product\/358","targetHints":{"allow":["GET"]}}],"collection":[{"href":"https:\/\/dogan-otomotiv.com\/index.php\/wp-json\/wp\/v2\/product"}],"about":[{"href":"https:\/\/dogan-otomotiv.com\/index.php\/wp-json\/wp\/v2\/types\/product"}],"replies":[{"embeddable":true,"href":"https:\/\/dogan-otomotiv.com\/index.php\/wp-json\/wp\/v2\/comments?post=358"}],"wp:featuredmedia":[{"embeddable":true,"href":"https:\/\/dogan-otomotiv.com\/index.php\/wp-json\/wp\/v2\/media\/359"}],"wp:attachment":[{"href":"https:\/\/dogan-otomotiv.com\/index.php\/wp-json\/wp\/v2\/media?parent=358"}],"wp:term":[{"taxonomy":"product_cat","embeddable":true,"href":"https:\/\/dogan-otomotiv.com\/index.php\/wp-json\/wp\/v2\/product_cat?post=358"},{"taxonomy":"product_tag","embeddable":true,"href":"https:\/\/dogan-otomotiv.com\/index.php\/wp-json\/wp\/v2\/product_tag?post=358"}],"curies":[{"name":"wp","href":"https:\/\/api.w.org\/{rel}","templated":true}]}}