{"id":3546,"date":"2020-07-15T14:46:17","date_gmt":"2020-07-15T14:46:17","guid":{"rendered":"https:\/\/dogan-otomotiv.com\/?post_type=product&#038;p=3546"},"modified":"2024-09-26T11:37:27","modified_gmt":"2024-09-26T11:37:27","slug":"4e0953503b-silecek-kolu-audi-a4-a6-a8-a4-b7-a6-c6-a8-d3","status":"publish","type":"product","link":"https:\/\/dogan-otomotiv.com\/index.php\/urun\/4e0953503b-silecek-kolu-audi-a4-a6-a8-a4-b7-a6-c6-a8-d3\/","title":{"rendered":"4E0953503B S\u0130LECEK KOLU AUD\u0130 A4 A6 A8 A4 B7 A6 C6 A8 D3"},"content":{"rendered":"<pre>4E0953503B S\u0130LECEK KOLU AUD\u0130 A4 A6 A8 A4 B7 A6 C6 A8 D3<\/pre>\n","protected":false},"excerpt":{"rendered":"<pre>DO\u011eAN OTOMOT\u0130V YEDEK PAR\u00c7A\r\n\r\nSEM\u0130H SAVA\u015e\u00c7I\r\n\r\n0 (312) 395 20 95\r\n\r\nIBAN NO: TR56 0011 1000 0000 0088 9009 70\u00a0\u00a0\r\n\r\nF\u0130NANSBANK ENPARA\r\n\r\n\u015eUBE KODU: 03663\r\n\r\nHESAP NO: 88900970\r\n\r\n<b><u>KARGO \u0130ADES\u0130 DURUMUNDA<\/u><\/b>\r\n\r\n<b><u>KARGO \u00dcCRET\u0130 M\u00dc\u015eTER\u0130YE A\u0130TT\u0130R.<\/u><\/b>\r\n\r\nTOPLU S\u0130PAR\u0130\u015eLER\u0130N\u0130Z \u0130\u00c7\u0130N: doganotoyedekparcavw@gmail.com<\/pre>\n","protected":false},"featured_media":15635,"comment_status":"open","ping_status":"closed","template":"","meta":{"_joinchat":[]},"product_cat":[24],"product_tag":[3027,3026],"class_list":{"0":"post-3546","1":"product","2":"type-product","3":"status-publish","4":"has-post-thumbnail","6":"product_cat-audi","7":"product_tag-4e0953503b","8":"product_tag-4e0953503b-silecek-kolu-audi-a4-a6-a8-a4-b7-a6-c6-a8-d3","10":"first","11":"instock","12":"sale","13":"shipping-taxable","14":"purchasable","15":"product-type-simple"},"_links":{"self":[{"href":"https:\/\/dogan-otomotiv.com\/index.php\/wp-json\/wp\/v2\/product\/3546","targetHints":{"allow":["GET"]}}],"collection":[{"href":"https:\/\/dogan-otomotiv.com\/index.php\/wp-json\/wp\/v2\/product"}],"about":[{"href":"https:\/\/dogan-otomotiv.com\/index.php\/wp-json\/wp\/v2\/types\/product"}],"replies":[{"embeddable":true,"href":"https:\/\/dogan-otomotiv.com\/index.php\/wp-json\/wp\/v2\/comments?post=3546"}],"wp:featuredmedia":[{"embeddable":true,"href":"https:\/\/dogan-otomotiv.com\/index.php\/wp-json\/wp\/v2\/media\/15635"}],"wp:attachment":[{"href":"https:\/\/dogan-otomotiv.com\/index.php\/wp-json\/wp\/v2\/media?parent=3546"}],"wp:term":[{"taxonomy":"product_cat","embeddable":true,"href":"https:\/\/dogan-otomotiv.com\/index.php\/wp-json\/wp\/v2\/product_cat?post=3546"},{"taxonomy":"product_tag","embeddable":true,"href":"https:\/\/dogan-otomotiv.com\/index.php\/wp-json\/wp\/v2\/product_tag?post=3546"}],"curies":[{"name":"wp","href":"https:\/\/api.w.org\/{rel}","templated":true}]}}