{"id":3473,"date":"2020-07-12T11:44:26","date_gmt":"2020-07-12T11:44:26","guid":{"rendered":"https:\/\/dogan-otomotiv.com\/?post_type=product&#038;p=3473"},"modified":"2021-12-16T10:46:22","modified_gmt":"2021-12-16T10:46:22","slug":"028903119f-alternator-kasnagi-vw-caddy-96-03-vw-golf-92-99-d48","status":"publish","type":"product","link":"https:\/\/dogan-otomotiv.com\/index.php\/urun\/028903119f-alternator-kasnagi-vw-caddy-96-03-vw-golf-92-99-d48\/","title":{"rendered":"028903119F ALTERNATOR KASNA\u011eI VW CADDY 96-03 VW GOLF 92-99 D48"},"content":{"rendered":"<p>028903119F ALTERNATOR KASNA\u011eI VW CADDY 96-03 VW GOLF 92-99 D48<\/p>\n<p>VW Passat B3\/B4 Sedan (3A2, 35i) (Yap\u0131m Y\u0131l\u0131 02.1988 &#8211; 08.1996, 68 &#8211; 174 PS, Dizel, Benzin)<br \/>\nVW Passat B3\/B4 Estate (3A5, 35i) (Yap\u0131m Y\u0131l\u0131 02.1988 &#8211; 05.1997, 68 &#8211; 184 PS, Dizel, Benzin)<br \/>\nVW Polo III Hatchback (6N1) (Yap\u0131m Y\u0131l\u0131 10.1994 &#8211; 10.1999, 45 &#8211; 120 PS, Dizel, Benzin)<br \/>\nVW Transporter T4 Minib\u00fcs (70B, 70C, 7DB, 7DK, 70J, 70K, 7DC, 7DJ) (Yap\u0131m Y\u0131l\u0131 09.1990 &#8211; 04.2003, 60 &#8211; 204 PS, Dizel, Benzin)<br \/>\nVW Golf III Cabrio (1E7) (Yap\u0131m Y\u0131l\u0131 07.1993 &#8211; 05.1998, 75 &#8211; 115 PS, Dizel, Benzin)<br \/>\nVW Golf III Hatchback (1H1) (Yap\u0131m Y\u0131l\u0131 08.1991 &#8211; 07.1998, 27 &#8211; 190 PS, Dizel, Elektrik, Benzin)<br \/>\nVW Golf III Estate (1H5) (Yap\u0131m Y\u0131l\u0131 07.1993 &#8211; 04.1999, 55 &#8211; 190 PS, Dizel, Benzin)<br \/>\nVW Sharan I (7M8, 7M9, 7M6) (Yap\u0131m Y\u0131l\u0131 09.1995 &#8211; 03.2010, 90 &#8211; 204 PS, Dizel, Benzin, Petrol\/Petrol Gaz\u0131 (LPG))<br \/>\nVW Polo III Classic (6V2) (Yap\u0131m Y\u0131l\u0131 01.1995 &#8211; 07.2006, 50 &#8211; 116 PS, Dizel, Flexfuel, Benzin, Benzin\/Elektro, Benzin\/Etanol)<br \/>\nVW Transporter T4 Van (70A, 70H, 7DA, 7DH) (Yap\u0131m Y\u0131l\u0131 07.1990 &#8211; 04.2003, 60 &#8211; 204 PS, Dizel, Benzin)<br \/>\nVW Transporter T4 Platform \/ \u015easi (70E, 70L, 70M, 7DE, 7DL, 7D) (Yap\u0131m Y\u0131l\u0131 07.1990 &#8211; 04.2003, 60 &#8211; 204 PS, Dizel, Benzin)<br \/>\nVW Polo III Varyant (6V5) (Yap\u0131m Y\u0131l\u0131 05.1997 &#8211; 09.2001, 54 &#8211; 110 PS, Dizel, Benzin)<br \/>\nVW Golf IV Hatchback (1J1) (Yap\u0131m Y\u0131l\u0131 08.1997 &#8211; 06.2005, 54 &#8211; 243 PS, Dizel, Benzin, Benzin\/Elektro, Benzin\/Etanol, Benzin\/Do\u011falgaz (CNG))<br \/>\nVW Golf IV Cabrio (1E) (Yap\u0131m Y\u0131l\u0131 06.1998 &#8211; 12.2002, 75 &#8211; 117 PS, Dizel, Benzin)<br \/>\nVW Vento (1H2) (Yap\u0131m Y\u0131l\u0131 11.1991 &#8211; 09.1998, 55 &#8211; 203 PS, Dizel, Benzin)<br \/>\nVW Corrado (53i) (Yap\u0131m Y\u0131l\u0131 09.1988 &#8211; 12.1995, 115 &#8211; 190 PS, Benzin)<br \/>\nVW Caddy II Van (9K9A) (Yap\u0131m Y\u0131l\u0131 11.1995 &#8211; 01.2004, 57 &#8211; 90 PS, Dizel, Benzin)<br \/>\nVW Caddy II Pickup (9U7) (Yap\u0131m Y\u0131l\u0131 06.1996 &#8211; 12.2000, 64 &#8211; 75 PS, Dizel, Benzin)<br \/>\nVW Polo III Kasa \/ Hatchback (6N1) (Yap\u0131m Y\u0131l\u0131 09.1994 &#8211; 12.1999, 45 &#8211; 75 PS, Dizel, Benzin)<br \/>\nVW Polo IV Sedan (9A4, 9A2, 9N2, 9A6) (Yap\u0131m Y\u0131l\u0131 08.1996 &#8211; &#8230;, 50 &#8211; 120 PS, Dizel, Benzin, Benzin\/Etanol)<br \/>\nVW Caddy II Estate (9K9B) (Yap\u0131m Y\u0131l\u0131 11.1995 &#8211; 12.2004, 57 &#8211; 90 PS, Dizel, Benzi<\/p>\n<p>OEN 9947108 &#8211; FIAT<br \/>\nOEN 1018818 \u2014 FORD<br \/>\nOEN 1031896 \u2014 FORD<br \/>\nOEN 1031898 \u2014 FORD<br \/>\nOEN 7203201 \u2014 FORD<br \/>\nOEN 95VW-10300A-BA \u2014 FORD<br \/>\nOEN 95VW 10300 YOK \u2014 FORD<br \/>\nOEN R95VW-10300-ABA \u2014 FORD<br \/>\nOEN R95V-W10300-NA \u2014 FORD<br \/>\nOEN 028 903 119 1 &#8211; VW<br \/>\nOEN 028 903 119 F &#8211; VW<\/p>\n","protected":false},"excerpt":{"rendered":"<p> DO\u011eAN OTOMOT\u0130V YEDEK PAR\u00c7A<br \/>\nLTD \u015eT\u0130 \u0130VED\u0130K ORGAN\u0130ZE SAN 1471 SOKAK 91-A OST\u0130M ANKARA<br \/>\nSEM\u0130H SAVA\u015e\u00c7I (312) 395 20 95<br \/>\n0533 322 16 09<br \/>\nMUSTAFA SAVA\u015e\u00c7I<br \/>\n0 (312) 395 20 95<br \/>\nIBAN NO: TR 54 0011 1000 0000 0098 3516 19<br \/>\nF\u0130NANSBANK ENPARA<br \/>\n\u015eUBE KODU: 03663<br \/>\nHESAP NO: 98351619<br \/>\nPaket i\u00e7eri\u011fi: 1 Adet<br \/>\nSATI\u015e F\u0130YATI KDV DAH\u0130L pe\u015fin fiyat\u0131d\u0131r<br \/>\nSAAT 18:00 KADAR VER\u0130LEN \u015e\u0130PAR\u0130\u015e AYNI G\u00dcN KARGO \u0130LE G\u00d6NDER\u0130M\u0130 YAPILIR.<br \/>\nKARGO \u0130ADES\u0130 DURUMUNDA .<br \/>\nKARGO \u00dcCRET\u0130 M\u00dc\u015eTER\u0130YE A\u0130TT\u0130R. AYRICA KARGODA KIRILAN PAR\u00c7ALARDAN SORUMLU DEY\u0130L\u0130Z<\/p>\n<p>27\/11\/2014 tarih ve 29188 say\u0131l\u0131 resmi gazetede yay\u0131mlanan mesafeli sat\u0131\u015flar y\u00f6netmeli\u011finin 15. maddesinde cayma hakk\u0131n\u0131n istisnalar\u0131 belirtilmi\u015ftir. \u0130lgili maddenin a bendinde &#8220;fiyat\u0131 finansal piyasalardaki dalgalanmalara ba\u011fl\u0131 olarak de\u011fi\u015fen ve sat\u0131c\u0131 veya sa\u011flay\u0131c\u0131n\u0131n kontrol\u00fcnde olmayan mal veya hizmetlere ili\u015fkin s\u00f6zle\u015fmeler&#8221; cayma hakk\u0131ndan istisna edilmi\u015ftir. \u00dcr\u00fcnlerimiz ithal \u00fcr\u00fcnler olup fiyatlar\u0131 g\u00fcnl\u00fck usd kurlar\u0131 kullan\u0131larak tl kar\u015f\u0131l\u0131\u011f\u0131na \u00e7evrilmesiyle hesaplanmaktad\u0131r. Fiyatlar kurdaki de\u011fi\u015fmeler ba\u011fl\u0131 olarak g\u00fcnl\u00fck olarak de\u011fi\u015fmektedir. Bu nedenle y\u00f6netmeli\u011fin 15. Md\/a bendi gere\u011fi cayma hakk\u0131ndan m\u00fcstesnad\u0131r. M\u00fc\u015fterilerimiz sipari\u015f \u00f6ncesinde bu konu hakk\u0131nda \u00f6n bilgilendirme yap\u0131ld\u0131\u011f\u0131n\u0131 kabul eder.<\/p>\n","protected":false},"featured_media":3475,"comment_status":"open","ping_status":"closed","template":"","meta":{"_joinchat":[]},"product_cat":[15,24,19,20],"product_tag":[2978,2977],"class_list":{"0":"post-3473","1":"product","2":"type-product","3":"status-publish","4":"has-post-thumbnail","6":"product_cat-volkswagen","7":"product_cat-audi","8":"product_cat-seat","9":"product_cat-skoda","10":"product_tag-028903119f","11":"product_tag-028903119f-alternator-kasnagi-vw-caddy-96-03-vw-golf-92-99-d48","13":"first","14":"instock","15":"sale","16":"shipping-taxable","17":"purchasable","18":"product-type-simple"},"_links":{"self":[{"href":"https:\/\/dogan-otomotiv.com\/index.php\/wp-json\/wp\/v2\/product\/3473","targetHints":{"allow":["GET"]}}],"collection":[{"href":"https:\/\/dogan-otomotiv.com\/index.php\/wp-json\/wp\/v2\/product"}],"about":[{"href":"https:\/\/dogan-otomotiv.com\/index.php\/wp-json\/wp\/v2\/types\/product"}],"replies":[{"embeddable":true,"href":"https:\/\/dogan-otomotiv.com\/index.php\/wp-json\/wp\/v2\/comments?post=3473"}],"wp:featuredmedia":[{"embeddable":true,"href":"https:\/\/dogan-otomotiv.com\/index.php\/wp-json\/wp\/v2\/media\/3475"}],"wp:attachment":[{"href":"https:\/\/dogan-otomotiv.com\/index.php\/wp-json\/wp\/v2\/media?parent=3473"}],"wp:term":[{"taxonomy":"product_cat","embeddable":true,"href":"https:\/\/dogan-otomotiv.com\/index.php\/wp-json\/wp\/v2\/product_cat?post=3473"},{"taxonomy":"product_tag","embeddable":true,"href":"https:\/\/dogan-otomotiv.com\/index.php\/wp-json\/wp\/v2\/product_tag?post=3473"}],"curies":[{"name":"wp","href":"https:\/\/api.w.org\/{rel}","templated":true}]}}