{"id":3419,"date":"2020-07-12T08:35:23","date_gmt":"2020-07-12T08:35:23","guid":{"rendered":"https:\/\/dogan-otomotiv.com\/?post_type=product&#038;p=3419"},"modified":"2025-06-04T10:05:49","modified_gmt":"2025-06-04T10:05:49","slug":"04l109283c-kapak-eksantrik-mili-vw-golf-polo-tig-tou-audi-d48","status":"publish","type":"product","link":"https:\/\/dogan-otomotiv.com\/index.php\/urun\/04l109283c-kapak-eksantrik-mili-vw-golf-polo-tig-tou-audi-d48\/","title":{"rendered":"04L109283C KAPAK EKSANTR\u0130K M\u0130L\u0130 VW GOLF\/POLO\/TIG\/TOU\/AUDI D48"},"content":{"rendered":"<p>04L109283C KAPAK EKSANTR\u0130K M\u0130L\u0130 VW GOLF\/POLO\/TIG\/TOU\/AUDI D48<br \/>\n04L109283C KAPAK EKSANTR\u0130K M\u0130L\u0130 <\/p>\n<p>1.6 TD\u0130 CLHA<br \/>\nD\u0130ZEL CLH\/DDY\/DGT<\/p>\n<p>VW GOLF\/TIG\/TOUR  2016-&#8230;<\/p>\n<p>VW POLO 2018-&#8230;..<\/p>\n<p>AUDI A1 2015-2018<\/p>\n<p>AUDI A3 2013-&#8230;.<\/p>\n<p>AUDI A4 2016-&#8230;.<\/p>\n<p>AUDI A6 2015-&#8230;.<\/p>\n<p>SKODA OCT\/RAPID 2013-&#8230;..<\/p>\n","protected":false},"excerpt":{"rendered":"<p>DO\u011eAN OTOMOT\u0130V YEDEK PAR\u00c7A<\/p>\n<p>SEM\u0130H SAVA\u015e\u00c7I<\/p>\n<p>0 (312) 395 20 95<\/p>\n<p>IBAN NO: TR54 0006 7010 0000 0087 8558 09  <\/p>\n<p>\u015eUBE KODU: 0264<\/p>\n<p>HESAP NO: 87855809<\/p>\n<p>YAPI KRED\u0130 BANKASI ATA SANAY\u0130 \u015eUBES\u0130<\/p>\n<p>IBAN NO: TR83 0013 4000 0057 8901 8000 01<\/p>\n<p>DEN\u0130ZBANK \u0130VED\u0130K ORGAN\u0130ZE SANAY\u0130 \u015eUBES\u0130<\/p>\n<p>KARGO \u0130ADES\u0130 DURUMUNDA<\/p>\n<p>KARGO \u00dcCRET\u0130 M\u00dc\u015eTER\u0130YE A\u0130TT\u0130R.<\/p>\n<p>TOPLU S\u0130PAR\u0130\u015eLER\u0130N\u0130Z \u0130\u00c7\u0130N: doganotoyedekparcavw@gmail.com<\/p>\n<p> https:\/\/doganotomotivyedekparca.sahibinden.com\/<\/p>\n","protected":false},"featured_media":3422,"comment_status":"open","ping_status":"closed","template":"","meta":{"_joinchat":[]},"product_cat":[15,24,19,20],"product_tag":[2944],"class_list":{"0":"post-3419","1":"product","2":"type-product","3":"status-publish","4":"has-post-thumbnail","6":"product_cat-volkswagen","7":"product_cat-audi","8":"product_cat-seat","9":"product_cat-skoda","10":"product_tag-04l109283c-kapak-eksantrik-mili-vw-golf-polo-tig-tou-audi-d48","12":"first","13":"instock","14":"sale","15":"shipping-taxable","16":"purchasable","17":"product-type-simple"},"_links":{"self":[{"href":"https:\/\/dogan-otomotiv.com\/index.php\/wp-json\/wp\/v2\/product\/3419","targetHints":{"allow":["GET"]}}],"collection":[{"href":"https:\/\/dogan-otomotiv.com\/index.php\/wp-json\/wp\/v2\/product"}],"about":[{"href":"https:\/\/dogan-otomotiv.com\/index.php\/wp-json\/wp\/v2\/types\/product"}],"replies":[{"embeddable":true,"href":"https:\/\/dogan-otomotiv.com\/index.php\/wp-json\/wp\/v2\/comments?post=3419"}],"wp:featuredmedia":[{"embeddable":true,"href":"https:\/\/dogan-otomotiv.com\/index.php\/wp-json\/wp\/v2\/media\/3422"}],"wp:attachment":[{"href":"https:\/\/dogan-otomotiv.com\/index.php\/wp-json\/wp\/v2\/media?parent=3419"}],"wp:term":[{"taxonomy":"product_cat","embeddable":true,"href":"https:\/\/dogan-otomotiv.com\/index.php\/wp-json\/wp\/v2\/product_cat?post=3419"},{"taxonomy":"product_tag","embeddable":true,"href":"https:\/\/dogan-otomotiv.com\/index.php\/wp-json\/wp\/v2\/product_tag?post=3419"}],"curies":[{"name":"wp","href":"https:\/\/api.w.org\/{rel}","templated":true}]}}