{"id":3383,"date":"2020-07-11T13:08:32","date_gmt":"2020-07-11T13:08:32","guid":{"rendered":"https:\/\/dogan-otomotiv.com\/?post_type=product&#038;p=3383"},"modified":"2025-07-21T07:58:44","modified_gmt":"2025-07-21T07:58:44","slug":"1j0951605a-hirsizlik-onleme-alarimi-siren-vw-golf-a3-a4-orj-yeni","status":"publish","type":"product","link":"https:\/\/dogan-otomotiv.com\/index.php\/urun\/1j0951605a-hirsizlik-onleme-alarimi-siren-vw-golf-a3-a4-orj-yeni\/","title":{"rendered":"1J0951605A H\u0131rs\u0131zl\u0131k \u00d6nleme ALARIMI SIREN VW GOLF A3 -A4 orj yeni"},"content":{"rendered":"<p>1J0951605A SIREN VW GOLF 4 (D34-B)<br \/>\nFor VW CC 2012-2014<br \/>\nFor VW T5 2010-2014<br \/>\nFor VW EOS 2006-2014<br \/>\nFor VW Polo 2010-2014<br \/>\nFor VW Caddy 2004-2014<br \/>\nFor VW Rabbit 2006-2009<br \/>\nFor VW Touran 2003-2008<br \/>\nFor VW Tiguan 2008-2014<br \/>\nFor VW Amarok 2010-2014<br \/>\nFor VW Sharan 2011-2014<br \/>\nFor VW Touran 2003-2014<br \/>\nFor VW Beetle 2012-2014<br \/>\nFor VW Touareg 2011-2015<br \/>\nFor VW Scirocco 2009-2015<br \/>\nFor VW Golf Plus 2005-2014<br \/>\nFor VW GTI MK5 MK6 2004-2013<br \/>\nFor VW Golf MK5 MK6 2004-2013<br \/>\nFor VW Passat B6 B7 2006-2015<br \/>\nFor VW Jetta MK5 MK6 2006-2015<\/p>\n<p>Audi A1 2011-2015<br \/>\nAudi A7 2011-2015<br \/>\nAudi Q3 2012-2015<br \/>\nAudi Q5 2009-2014<br \/>\nAudi Q7 2007-2014<br \/>\nAudi TT 2007-2014<br \/>\nAudi R8 2007-2014<br \/>\nAudi A3 S3 2004-2013<br \/>\nAudi A4 S4 2008-2014<br \/>\nAudi A5 S5 2008-2014<br \/>\nAudi A6 S6 2005-2015<br \/>\nAudi A8 S8 2010-2015<br \/>\nAudi A4 Allroad Quattro 2010-2014<br \/>\nAudi A6 Allroad Quattro 2007-2014<br \/>\nAudi RS3 RS4 RS5 RS6 RS7<\/p>\n<p>Seat Leon 2006-2013<br \/>\nSeat Altea 2004-2014<br \/>\nSeat Ibiza 2009-2014<br \/>\nSeat Toledo 2005-2014<br \/>\nSeat Alhambra 2011-2014<\/p>\n<p>Skoda Yeti 2010-2013<br \/>\nSkoda Rapid 2013-2014<br \/>\nSkoda Fabia 2011-2015<br \/>\nSkoda Octavia 2004-2013<br \/>\nSkoda Superb 2008-2013<br \/>\nSkoda Roomster 2011-2015<br \/>\nVW OEM Artikelnummer:<\/p>\n<p>1J0 973 703<br \/>\n1K0 951 605 C<br \/>\n1K8 951 605 B<br \/>\n1K8 951 605 A<br \/>\n1K0 951 605 A<\/p>\n<p>Kompatible Teilenummern:<\/p>\n<p>1J0973703<br \/>\n1K0 951 605C<br \/>\n1K8 951 605B<br \/>\n1K8 951 605A<br \/>\n1K0 951 605A<br \/>\n1K0951605C<br \/>\n1K8951605B<br \/>\n1K8951605A<br \/>\n1K0951605A<br \/>\n1K0-951-605-C<br \/>\n1K8-951-605-B<br \/>\n1K8-951-605-A<br \/>\n1K0-951-605-A<\/p>\n","protected":false},"excerpt":{"rendered":"<p>(DO\u011eAN OTOMOT\u0130V YEDEK PAR\u00c7A<\/p>\n<p>LTD \u015eT\u0130 \u0130VED\u0130K ORGAN\u0130ZE SAN 1471 SOKAK 91-A OST\u0130M ANKARA<br \/>\nSEM\u0130H SAVA\u015e\u00c7I  (312) 395 20 95<br \/>\n0533 322 16 09<\/p>\n<p>MUSTAFA SAVA\u015e\u00c7I<br \/>\n0 (312) 395 20 95<br \/>\nIBAN NO: TR 54 0011 1000 0000 0098 3516 19<br \/>\nF\u0130NANSBANK ENPARA<br \/>\n\u015eUBE KODU: 03663<br \/>\nHESAP NO: 98351619<\/p>\n<p>\u015e\u0130PAR\u0130\u015eLER HAKKINDA<\/p>\n<p> KDV DAH\u0130L 1 ADET<br \/>\n(Uyumluluk sadece referans i\u00e7indir. L\u00fctfen sat\u0131n almadan \u00f6nce par\u00e7a<br \/>\n numaras\u0131n\u0131 orijinal olanla kar\u015f\u0131la\u015ft\u0131r\u0131n!)<br \/>\nL\u00dcTFEN \u015e\u0130PAR\u0130\u015e VERMEK \u0130STED\u0130\u011e\u0130N\u0130Z \u00dcR\u00dcN\u00dcN STOK DURUMUNU SORUNUZ.<br \/>\nSAAT 17:00 KADAR VER\u0130LEN \u015e\u0130PAR\u0130\u015eLER AYNI G\u00dcN KARGO \u0130LE G\u00d6NDER\u0130M\u0130 YAPILIR.<br \/>\nKARGO \u0130ADES\u0130 DURUMUNDA<br \/>\nKARGO \u00dcCRET\u0130 M\u00dc\u015eTER\u0130YE A\u0130TT\u0130R.<br \/>\nD\u0130\u011eER PAR\u00c7ALAR VE F\u0130YAT B\u0130LG\u0130S\u0130 \u0130\u00c7\u0130N \u0130LET\u0130\u015eME GE\u00c7EB\u0130L\u0130RS\u0130N\u0130Z<\/p>\n","protected":false},"featured_media":3384,"comment_status":"open","ping_status":"closed","template":"","meta":{"_joinchat":[]},"product_cat":[15,24,19,20],"product_tag":[10586],"class_list":{"0":"post-3383","1":"product","2":"type-product","3":"status-publish","4":"has-post-thumbnail","6":"product_cat-volkswagen","7":"product_cat-audi","8":"product_cat-seat","9":"product_cat-skoda","10":"product_tag-1j0951605a-hirsizlik-onleme-alarimi-siren-vw-golf-a3-a4-orj-yeni","12":"first","13":"instock","14":"sale","15":"shipping-taxable","16":"purchasable","17":"product-type-simple"},"_links":{"self":[{"href":"https:\/\/dogan-otomotiv.com\/index.php\/wp-json\/wp\/v2\/product\/3383","targetHints":{"allow":["GET"]}}],"collection":[{"href":"https:\/\/dogan-otomotiv.com\/index.php\/wp-json\/wp\/v2\/product"}],"about":[{"href":"https:\/\/dogan-otomotiv.com\/index.php\/wp-json\/wp\/v2\/types\/product"}],"replies":[{"embeddable":true,"href":"https:\/\/dogan-otomotiv.com\/index.php\/wp-json\/wp\/v2\/comments?post=3383"}],"wp:featuredmedia":[{"embeddable":true,"href":"https:\/\/dogan-otomotiv.com\/index.php\/wp-json\/wp\/v2\/media\/3384"}],"wp:attachment":[{"href":"https:\/\/dogan-otomotiv.com\/index.php\/wp-json\/wp\/v2\/media?parent=3383"}],"wp:term":[{"taxonomy":"product_cat","embeddable":true,"href":"https:\/\/dogan-otomotiv.com\/index.php\/wp-json\/wp\/v2\/product_cat?post=3383"},{"taxonomy":"product_tag","embeddable":true,"href":"https:\/\/dogan-otomotiv.com\/index.php\/wp-json\/wp\/v2\/product_tag?post=3383"}],"curies":[{"name":"wp","href":"https:\/\/api.w.org\/{rel}","templated":true}]}}