{"id":3337,"date":"2020-07-10T13:55:47","date_gmt":"2020-07-10T13:55:47","guid":{"rendered":"https:\/\/dogan-otomotiv.com\/?post_type=product&#038;p=3337"},"modified":"2024-02-25T11:24:46","modified_gmt":"2024-02-25T11:24:46","slug":"silindir-kapagi-30-tdi-cas-q7-0593c-0594b-orj-cikma","status":"publish","type":"product","link":"https:\/\/dogan-otomotiv.com\/index.php\/urun\/silindir-kapagi-30-tdi-cas-q7-0593c-0594b-orj-cikma\/","title":{"rendered":"S\u0130L\u0130ND\u0130R KAPA\u011eI 3,0 TD\u0130 CAS Q7 0593C-0594B ORJ \u00c7IKMA"},"content":{"rendered":"<p>S\u0130L\u0130ND\u0130R KAPA\u011eI 3,0 TD\u0130 CAS Q7 0593C-0594B<\/p>\n","protected":false},"excerpt":{"rendered":"<p>\u0130L\u0130ND\u0130R KAPA\u011eI 3,0 TD\u0130 CAS Q7 0593C-0594B<\/p>\n<p>DO\u011eAN OTOMOT\u0130V YEDEK PAR\u00c7A<br \/>\nSEM\u0130H SAVA\u015e\u00c7I<br \/>\n\u0130VED\u0130K ORGAN\u0130ZE 1471 SOK 91-A ANKARA<br \/>\n0 (312) 395 20 95<br \/>\nIBAN NO: TR56 0011 1000 0000 0088 9009 70<br \/>\nF\u0130NANSBANK ENPARA\u015eUBE KODU: 03663<\/p>\n<p>HESAP NO: 88900970<\/p>\n","protected":false},"featured_media":3338,"comment_status":"open","ping_status":"closed","template":"","meta":{"_joinchat":[]},"product_cat":[15,24],"product_tag":[8622,2882],"class_list":{"0":"post-3337","1":"product","2":"type-product","3":"status-publish","4":"has-post-thumbnail","6":"product_cat-volkswagen","7":"product_cat-audi","8":"product_tag-0-tdi-cas-q7-0593c-0594b-orj-cikma","9":"product_tag-silindir-kapagi-3","11":"first","12":"instock","13":"sale","14":"shipping-taxable","15":"purchasable","16":"product-type-simple"},"_links":{"self":[{"href":"https:\/\/dogan-otomotiv.com\/index.php\/wp-json\/wp\/v2\/product\/3337","targetHints":{"allow":["GET"]}}],"collection":[{"href":"https:\/\/dogan-otomotiv.com\/index.php\/wp-json\/wp\/v2\/product"}],"about":[{"href":"https:\/\/dogan-otomotiv.com\/index.php\/wp-json\/wp\/v2\/types\/product"}],"replies":[{"embeddable":true,"href":"https:\/\/dogan-otomotiv.com\/index.php\/wp-json\/wp\/v2\/comments?post=3337"}],"wp:featuredmedia":[{"embeddable":true,"href":"https:\/\/dogan-otomotiv.com\/index.php\/wp-json\/wp\/v2\/media\/3338"}],"wp:attachment":[{"href":"https:\/\/dogan-otomotiv.com\/index.php\/wp-json\/wp\/v2\/media?parent=3337"}],"wp:term":[{"taxonomy":"product_cat","embeddable":true,"href":"https:\/\/dogan-otomotiv.com\/index.php\/wp-json\/wp\/v2\/product_cat?post=3337"},{"taxonomy":"product_tag","embeddable":true,"href":"https:\/\/dogan-otomotiv.com\/index.php\/wp-json\/wp\/v2\/product_tag?post=3337"}],"curies":[{"name":"wp","href":"https:\/\/api.w.org\/{rel}","templated":true}]}}