{"id":3315,"date":"2020-07-06T06:25:29","date_gmt":"2020-07-06T06:25:29","guid":{"rendered":"https:\/\/dogan-otomotiv.com\/?post_type=product&#038;p=3315"},"modified":"2020-07-06T06:29:02","modified_gmt":"2020-07-06T06:29:02","slug":"04c103479h-kilbirotor-kapagi-vw-polo-skoda","status":"publish","type":"product","link":"https:\/\/dogan-otomotiv.com\/index.php\/urun\/04c103479h-kilbirotor-kapagi-vw-polo-skoda\/","title":{"rendered":"04C103479H KILB\u0130R\u00d6T\u00d6R KAPA\u011eI VW POLO SKODA 1,0"},"content":{"rendered":"<p>04C103479H KLB\u0130R\u00d6T\u00d6R KAPA\u011eI VW POLO SKODA<br \/>\nW, Volkswagen, Skoda, Nockenwellenmodul, Modul,, Nockenwelle, camshafts module, module, camshaft,, 1.0, 1,0, TSI, genuine, VW 04C103479H,, VW 04C 103 479 H, VW 04C.103.479.H,, VW 04C-103-479-H, Skoda 04C103479H,, Skoda 04C 103 479 H, Skoda 04C.103.479.H,, Skoda 04C-103-479-H, 04C103479H, 04C 103 479 H,, 04C.103.479.H, 04C-103-479-H, CHY, CHYA,<\/p>\n<p>Skoda\tCitigo\t2011\/10-2019\/12\t&#8212;\t1.0\t999 ccm, 44 KW, 60 PS<br \/>\n \tSkoda\tFabia III\t2014\/08-2019\/12\tNJ3\t1.0\t999 ccm, 44 KW, 60 PS<br \/>\n \tSkoda\tFabia III Kombi\t2014\/10-2019\/12\tNJ5\t1.0\t999 ccm, 44 KW, 60 PS<br \/>\n \tVW\tLoad UP\t2014\/12-2019\/12\t121, 122, BL1, BL2\t1.0\t999 ccm, 44 KW, 60 PS<br \/>\n \tVW\tPolo\t2014\/01-2019\/12\t6R, 6C\t1.0\t999 ccm, 44 KW, 60 PS<br \/>\n \tVW\tPolo Van\t2014\/01-2019\/12\t6R\t1.0\t999 ccm, 44 KW, 60 PS<br \/>\n \tVW\tUP\t2011\/08-2019\/12\t121, 122, BL1, BL2\t1.0\t999 ccm, 44 KW, 60 PS<\/p>\n","protected":false},"excerpt":{"rendered":"<p>DO\u011eAN OTOMOT\u0130V YEDEK PAR\u00c7A<\/p>\n<p>SEM\u0130H SAVA\u015e\u00c7I<\/p>\n<p>0 (312) 395 20 95<\/p>\n<p>IBAN NO: TR56 0011 1000 0000 0088 9009 70  <\/p>\n<p>F\u0130NANSBANK ENPARA<\/p>\n<p>\u015eUBE KODU: 03663<\/p>\n<p>HESAP NO: 88900970<\/p>\n<p>KARGO \u0130ADES\u0130 DURUMUNDA<\/p>\n<p>KARGO \u00dcCRET\u0130 M\u00dc\u015eTER\u0130YE A\u0130TT\u0130R.<\/p>\n<p>TOPLU S\u0130PAR\u0130\u015eLER\u0130N\u0130Z \u0130\u00c7\u0130N: doganotoyedekparcavw@gmail.com<\/p>\n<p>https:\/\/doganotomotivyedekparca.sahibinden.com\/<\/p>\n","protected":false},"featured_media":3318,"comment_status":"open","ping_status":"closed","template":"","meta":{"_joinchat":[]},"product_cat":[15,20],"product_tag":[2866,2867],"class_list":{"0":"post-3315","1":"product","2":"type-product","3":"status-publish","4":"has-post-thumbnail","6":"product_cat-volkswagen","7":"product_cat-skoda","8":"product_tag-04c103479h","9":"product_tag-04c103479h-kilbirotor-kapagi-vw-polo-skoda-1","11":"first","12":"instock","13":"sale","14":"shipping-taxable","15":"purchasable","16":"product-type-simple"},"_links":{"self":[{"href":"https:\/\/dogan-otomotiv.com\/index.php\/wp-json\/wp\/v2\/product\/3315","targetHints":{"allow":["GET"]}}],"collection":[{"href":"https:\/\/dogan-otomotiv.com\/index.php\/wp-json\/wp\/v2\/product"}],"about":[{"href":"https:\/\/dogan-otomotiv.com\/index.php\/wp-json\/wp\/v2\/types\/product"}],"replies":[{"embeddable":true,"href":"https:\/\/dogan-otomotiv.com\/index.php\/wp-json\/wp\/v2\/comments?post=3315"}],"wp:featuredmedia":[{"embeddable":true,"href":"https:\/\/dogan-otomotiv.com\/index.php\/wp-json\/wp\/v2\/media\/3318"}],"wp:attachment":[{"href":"https:\/\/dogan-otomotiv.com\/index.php\/wp-json\/wp\/v2\/media?parent=3315"}],"wp:term":[{"taxonomy":"product_cat","embeddable":true,"href":"https:\/\/dogan-otomotiv.com\/index.php\/wp-json\/wp\/v2\/product_cat?post=3315"},{"taxonomy":"product_tag","embeddable":true,"href":"https:\/\/dogan-otomotiv.com\/index.php\/wp-json\/wp\/v2\/product_tag?post=3315"}],"curies":[{"name":"wp","href":"https:\/\/api.w.org\/{rel}","templated":true}]}}