{"id":3304,"date":"2020-06-30T13:33:30","date_gmt":"2020-06-30T13:33:30","guid":{"rendered":"https:\/\/dogan-otomotiv.com\/?post_type=product&#038;p=3304"},"modified":"2020-06-30T13:33:31","modified_gmt":"2020-06-30T13:33:31","slug":"kilbiritor-kapagi-14-tsi-kompile-vw-04e103473","status":"publish","type":"product","link":"https:\/\/dogan-otomotiv.com\/index.php\/urun\/kilbiritor-kapagi-14-tsi-kompile-vw-04e103473\/","title":{"rendered":"KILB\u0130R\u0130T\u00d6R KAPA\u011eI 1,4 TS\u0130 KOMP\u0130LE VW 04E103473"},"content":{"rendered":"<p>04E103473 1,4 TS\u0130 KILB\u0130R\u0130T\u00d6R KAPA\u011eI KOMP\u0130LE<\/p>\n<p>MARKA:              VW \/ SEAT \/ SKODA<br \/>\nMODEL:<br \/>\nAudi<br \/>\nA1 (8X1, 8XK) 1.4 TFSI (CZA CZDD) 1395ccm 125KM \/ 92kW 2014 \/ 11-2018 \/ 10<br \/>\nA3 (8V1, 8VK) 1.4 TFSI (CXSB HAZ\u0130RAN) 1395ccm 125KM \/ 92kW 2014\/05<br \/>\nA3 Limuzin (8VS, 8VM) 1.4 TFSI (CXSB HAZ\u0130RAN) 1395ccm 125KM \/ 92kW 2013\/09 &#8211;<br \/>\nA3 Sportback (8VA, 8VF) 1.4 TFSI (CXSB HAZ\u0130RAN) 1395ccm 125KM \/ 92kW 2014\/05 &#8211;<br \/>\nA3 Sportback (8VA, 8VF) 1.4 TFSI g-tron (CPWA) 1395ccm 110KM \/ 81kW 2013 \/ 11-<br \/>\nOturma yeri<br \/>\nLEON (5F1) 1.4 TGI (CPWA) 1395ccm 110KM \/ 81kW 2013 \/ 02-<br \/>\nLEON (5F1) 1.4 TSI (CZCA) 1395ccm 125KM \/ 92kW 2014 \/ 05-<br \/>\nLEON SC (5F5) 1.4 TSI (CZCA) 1395ccm 125KM \/ 92kW 2014 \/ 05-<br \/>\nLEON ST (5F8) 1.4 TGI (CPWA) 1395ccm 110KM \/ 81kW 2013 \/ 10-<br \/>\nLEON ST (5F8) 1.4 TSI (CZCA) 1395ccm 125KM \/ 92kW 2014 \/ 05-<br \/>\nTOLEDO IV (KG3) 1.4 TSI (CZCA) 1395ccm 125KM \/ 92kW 2015 \/ 05-2019 \/ 04<br \/>\nSkoda<br \/>\nKODIAQ (NS7) 1.4 TSI (CZCA) 1395ccm 125KM \/ 92kW 2016 \/ 10-<br \/>\nOKTAVYA III (5E3, NL3, NR3) 1.4 TSI G-TEC (CPWA) 1395ccm 110KM \/ 81kW 2013 \/ 11-<br \/>\nHIZLI (NH3) 1.4 TSI (CZCA) 1395ccm 125KM \/ 92kW 2015 \/ 05-<br \/>\nSUPERB III (3V3) 1.4 TSI (CZCA) 1395ccm 125KM \/ 92kW 2015 \/ 03-<br \/>\nYETI (5L) 1.4 TSI (CZCA) 1395ccm 125 KM \/ 92kW 2015 \/ 05-2017 \/ 12<br \/>\nVolkswagen<br \/>\nCADDY ALLTRACK Kapal\u0131 kutu (SAA) 1.4 TGI CNG (CPWA) 1395ccm 110KM \/ 81kW 2015 \/ 06-<br \/>\nCADDY ALLTRACK Kapal\u0131 kutu (SAA) 1.4 TSI (CZCB) 1395ccm 125KM \/ 92kW 2015 \/ 05-<br \/>\nCADDY IV Kapal\u0131 kutu (SAA, SAH) 1.4 TGI CNG (CPWA) 1395ccm 110KM \/ 81kW 2015 \/ 06-<br \/>\nCADDY IV Kapal\u0131 kutu (SAA, SAH) 1.4 TSI (CZCB) 1395ccm 125KM \/ 92kW 2015 \/ 05-<br \/>\nGOLF SPORTSVAN (AM1, AN1) 1.4 TSI (CPVB HAZ\u0130RAN) 1395ccm 125KM \/ 92kW 2014\/04 &#8211;<br \/>\nGOLF VI d\u00f6n\u00fc\u015ft\u00fcr\u00fclebilir (517) 1.4 TSI (CXSB HAZ\u0130RAN) 1395ccm 125KM \/ 92kW 2013 \/ 11-2016 \/ 05<br \/>\nGOLF VII (5G1, BQ1, BE1, BE2) 1.4 TGI CNG (CPWA) 1395ccm 110KM \/ 81kW 2013 \/ 06-<br \/>\nGOLF VII (5G1, BQ1, BE1, BE2) 1.4 TSI (CPVB CZCA) 1395ccm 125KM \/ 92kW 2014\/05<br \/>\nPASSAT (3G2, CB2) 1.4 TSI (CZCA) 1395ccm 125KM \/ 92kW 2014 \/ 11-<br \/>\nPASSAT Varyant\u0131 (3G5, CB5) 1.4 TSI (CZCA) 1395ccm 125KM \/ 92kW 2014 \/ 11-<br \/>\nSCIROCCO (137, 138) 1.4 TSI (CXSB HAZ\u0130RAN) 1395ccm 125KM \/ 92kW 2013 \/ 11-2017 \/ 11<br \/>\nTIGUAN (AD1) 1.4 TSI (CZCA) 1395ccm 125KM \/ 92kW 2016\/01 &#8211;<\/p>\n","protected":false},"excerpt":{"rendered":"<p>DO\u011eAN OTOMOT\u0130V YEDEK PAR\u00c7A<br \/>\nSEM\u0130H SAVA\u015e\u00c7I<\/p>\n<p>0 (312) 395 20 95<\/p>\n<p>IBAN NO: TR56 0011 1000 0000 0088 9009 70<\/p>\n<p>F\u0130NANSBANK ENPARA\u015eUBE KODU: 03663<\/p>\n<p>HESAP NO: 88900970<\/p>\n","protected":false},"featured_media":3305,"comment_status":"open","ping_status":"closed","template":"","meta":{"_joinchat":[]},"product_cat":[15],"product_tag":[2857,2856,2855],"class_list":{"0":"post-3304","1":"product","2":"type-product","3":"status-publish","4":"has-post-thumbnail","6":"product_cat-volkswagen","7":"product_tag-2857","8":"product_tag-4-tsi-kompile-04e103473","9":"product_tag-kilbiritor-kapagi-1","11":"first","12":"instock","13":"sale","14":"shipping-taxable","15":"purchasable","16":"product-type-simple"},"_links":{"self":[{"href":"https:\/\/dogan-otomotiv.com\/index.php\/wp-json\/wp\/v2\/product\/3304","targetHints":{"allow":["GET"]}}],"collection":[{"href":"https:\/\/dogan-otomotiv.com\/index.php\/wp-json\/wp\/v2\/product"}],"about":[{"href":"https:\/\/dogan-otomotiv.com\/index.php\/wp-json\/wp\/v2\/types\/product"}],"replies":[{"embeddable":true,"href":"https:\/\/dogan-otomotiv.com\/index.php\/wp-json\/wp\/v2\/comments?post=3304"}],"wp:featuredmedia":[{"embeddable":true,"href":"https:\/\/dogan-otomotiv.com\/index.php\/wp-json\/wp\/v2\/media\/3305"}],"wp:attachment":[{"href":"https:\/\/dogan-otomotiv.com\/index.php\/wp-json\/wp\/v2\/media?parent=3304"}],"wp:term":[{"taxonomy":"product_cat","embeddable":true,"href":"https:\/\/dogan-otomotiv.com\/index.php\/wp-json\/wp\/v2\/product_cat?post=3304"},{"taxonomy":"product_tag","embeddable":true,"href":"https:\/\/dogan-otomotiv.com\/index.php\/wp-json\/wp\/v2\/product_tag?post=3304"}],"curies":[{"name":"wp","href":"https:\/\/api.w.org\/{rel}","templated":true}]}}