{"id":3265,"date":"2020-06-20T08:03:30","date_gmt":"2020-06-20T08:03:30","guid":{"rendered":"https:\/\/dogan-otomotiv.com\/?post_type=product&#038;p=3265"},"modified":"2022-04-03T07:45:37","modified_gmt":"2022-04-03T07:45:37","slug":"0261230043-hava-basinc-sensoru-206-pejo","status":"publish","type":"product","link":"https:\/\/dogan-otomotiv.com\/index.php\/urun\/0261230043-hava-basinc-sensoru-206-pejo\/","title":{"rendered":"0261230043 HAVA BASIN\u00c7 SENS\u00d6R\u00dc 206 PEJO ORJ \u00c7IKMA"},"content":{"rendered":"<p>HAVA BASIN\u00c7 SENS\u00d6R\u00dc 206 TU5JP-EW10 -0261230 PEJO 0261230043,206 ORJ \u00c7IKMA<\/p>\n","protected":false},"excerpt":{"rendered":"<p> 0261230043 HAVA BASIN\u00c7 SENS\u00d6R\u00dc 206 PEJO ORJ \u00c7IKMA<\/p>\n","protected":false},"featured_media":3266,"comment_status":"open","ping_status":"closed","template":"","meta":{"_joinchat":[]},"product_cat":[2204,17],"product_tag":[2816,7199],"class_list":{"0":"post-3265","1":"product","2":"type-product","3":"status-publish","4":"has-post-thumbnail","6":"product_cat-citroen","7":"product_cat-peugeot","8":"product_tag-2816","9":"product_tag-0261230043-hava-basinc-sensoru-206-pejo-orj-cikma","11":"first","12":"instock","13":"sale","14":"shipping-taxable","15":"purchasable","16":"product-type-simple"},"_links":{"self":[{"href":"https:\/\/dogan-otomotiv.com\/index.php\/wp-json\/wp\/v2\/product\/3265","targetHints":{"allow":["GET"]}}],"collection":[{"href":"https:\/\/dogan-otomotiv.com\/index.php\/wp-json\/wp\/v2\/product"}],"about":[{"href":"https:\/\/dogan-otomotiv.com\/index.php\/wp-json\/wp\/v2\/types\/product"}],"replies":[{"embeddable":true,"href":"https:\/\/dogan-otomotiv.com\/index.php\/wp-json\/wp\/v2\/comments?post=3265"}],"wp:featuredmedia":[{"embeddable":true,"href":"https:\/\/dogan-otomotiv.com\/index.php\/wp-json\/wp\/v2\/media\/3266"}],"wp:attachment":[{"href":"https:\/\/dogan-otomotiv.com\/index.php\/wp-json\/wp\/v2\/media?parent=3265"}],"wp:term":[{"taxonomy":"product_cat","embeddable":true,"href":"https:\/\/dogan-otomotiv.com\/index.php\/wp-json\/wp\/v2\/product_cat?post=3265"},{"taxonomy":"product_tag","embeddable":true,"href":"https:\/\/dogan-otomotiv.com\/index.php\/wp-json\/wp\/v2\/product_tag?post=3265"}],"curies":[{"name":"wp","href":"https:\/\/api.w.org\/{rel}","templated":true}]}}