{"id":3175,"date":"2020-06-12T13:41:37","date_gmt":"2020-06-12T13:41:37","guid":{"rendered":"https:\/\/dogan-otomotiv.com\/?post_type=product&#038;p=3175"},"modified":"2024-12-09T08:02:46","modified_gmt":"2024-12-09T08:02:46","slug":"lf9410401-yag-karteri-mazda-6-20-benzinli-20072013-orj-cikma","status":"publish","type":"product","link":"https:\/\/dogan-otomotiv.com\/index.php\/urun\/lf9410401-yag-karteri-mazda-6-20-benzinli-20072013-orj-cikma\/","title":{"rendered":"LF9410401 YAG KARTER\u0130 Mazda 6 2,0-1,8-benzinli 2007,2013 ORJ \u00c7IKMA"},"content":{"rendered":"<p>YAG KARTER\u0130 Mazda 6 GG GY 2,0 LF LF17 S5209 DE219008<\/p>\n","protected":false},"excerpt":{"rendered":"<p>S5209 DE219008<\/p>\n","protected":false},"featured_media":3176,"comment_status":"open","ping_status":"closed","template":"","meta":{"_joinchat":[]},"product_cat":[15],"product_tag":[11082,8225,11081],"class_list":{"0":"post-3175","1":"product","2":"type-product","3":"status-publish","4":"has-post-thumbnail","6":"product_cat-volkswagen","7":"product_tag-0-benzinli-2007","8":"product_tag-2013-orj-cikma","9":"product_tag-lf9410401-yag-karteri-mazda-6-2","11":"first","12":"instock","13":"sale","14":"shipping-taxable","15":"purchasable","16":"product-type-simple"},"_links":{"self":[{"href":"https:\/\/dogan-otomotiv.com\/index.php\/wp-json\/wp\/v2\/product\/3175","targetHints":{"allow":["GET"]}}],"collection":[{"href":"https:\/\/dogan-otomotiv.com\/index.php\/wp-json\/wp\/v2\/product"}],"about":[{"href":"https:\/\/dogan-otomotiv.com\/index.php\/wp-json\/wp\/v2\/types\/product"}],"replies":[{"embeddable":true,"href":"https:\/\/dogan-otomotiv.com\/index.php\/wp-json\/wp\/v2\/comments?post=3175"}],"wp:featuredmedia":[{"embeddable":true,"href":"https:\/\/dogan-otomotiv.com\/index.php\/wp-json\/wp\/v2\/media\/3176"}],"wp:attachment":[{"href":"https:\/\/dogan-otomotiv.com\/index.php\/wp-json\/wp\/v2\/media?parent=3175"}],"wp:term":[{"taxonomy":"product_cat","embeddable":true,"href":"https:\/\/dogan-otomotiv.com\/index.php\/wp-json\/wp\/v2\/product_cat?post=3175"},{"taxonomy":"product_tag","embeddable":true,"href":"https:\/\/dogan-otomotiv.com\/index.php\/wp-json\/wp\/v2\/product_tag?post=3175"}],"curies":[{"name":"wp","href":"https:\/\/api.w.org\/{rel}","templated":true}]}}