{"id":3144,"date":"2020-06-12T11:10:25","date_gmt":"2020-06-12T11:10:25","guid":{"rendered":"https:\/\/dogan-otomotiv.com\/?post_type=product&#038;p=3144"},"modified":"2025-02-05T12:26:12","modified_gmt":"2025-02-05T12:26:12","slug":"1k1723503l-gaz-pedali-vw-passat-3c-b6-orj-cikma","status":"publish","type":"product","link":"https:\/\/dogan-otomotiv.com\/index.php\/urun\/1k1723503l-gaz-pedali-vw-passat-3c-b6-orj-cikma\/","title":{"rendered":"1K1723503L gaz pedal\u0131 VW Passat 3C B6 ORJ \u00c7IKMA"},"content":{"rendered":"<p>1K1723503L gaz pedal\u0131 VW Passat 3C B6<\/p>\n<p>Audi A3 Sportback (8PA) 2.0 Tdi<\/p>\n<p>VW GOLF 5 V 2,0TDI 140PS<\/p>\n<p> Audi A3 TT R8 VW Golf 1K Sea Automatik<\/p>\n<p>VW CC 2011<\/p>\n<p> Seat Leon 2006-2011<\/p>\n<p>OEN 1K1723503AA \u2014 AUDI<br \/>\nOEN 1K1 723 503 AJ \u2014 AUDI<br \/>\nOEN 1K1723503AP \u2014 AUDI<br \/>\nOEN 1K1 723 503 AQ \u2014 AUDI<br \/>\nOEN 1K1723503F \u2014 AUDI<br \/>\nOEN 1K1723503L \u2014 AUDI<br \/>\nOEN 1Q1723503 \u2014 AUDI<br \/>\nOEN 1Q1723503A \u2014 AUDI<br \/>\nOEN 1K1723503AA \u2014 SEAT<br \/>\nOEN 1K1 723 503 AJ \u2014 SEAT<br \/>\nOEN 1K1723503AP \u2014 SEAT<br \/>\nOEN 1K1 723 503 AQ \u2014 SEAT<br \/>\nOEN 1K1723503F \u2014 SEAT<br \/>\nOEN 1K1723503L \u2014 SEAT<br \/>\nOEN 1Q1723503 \u2014 SEAT<br \/>\nOEN 1Q1723503A \u2014 SEAT<br \/>\nOEN 1K1723503AA \u2014 SKODA<br \/>\nOEN 1K1 723 503 AJ \u2014 SKODA<br \/>\nOEN 1K1723503AP \u2014 SKODA<br \/>\nOEN 1K1 723 503 AQ \u2014 SKODA<br \/>\nOEN 1K1723503F \u2014 SKODA<br \/>\nOEN 1K1723503L \u2014 SKODA<br \/>\nOEN 1Q1723503 \u2014 SKODA<br \/>\nOEN 1Q1723503A \u2014 SKODA<br \/>\nOEN 1K1723503AA \u2014 VAG<br \/>\nOEN 1K1 723 503 AJ \u2014 VAG<br \/>\nOEN 1K1723503AP \u2014 VAG<br \/>\nOEN 1K1 723 503 AQ \u2014 VAG<br \/>\nOEN 1K1723503F \u2014 VAG<br \/>\nOEN 1K1723503L \u2014 VAG<br \/>\nOEN 1Q1723503 \u2014 VAG<br \/>\nOEN 1Q1723503A \u2014 VAG<br \/>\nOEN 1K1723503AA \u2014 VW<br \/>\nOEN 1K1 723 503 AJ \u2014 VW<br \/>\nOEN 1K1723503AP \u2014 VW<br \/>\nOEN 1K1 723 503 AQ \u2014 VW<br \/>\nOEN 1K1723503F \u2014 VW<br \/>\nOEN 1K1723503L \u2014 VW<br \/>\nOEN 1Q1723503 \u2014 VW<br \/>\nOEN 1Q1723503A \u2014 VW<\/p>\n","protected":false},"excerpt":{"rendered":"<p>DO\u011eAN OTOMOT\u0130V YEDEK PAR\u00c7A<\/p>\n<p>SEM\u0130H SAVA\u015e\u00c7I<\/p>\n<p>0 (312) 395 20 95<\/p>\n<p>IBAN NO: TR56 0011 1000 0000 0088 9009 70  <\/p>\n<p>F\u0130NANSBANK ENPARA<\/p>\n<p>\u015eUBE KODU: 03663<\/p>\n<p>HESAP NO: 88900970<\/p>\n<p>KARGO \u0130ADES\u0130 DURUMUNDA<\/p>\n<p>KARGO \u00dcCRET\u0130 M\u00dc\u015eTER\u0130YE A\u0130TT\u0130R.<\/p>\n<p>TOPLU S\u0130PAR\u0130\u015eLER\u0130N\u0130Z \u0130\u00c7\u0130N: doganotoyedekparcavw@gmail.com<\/p>\n","protected":false},"featured_media":3145,"comment_status":"open","ping_status":"closed","template":"","meta":{"_joinchat":[]},"product_cat":[15],"product_tag":[8066],"class_list":{"0":"post-3144","1":"product","2":"type-product","3":"status-publish","4":"has-post-thumbnail","6":"product_cat-volkswagen","7":"product_tag-1k1723503l-gaz-pedali-vw-passat-3c-b6-orj-cikma","9":"first","10":"instock","11":"sale","12":"shipping-taxable","13":"purchasable","14":"product-type-simple"},"_links":{"self":[{"href":"https:\/\/dogan-otomotiv.com\/index.php\/wp-json\/wp\/v2\/product\/3144","targetHints":{"allow":["GET"]}}],"collection":[{"href":"https:\/\/dogan-otomotiv.com\/index.php\/wp-json\/wp\/v2\/product"}],"about":[{"href":"https:\/\/dogan-otomotiv.com\/index.php\/wp-json\/wp\/v2\/types\/product"}],"replies":[{"embeddable":true,"href":"https:\/\/dogan-otomotiv.com\/index.php\/wp-json\/wp\/v2\/comments?post=3144"}],"wp:featuredmedia":[{"embeddable":true,"href":"https:\/\/dogan-otomotiv.com\/index.php\/wp-json\/wp\/v2\/media\/3145"}],"wp:attachment":[{"href":"https:\/\/dogan-otomotiv.com\/index.php\/wp-json\/wp\/v2\/media?parent=3144"}],"wp:term":[{"taxonomy":"product_cat","embeddable":true,"href":"https:\/\/dogan-otomotiv.com\/index.php\/wp-json\/wp\/v2\/product_cat?post=3144"},{"taxonomy":"product_tag","embeddable":true,"href":"https:\/\/dogan-otomotiv.com\/index.php\/wp-json\/wp\/v2\/product_tag?post=3144"}],"curies":[{"name":"wp","href":"https:\/\/api.w.org\/{rel}","templated":true}]}}