{"id":3128,"date":"2020-06-07T13:14:59","date_gmt":"2020-06-07T13:14:59","guid":{"rendered":"https:\/\/dogan-otomotiv.com\/?post_type=product&#038;p=3128"},"modified":"2020-06-07T13:15:00","modified_gmt":"2020-06-07T13:15:00","slug":"3g1858366-gosterge-cercevesi-b8-passat-yeni-orj","status":"publish","type":"product","link":"https:\/\/dogan-otomotiv.com\/index.php\/urun\/3g1858366-gosterge-cercevesi-b8-passat-yeni-orj\/","title":{"rendered":"3G1858366 G\u00d6STERGE \u00c7ER\u00c7EVES\u0130 B8 PASSAT YEN\u0130 ORJ"},"content":{"rendered":"<p>3G1858366 G\u00d6STERGE \u00c7ER\u00c7EVES\u0130 B8 PASSAT YEN\u0130 ORJ<\/p>\n","protected":false},"excerpt":{"rendered":"<p>3G1858366 G\u00d6STERGE \u00c7ER\u00c7EVES\u0130 B8 PASSAT YEN\u0130 ORJ<\/p>\n","protected":false},"featured_media":3129,"comment_status":"open","ping_status":"closed","template":"","meta":{"_joinchat":[]},"product_cat":[15],"product_tag":[2689,2688],"class_list":{"0":"post-3128","1":"product","2":"type-product","3":"status-publish","4":"has-post-thumbnail","6":"product_cat-volkswagen","7":"product_tag-3g1858366","8":"product_tag-3g1858366-gosterge-cercevesi-b8-passat-yeni-orj","10":"first","11":"instock","12":"sale","13":"shipping-taxable","14":"purchasable","15":"product-type-simple"},"_links":{"self":[{"href":"https:\/\/dogan-otomotiv.com\/index.php\/wp-json\/wp\/v2\/product\/3128","targetHints":{"allow":["GET"]}}],"collection":[{"href":"https:\/\/dogan-otomotiv.com\/index.php\/wp-json\/wp\/v2\/product"}],"about":[{"href":"https:\/\/dogan-otomotiv.com\/index.php\/wp-json\/wp\/v2\/types\/product"}],"replies":[{"embeddable":true,"href":"https:\/\/dogan-otomotiv.com\/index.php\/wp-json\/wp\/v2\/comments?post=3128"}],"wp:featuredmedia":[{"embeddable":true,"href":"https:\/\/dogan-otomotiv.com\/index.php\/wp-json\/wp\/v2\/media\/3129"}],"wp:attachment":[{"href":"https:\/\/dogan-otomotiv.com\/index.php\/wp-json\/wp\/v2\/media?parent=3128"}],"wp:term":[{"taxonomy":"product_cat","embeddable":true,"href":"https:\/\/dogan-otomotiv.com\/index.php\/wp-json\/wp\/v2\/product_cat?post=3128"},{"taxonomy":"product_tag","embeddable":true,"href":"https:\/\/dogan-otomotiv.com\/index.php\/wp-json\/wp\/v2\/product_tag?post=3128"}],"curies":[{"name":"wp","href":"https:\/\/api.w.org\/{rel}","templated":true}]}}