{"id":3108,"date":"2020-06-06T15:03:19","date_gmt":"2020-06-06T15:03:19","guid":{"rendered":"https:\/\/dogan-otomotiv.com\/?post_type=product&#038;p=3108"},"modified":"2020-06-06T15:03:20","modified_gmt":"2020-06-06T15:03:20","slug":"3c0837016a-passat-b6-3c-2006-2011-tiguan-5n-2008-touareg","status":"publish","type":"product","link":"https:\/\/dogan-otomotiv.com\/index.php\/urun\/3c0837016a-passat-b6-3c-2006-2011-tiguan-5n-2008-touareg\/","title":{"rendered":"3C0837016A Passat B6\/3C 2006-2011. Tiguan 5N 2008 Touareg"},"content":{"rendered":"<p>3C0837016A Passat B6\/3C 2006-2011. Tiguan 5N 2008 Touareg<\/p>\n","protected":false},"excerpt":{"rendered":"<p>DO\u011eAN OTOMOT\u0130V YEDEK PAR\u00c7A<\/p>\n<p>SEM\u0130H SAVA\u015e\u00c7I<\/p>\n<p>0 (312) 395 20 95<\/p>\n<p>IBAN NO: TR54 0006 7010 0000 0087 8558 09  <\/p>\n<p>\u015eUBE KODU: 0264<\/p>\n<p>HESAP NO: 87855809<\/p>\n<p>KARGO \u0130ADES\u0130 DURUMUNDA<\/p>\n<p>KARGO \u00dcCRET\u0130 M\u00dc\u015eTER\u0130YE A\u0130TT\u0130R.<\/p>\n<p>TOPLU S\u0130PAR\u0130\u015eLER\u0130N\u0130Z \u0130\u00c7\u0130N: doganotoyedekparcavw@gmail.com<\/p>\n<p> https:\/\/doganotomotivyedekparca.sahibinden.com\/<\/p>\n","protected":false},"featured_media":3109,"comment_status":"open","ping_status":"closed","template":"","meta":{"_joinchat":[]},"product_cat":[15],"product_tag":[2671,2670],"class_list":{"0":"post-3108","1":"product","2":"type-product","3":"status-publish","4":"has-post-thumbnail","6":"product_cat-volkswagen","7":"product_tag-3c0837016a","8":"product_tag-3c0837016a-passat-b6-3c-2006-2011-tiguan-5n-2008-touareg","10":"first","11":"instock","12":"sale","13":"shipping-taxable","14":"purchasable","15":"product-type-simple"},"_links":{"self":[{"href":"https:\/\/dogan-otomotiv.com\/index.php\/wp-json\/wp\/v2\/product\/3108","targetHints":{"allow":["GET"]}}],"collection":[{"href":"https:\/\/dogan-otomotiv.com\/index.php\/wp-json\/wp\/v2\/product"}],"about":[{"href":"https:\/\/dogan-otomotiv.com\/index.php\/wp-json\/wp\/v2\/types\/product"}],"replies":[{"embeddable":true,"href":"https:\/\/dogan-otomotiv.com\/index.php\/wp-json\/wp\/v2\/comments?post=3108"}],"wp:featuredmedia":[{"embeddable":true,"href":"https:\/\/dogan-otomotiv.com\/index.php\/wp-json\/wp\/v2\/media\/3109"}],"wp:attachment":[{"href":"https:\/\/dogan-otomotiv.com\/index.php\/wp-json\/wp\/v2\/media?parent=3108"}],"wp:term":[{"taxonomy":"product_cat","embeddable":true,"href":"https:\/\/dogan-otomotiv.com\/index.php\/wp-json\/wp\/v2\/product_cat?post=3108"},{"taxonomy":"product_tag","embeddable":true,"href":"https:\/\/dogan-otomotiv.com\/index.php\/wp-json\/wp\/v2\/product_tag?post=3108"}],"curies":[{"name":"wp","href":"https:\/\/api.w.org\/{rel}","templated":true}]}}