{"id":3054,"date":"2020-06-06T09:07:48","date_gmt":"2020-06-06T09:07:48","guid":{"rendered":"https:\/\/dogan-otomotiv.com\/?post_type=product&#038;p=3054"},"modified":"2024-12-10T11:18:23","modified_gmt":"2024-12-10T11:18:23","slug":"038103603a-yag-karteri-16-golf-audi-a3-vw-skoda-fabia-seat-leon-ibiza-4","status":"publish","type":"product","link":"https:\/\/dogan-otomotiv.com\/index.php\/urun\/038103603a-yag-karteri-16-golf-audi-a3-vw-skoda-fabia-seat-leon-ibiza-4\/","title":{"rendered":"038103603A YA\u011e KARTER\u0130 1,6 GOLF AUDI A3 VW SKODA FABIA SEAT LEON IBIZA 4"},"content":{"rendered":"<p>038103603A YA\u011e KARTER\u0130 1,6 GOLF AUDI A3 VW SKODA FABIA SEAT LEON IBIZA 4<\/p>\n","protected":false},"excerpt":{"rendered":"<p>038103603A YA\u011e KARTER\u0130 1,6 GOLF AUDI A3 VW SKODA FABIA SEAT LEON IBIZA 4<\/p>\n","protected":false},"featured_media":3055,"comment_status":"open","ping_status":"closed","template":"","meta":{"_joinchat":[]},"product_cat":[15,24,19,20],"product_tag":[2629,2627,2628],"class_list":{"0":"post-3054","1":"product","2":"type-product","3":"status-publish","4":"has-post-thumbnail","6":"product_cat-volkswagen","7":"product_cat-audi","8":"product_cat-seat","9":"product_cat-skoda","10":"product_tag-038103603a","11":"product_tag-038103603a-yag-karteri-1","12":"product_tag-6-golf-audi-a3-vw-skoda-fabia-seat-leon-ibiza-4","14":"first","15":"instock","16":"sale","17":"shipping-taxable","18":"purchasable","19":"product-type-simple"},"_links":{"self":[{"href":"https:\/\/dogan-otomotiv.com\/index.php\/wp-json\/wp\/v2\/product\/3054","targetHints":{"allow":["GET"]}}],"collection":[{"href":"https:\/\/dogan-otomotiv.com\/index.php\/wp-json\/wp\/v2\/product"}],"about":[{"href":"https:\/\/dogan-otomotiv.com\/index.php\/wp-json\/wp\/v2\/types\/product"}],"replies":[{"embeddable":true,"href":"https:\/\/dogan-otomotiv.com\/index.php\/wp-json\/wp\/v2\/comments?post=3054"}],"wp:featuredmedia":[{"embeddable":true,"href":"https:\/\/dogan-otomotiv.com\/index.php\/wp-json\/wp\/v2\/media\/3055"}],"wp:attachment":[{"href":"https:\/\/dogan-otomotiv.com\/index.php\/wp-json\/wp\/v2\/media?parent=3054"}],"wp:term":[{"taxonomy":"product_cat","embeddable":true,"href":"https:\/\/dogan-otomotiv.com\/index.php\/wp-json\/wp\/v2\/product_cat?post=3054"},{"taxonomy":"product_tag","embeddable":true,"href":"https:\/\/dogan-otomotiv.com\/index.php\/wp-json\/wp\/v2\/product_tag?post=3054"}],"curies":[{"name":"wp","href":"https:\/\/api.w.org\/{rel}","templated":true}]}}