{"id":2970,"date":"2020-05-25T09:06:05","date_gmt":"2020-05-25T09:06:05","guid":{"rendered":"https:\/\/dogan-otomotiv.com\/?post_type=product&#038;p=2970"},"modified":"2025-07-15T11:53:13","modified_gmt":"2025-07-15T11:53:13","slug":"038131111b-hortum-intercooler-sol-vw-golf-v-2003-2008","status":"publish","type":"product","link":"https:\/\/dogan-otomotiv.com\/index.php\/urun\/038131111b-hortum-intercooler-sol-vw-golf-v-2003-2008\/","title":{"rendered":"038131111B HORTUM INTERCOOLER SOL VW GOLF V 2003-2008"},"content":{"rendered":"<p>038131111B HORTUM INTERCOOLER SOL VW GOLF V 2003-2008<\/p>\n<p>OE 1K0145790C \u2014 VW \/ AUDI \/ SKODA \/ SEAT \/ VAG<br \/>\nOE 1T0145790E \u2014 VW \/ AUDI \/ SKODA \/ SEAT \/ VAG<br \/>\nOE 038131111B \u2014 VW \/ AUDI \/ SKODA \/ SEAT \/ VAG<br \/>\nOE 1T0145790D \u2014 VW \/ AUDI \/ SKODA \/ SEAT \/ VAG<\/p>\n<p>AUDI<br \/>\nSEAT<br \/>\nSKODA<br \/>\nVW<br \/>\nVW Touran I (1T1, 1T2) (Year of Construction 02.2003 &#8211; 05.2010)<br \/>\nVW Golf V Hatchback (1K1) (Year of Construction 10.2003 &#8211; 02.2009)<br \/>\nVW Golf Plus \/ Crossgolf (5M1, 521) (Year of Construction 01.2005 &#8211; 12.2013)<br \/>\nVW Passat B6 Saloon (3C2) (Year of Construction 03.2005 &#8211; 11.2010)<br \/>\nVW Jetta Mk5 (1K) (Year of Construction 08.2005 &#8211; 10.2010)<br \/>\nVW Passat B6 Variant (3C5) (Year of Construction 08.2005 &#8211; 10.2011)<br \/>\n2.0 TDI, Year of Construction 11.2005 &#8211; 05.2007, 1968 ccm, 120 hp<br \/>\n2.0 TDI, Year of Construction 08.2005 &#8211; 02.2006, 1968 ccm, 122 hp<br \/>\n2.0 TDI, Year of Construction 08.2005 &#8211; 11.2010, 1968 ccm, 136 hp<br \/>\n2.0 TDI, Year of Construction 08.2005 &#8211; 05.2009, 1968 ccm, 140 hp<br \/>\n2.0 TDI 16V, Year of Construction 08.2005 &#8211; 11.2010, 1968 ccm, 140 hp<br \/>\n2.0 TDI 16V 4motion, Year of Construction 08.2005 &#8211; 11.2010, 1968 ccm, 140 hp<br \/>\n2.0 TDI 4motion, Year of Construction 08.2005 &#8211; 05.2009, 1968 ccm, 140 hp<br \/>\nVW Golf V Variant (1K5) (Year of Construction 06.2007 &#8211; 07.2009)<\/p>\n","protected":false},"excerpt":{"rendered":"<p>DO\u011eAN OTOMOT\u0130V YEDEK PAR\u00c7A<br \/>\nSEM\u0130H SAVA\u015e\u00c7I<br \/>\n0 (312) 395 20 95<br \/>\n0533 322 16 09<\/p>\n<p>IBAN NO: TR56 0011 1000 0000 0088 9009 70<br \/>\nF\u0130NANSBANK ENPARA<br \/>\n\u015eUBE KODU: 03663<br \/>\nHESAP NO: 88900970<\/p>\n<p>KARGO \u0130ADES\u0130 DURUMUNDA<br \/>\nKARGO \u00dcCRET\u0130 M\u00dc\u015eTER\u0130YE A\u0130TT\u0130R.<\/p>\n<p>\u015e\u0130PAR\u0130\u015eLER HAKKINDA<br \/>\nL\u00dcTFEN \u015e\u0130PAR\u0130\u015e VERMEK \u0130STED\u0130\u011e\u0130N\u0130Z \u00dcR\u00dcN\u00dcN STOK DURUMUNU SORUNUZ.<br \/>\nT\u00dcRK\u0130YEN\u0130N T\u00dcM \u015eEH\u0130RLER\u0130NE ANLA\u015eMALI KARGOLARIMIZ \u0130LE G\u00d6NDER\u0130M YAPILIR.<br \/>\nSAAT 17:00 KADAR VER\u0130LEN \u015e\u0130PAR\u0130\u015eLER AYNI G\u00dcN KARGO \u0130LE G\u00d6NDER\u0130M\u0130 YAPILIR.<br \/>\n\u00c7IKMA PAR\u00c7A F\u0130YATLARI PAR\u00c7ANIN TEM\u0130ZL\u0130\u011e\u0130NE VE TAM\u0130RS\u0130ZL\u0130\u011e\u0130NE G\u00d6RE DE\u011e\u0130\u015eKENL\u0130K G\u00d6STER\u0130R.<br \/>\nD\u0130\u011eER PAR\u00c7ALAR VE F\u0130YAT B\u0130LG\u0130S\u0130 \u0130\u00c7\u0130N \u0130LET\u0130\u015eME GE\u00c7EB\u0130L\u0130RS\u0130N\u0130Z<\/p>\n<p>TOPLU S\u0130PAR\u0130\u015eLER\u0130N\u0130Z \u0130\u00c7\u0130N: doganotoyedekparcavw@gmail.com<\/p>\n","protected":false},"featured_media":2971,"comment_status":"open","ping_status":"closed","template":"","meta":{"_joinchat":[]},"product_cat":[15,24,19,20],"product_tag":[2558],"class_list":{"0":"post-2970","1":"product","2":"type-product","3":"status-publish","4":"has-post-thumbnail","6":"product_cat-volkswagen","7":"product_cat-audi","8":"product_cat-seat","9":"product_cat-skoda","10":"product_tag-038131111b-hortum-intercooler-sol-vw-golf-v-2003-2008","12":"first","13":"instock","14":"sale","15":"shipping-taxable","16":"purchasable","17":"product-type-simple"},"_links":{"self":[{"href":"https:\/\/dogan-otomotiv.com\/index.php\/wp-json\/wp\/v2\/product\/2970","targetHints":{"allow":["GET"]}}],"collection":[{"href":"https:\/\/dogan-otomotiv.com\/index.php\/wp-json\/wp\/v2\/product"}],"about":[{"href":"https:\/\/dogan-otomotiv.com\/index.php\/wp-json\/wp\/v2\/types\/product"}],"replies":[{"embeddable":true,"href":"https:\/\/dogan-otomotiv.com\/index.php\/wp-json\/wp\/v2\/comments?post=2970"}],"wp:featuredmedia":[{"embeddable":true,"href":"https:\/\/dogan-otomotiv.com\/index.php\/wp-json\/wp\/v2\/media\/2971"}],"wp:attachment":[{"href":"https:\/\/dogan-otomotiv.com\/index.php\/wp-json\/wp\/v2\/media?parent=2970"}],"wp:term":[{"taxonomy":"product_cat","embeddable":true,"href":"https:\/\/dogan-otomotiv.com\/index.php\/wp-json\/wp\/v2\/product_cat?post=2970"},{"taxonomy":"product_tag","embeddable":true,"href":"https:\/\/dogan-otomotiv.com\/index.php\/wp-json\/wp\/v2\/product_tag?post=2970"}],"curies":[{"name":"wp","href":"https:\/\/api.w.org\/{rel}","templated":true}]}}