{"id":2809,"date":"2020-05-18T11:03:52","date_gmt":"2020-05-18T11:03:52","guid":{"rendered":"https:\/\/dogan-otomotiv.com\/?post_type=product&#038;p=2809"},"modified":"2022-03-18T07:15:44","modified_gmt":"2022-03-18T07:15:44","slug":"0281002131-solenoid-valf-vw-volvo-2-5tdi","status":"publish","type":"product","link":"https:\/\/dogan-otomotiv.com\/index.php\/urun\/0281002131-solenoid-valf-vw-volvo-2-5tdi\/","title":{"rendered":"0281002131 MAZOT PONPASI Solenoid Valf VW\/VOLVO 2.5TDI T4 ACV MOTOR"},"content":{"rendered":"<p>0281002131 Solenoid Valf VW\/VOLVO 2.5TDI<\/p>\n<p>0281002131 MAZOTPONPASI Solenoid Valf T4 2,5 TD\u0130 ORJ YEN\u0130<\/p>\n<p>Nur zum groben Vergleich!    VW    LT 28-35 II Otob\u00fcs    1996\/05-2006\/07    2DB, 2DE, 2DK    2.3    2295 cc, 105 KW, 143 PS<br \/>\nNur zum groben Vergleich!    VW    LT 28-35 II Otob\u00fcs    1996\/07-2006\/07    2DB, 2DE, 2DK    2.5 SDI    2461 cc, 55 KW, 75 PS<br \/>\nNur zum groben Vergleich!    VW    LT 28-35 II Otob\u00fcs    2001\/05-2006\/07    2DB, 2DE, 2DK    2.5 TDI    2461 cc, 70 KW, 95 PS<br \/>\nNur zum groben Vergleich!    VW    LT 28-35 II Otob\u00fcs    2001\/05-2006\/07    2DB, 2DE, 2DK    2.5 TDI    2461ccm, 61 KW, 83 PS<br \/>\nNur zum groben Vergleich!    VW    LT 28-35 II Otob\u00fcs    1999\/05-2006\/07    2DB, 2DE, 2DK    2.5 TDI    2461ccm, 66 KW, 90 PS<br \/>\nNur zum groben Vergleich!    VW    LT 28-35 II Otob\u00fcs    1996\/05-1999\/08    2DB, 2DE, 2DK    2.5 TDI    2461 cc, 75 KW, 102 PS<br \/>\nNur zum groben Vergleich!    VW    LT 28-35 II Otob\u00fcs    1999\/05-2006\/07    2DB, 2DE, 2DK    2.5 TDI    2461 cc, 80 KW, 109 PS<br \/>\nNur zum groben Vergleich!    VW    LT 28-35 II Otob\u00fcs    1997\/07-2003\/05    2DB, 2DE, 2DK    2.8 TDI    2798 cc, 92 KW, 125 PS<br \/>\nNur zum groben Vergleich!    VW    LT 28-35 II Otob\u00fcs    1999\/01-2002\/01    2DB, 2DE, 2DK    2.8 TDI    2798 cc, 96 KW, 131 PS<br \/>\nNur zum groben Vergleich!    VW    LT 28-35 II Otob\u00fcs    2001\/05-2006\/06    2DB, 2DE, 2DK    2.8 TDI    2799 cc, 116 KW, 158 PS<br \/>\nNur zum groben Vergleich!    VW    LT 28-46 II Kasten    1996\/05-2006\/07    2DA, 2DD, 2DH    2.3    2295 cc, 105 KW, 143 PS<br \/>\nNur zum groben Vergleich!    VW    LT 28-46 II Kasten    1996\/09-2006\/07    2DA, 2DD, 2DH    2.5 SDI    2461 cc, 55 KW, 75 PS<br \/>\nNur zum groben Vergleich!    VW    LT 28-46 II Kasten    2001\/05-2006\/07    2DA, 2DD, 2DH    2.5 TDI    2461ccm, 61 KW, 83 PS<br \/>\nNur zum groben Vergleich!    VW    LT 28-46 II Kasten    2001\/05-2006\/07    2DA, 2DD, 2DH    2.5 TDI    2461 cc, 70 KW, 95 PS<br \/>\nNur zum groben Vergleich!    VW    LT 28-46 II Kasten    1999\/05-2006\/07    2DA, 2DD, 2DH    2.5 TDI    2461ccm, 66 KW, 90 PS<br \/>\nNur zum groben Vergleich!    VW    LT 28-46 II Kasten    1999\/05-2006\/07    2DA, 2DD, 2DH    2.5 TDI    2461 cc, 80 KW, 109 PS<br \/>\nNur zum groben Vergleich!    VW    LT 28-46 II Kasten    1996\/05-1999\/08    2DA, 2DD, 2DH    2.5 TDI    2461 cc, 75 KW, 102 PS<br \/>\nNur zum groben Vergleich!    VW    LT 28-46 II Kasten    1997\/07-2002\/01    2DA, 2DD, 2DH    2.8 TDI    2799 cc, 92 KW, 125 PS<br \/>\nNur zum groben Vergleich!    VW    LT 28-46 II Kasten    1999\/01-2006\/07    2DA, 2DD, 2DH    2.8 TDI    2799 cc, 96 KW, 130 PS<br \/>\nNur zum groben Vergleich!    VW    LT 28-46 II Kasten    2002\/04-2006\/07    2DA, 2DD, 2DH    2.8 TDI    2799 cc, 116 KW, 158 PS<\/p>\n<p>Nur zum groben Vergleich!    VW    LT 28-46 II Pritsche\/Fahrgestell    1996\/06-2006\/07    2DC, 2DF, 2DG, 2DL, 2DM    2.3    2295 ccm, 105 KW, 143 PS<br \/>\nNur zum groben Vergleich!    VW    LT 28-46 II Pritsche\/Fahrgestell    1996\/09-2006\/07    2DC, 2DF, 2DG, 2DL, 2DM    2.5 SDI    2461 ccm, 55 KW, 75 PS<br \/>\nNur zum groben Vergleich!    VW    LT 28-46 II Pritsche\/Fahrgestell    1999\/05-2006\/07    2DC, 2DF, 2DG, 2DL, 2DM    2.5 TDI    2461 ccm, 80 KW, 109 PS<br \/>\nNur zum groben Vergleich!    VW    LT 28-46 II Pritsche\/Fahrgestell    2001\/05-2006\/07    2DC, 2DF, 2DG, 2DL, 2DM    2.5 TDI    2461 ccm, 61 KW, 83 PS<br \/>\nNur zum groben Vergleich!    VW    LT 28-46 II Pritsche\/Fahrgestell    1999\/05-2006\/07    2DC, 2DF, 2DG, 2DL, 2DM    2.5 TDI    2461 ccm, 66 KW, 90 PS<br \/>\nNur zum groben Vergleich!    VW    LT 28-46 II Pritsche\/Fahrgestell    2001\/05-2006\/07    2DC, 2DF, 2DG, 2DL, 2DM    2.5 TDI    2461 ccm, 70 KW, 95 PS<br \/>\nNur zum groben Vergleich!    VW    LT 28-46 II Pritsche\/Fahrgestell    1996\/06-1999\/08    2DC, 2DF, 2DG, 2DL, 2DM    2.5 TDI    2461 ccm, 75 KW, 102 PS<br \/>\nNur zum groben Vergleich!    VW    LT 28-46 II Pritsche\/Fahrgestell    1997\/07-2002\/01    2DC, 2DF, 2DG, 2DL, 2DM    2.8 TDI    2799 ccm, 92 KW, 125 PS<br \/>\nNur zum groben Vergleich!    VW    LT 28-46 II Pritsche\/Fahrgestell    2002\/04-2006\/07    2DC, 2DF, 2DG, 2DL, 2DM    2.8 TDI    2799 ccm, 116 KW, 158 PS<br \/>\nNur zum groben Vergleich!    VW    LT 28-46 II Pritsche\/Fahrgestell    1999\/01-2006\/07    2DC, 2DF, 2DG, 2DL, 2DM    2.8 TDI    2799 ccm, 96 KW, 130 PS<br \/>\nNur zum groben Vergleich!    VW    Transporter IV Bus    1992\/10-2003\/04    70B, 70C, 70J, 70K, 7DB, 7DC, 7DJ, 7DK    1.9 TD    1896 ccm, 50 KW, 68 PS<br \/>\nNur zum groben Vergleich!    VW    Transporter IV Bus    1990\/09-2003\/04    70B, 70C, 70J, 70K, 7DB, 7DC, 7DJ, 7DK    2.0    1968 ccm, 62 KW, 84 PS<br \/>\nNur zum groben Vergleich!    VW    Transporter IV Bus    1997\/08-2003\/04    70B, 70C, 70J, 70K, 7DB, 7DC, 7DJ, 7DK    2.4 D    2370 ccm, 55 KW, 75 PS<br \/>\nNur zum groben Vergleich!    VW    Transporter IV Bus    1990\/09-1998\/04    70B, 70C, 70J, 70K, 7DB, 7DC, 7DJ, 7DK    2.4 D    2370 ccm, 57 KW, 78 PS<br \/>\nNur zum groben Vergleich!    VW    Transporter IV Bus    1996\/08-2003\/04    70B, 70C, 70J, 70K, 7DB, 7DC, 7DJ, 7DK    2.5    2461 ccm, 85 KW, 115 PS<br \/>\nNur zum groben Vergleich!    VW    Transporter IV Bus    1990\/11-2003\/04    70B, 70C, 70J, 70K, 7DB, 7DC, 7DJ, 7DK    2.5    2461 ccm, 81 KW, 110 PS<br \/>\nNur zum groben Vergleich!    VW    Transporter IV Bus    1995\/09-2003\/04    70B, 70C, 70J, 70K, 7DB, 7DC, 7DJ, 7DK    2.5 TDI    2461 ccm, 75 KW, 102 PS<br \/>\nNur zum groben Vergleich!    VW    Transporter IV Bus    1995\/11-2000\/04    70B, 70C, 70J, 70K, 7DB, 7DC, 7DJ, 7DK    2.8 VR6    27<\/p>\n","protected":false},"excerpt":{"rendered":"<p>DO\u011eAN OTOMOT\u0130V YEDEK PAR\u00c7A<br \/>\nSEM\u0130H SAVA\u015e\u00c7I<br \/>\n0 (312) 395 20 95<br \/>\n0533 322 16 09<\/p>\n<p>IBAN NO: TR56 0011 1000 0000 0088 9009 70\u00a0\u00a0<br \/>\nF\u0130NANSBANK ENPARA<br \/>\n\u015eUBE KODU: 03663<br \/>\nHESAP NO: 88900970<\/p>\n<p>KARGO \u0130ADES\u0130 DURUMUNDA<br \/>\nKARGO \u00dcCRET\u0130 M\u00dc\u015eTER\u0130YE A\u0130TT\u0130R.<\/p>\n<p>\u015e\u0130PAR\u0130\u015eLER HAKKINDA<br \/>\nL\u00dcTFEN \u015e\u0130PAR\u0130\u015e VERMEK \u0130STED\u0130\u011e\u0130N\u0130Z \u00dcR\u00dcN\u00dcN STOK DURUMUNU SORUNUZ.<br \/>\nT\u00dcRK\u0130YEN\u0130N T\u00dcM \u015eEH\u0130RLER\u0130NE ANLA\u015eMALI KARGOLARIMIZ \u0130LE G\u00d6NDER\u0130M YAPILIR.<br \/>\nSAAT 17:00 KADAR VER\u0130LEN \u015e\u0130PAR\u0130\u015eLER AYNI G\u00dcN KARGO \u0130LE G\u00d6NDER\u0130M\u0130 YAPILIR.<br \/>\n\u00c7IKMA PAR\u00c7A F\u0130YATLARI PAR\u00c7ANIN TEM\u0130ZL\u0130\u011e\u0130NE VE TAM\u0130RS\u0130ZL\u0130\u011e\u0130NE G\u00d6RE DE\u011e\u0130\u015eKENL\u0130K G\u00d6STER\u0130R.<br \/>\nD\u0130\u011eER PAR\u00c7ALAR VE F\u0130YAT B\u0130LG\u0130S\u0130 \u0130\u00c7\u0130N \u0130LET\u0130\u015eME GE\u00c7EB\u0130L\u0130RS\u0130N\u0130Z<\/p>\n<p>TOPLU S\u0130PAR\u0130\u015eLER\u0130N\u0130Z \u0130\u00c7\u0130N: doganotoyedekparcavw@gmail.com<\/p>\n","protected":false},"featured_media":2810,"comment_status":"open","ping_status":"closed","template":"","meta":{"_joinchat":[]},"product_cat":[15],"product_tag":[4177],"class_list":{"0":"post-2809","1":"product","2":"type-product","3":"status-publish","4":"has-post-thumbnail","6":"product_cat-volkswagen","7":"product_tag-0281002131-mazot-ponpasi-solenoid-valf-vw-volvo-2-5tdi-t4-acv-motor","9":"first","10":"instock","11":"sale","12":"shipping-taxable","13":"purchasable","14":"product-type-simple"},"_links":{"self":[{"href":"https:\/\/dogan-otomotiv.com\/index.php\/wp-json\/wp\/v2\/product\/2809","targetHints":{"allow":["GET"]}}],"collection":[{"href":"https:\/\/dogan-otomotiv.com\/index.php\/wp-json\/wp\/v2\/product"}],"about":[{"href":"https:\/\/dogan-otomotiv.com\/index.php\/wp-json\/wp\/v2\/types\/product"}],"replies":[{"embeddable":true,"href":"https:\/\/dogan-otomotiv.com\/index.php\/wp-json\/wp\/v2\/comments?post=2809"}],"wp:featuredmedia":[{"embeddable":true,"href":"https:\/\/dogan-otomotiv.com\/index.php\/wp-json\/wp\/v2\/media\/2810"}],"wp:attachment":[{"href":"https:\/\/dogan-otomotiv.com\/index.php\/wp-json\/wp\/v2\/media?parent=2809"}],"wp:term":[{"taxonomy":"product_cat","embeddable":true,"href":"https:\/\/dogan-otomotiv.com\/index.php\/wp-json\/wp\/v2\/product_cat?post=2809"},{"taxonomy":"product_tag","embeddable":true,"href":"https:\/\/dogan-otomotiv.com\/index.php\/wp-json\/wp\/v2\/product_tag?post=2809"}],"curies":[{"name":"wp","href":"https:\/\/api.w.org\/{rel}","templated":true}]}}