{"id":2627,"date":"2020-05-08T11:42:17","date_gmt":"2020-05-08T11:42:17","guid":{"rendered":"https:\/\/dogan-otomotiv.com\/?post_type=product&#038;p=2627"},"modified":"2022-01-21T09:37:31","modified_gmt":"2022-01-21T09:37:31","slug":"bardaklik-vw-grafter-mercedes-sprinter-unversal-cok-kullanisli","status":"publish","type":"product","link":"https:\/\/dogan-otomotiv.com\/index.php\/urun\/bardaklik-vw-grafter-mercedes-sprinter-unversal-cok-kullanisli\/","title":{"rendered":"BARDAKLIK VW GRAFTER MERCEDES SPR\u0130NTER \u00dcNVERSAL \u00c7OK KULLANI\u015eLI"},"content":{"rendered":"<p>BARDAKLIK VW GRAFTER MERCEDES SPR\u0130NTER \u00dcNVERSAL \u00c7OK KULLANI\u015eLI<\/p>\n","protected":false},"excerpt":{"rendered":"<p>DO\u011eAN OTOMOT\u0130V YEDEK PAR\u00c7A<\/p>\n<p>SEM\u0130H SAVA\u015e\u00c7I<\/p>\n<p>0 (312) 395 20 95<\/p>\n<p>IBAN NO: TR54 0006 7010 0000 0087 8558 09  <\/p>\n<p>\u015eUBE KODU: 0264<\/p>\n<p>HESAP NO: 87855809<\/p>\n<p>YAPI KRED\u0130 BANKASI ATA SANAY\u0130 \u015eUBES\u0130<\/p>\n<p>IBAN NO: TR83 0013 4000 0057 8901 8000 01<\/p>\n<p>DEN\u0130ZBANK \u0130VED\u0130K ORGAN\u0130ZE SANAY\u0130 \u015eUBES\u0130<\/p>\n<p>KARGO \u0130ADES\u0130 DURUMUNDA<\/p>\n<p>KARGO \u00dcCRET\u0130 M\u00dc\u015eTER\u0130YE A\u0130TT\u0130R.<\/p>\n<p>TOPLU S\u0130PAR\u0130\u015eLER\u0130N\u0130Z \u0130\u00c7\u0130N: doganotoyedekparcavw@gmail.com<\/p>\n","protected":false},"featured_media":2628,"comment_status":"open","ping_status":"closed","template":"","meta":{"_joinchat":[]},"product_cat":[15,23,17],"product_tag":[2233,1889],"class_list":{"0":"post-2627","1":"product","2":"type-product","3":"status-publish","4":"has-post-thumbnail","6":"product_cat-volkswagen","7":"product_cat-mercedes","8":"product_cat-peugeot","9":"product_tag-bardaklik-vw-grafter-mercedes-sprinter-unversal-cok-kullanisli","10":"product_tag-bardaklik","12":"first","13":"instock","14":"sale","15":"shipping-taxable","16":"purchasable","17":"product-type-simple"},"_links":{"self":[{"href":"https:\/\/dogan-otomotiv.com\/index.php\/wp-json\/wp\/v2\/product\/2627","targetHints":{"allow":["GET"]}}],"collection":[{"href":"https:\/\/dogan-otomotiv.com\/index.php\/wp-json\/wp\/v2\/product"}],"about":[{"href":"https:\/\/dogan-otomotiv.com\/index.php\/wp-json\/wp\/v2\/types\/product"}],"replies":[{"embeddable":true,"href":"https:\/\/dogan-otomotiv.com\/index.php\/wp-json\/wp\/v2\/comments?post=2627"}],"wp:featuredmedia":[{"embeddable":true,"href":"https:\/\/dogan-otomotiv.com\/index.php\/wp-json\/wp\/v2\/media\/2628"}],"wp:attachment":[{"href":"https:\/\/dogan-otomotiv.com\/index.php\/wp-json\/wp\/v2\/media?parent=2627"}],"wp:term":[{"taxonomy":"product_cat","embeddable":true,"href":"https:\/\/dogan-otomotiv.com\/index.php\/wp-json\/wp\/v2\/product_cat?post=2627"},{"taxonomy":"product_tag","embeddable":true,"href":"https:\/\/dogan-otomotiv.com\/index.php\/wp-json\/wp\/v2\/product_tag?post=2627"}],"curies":[{"name":"wp","href":"https:\/\/api.w.org\/{rel}","templated":true}]}}