{"id":2513,"date":"2020-05-03T09:24:33","date_gmt":"2020-05-03T09:24:33","guid":{"rendered":"https:\/\/dogan-otomotiv.com\/?post_type=product&#038;p=2513"},"modified":"2025-03-19T06:33:05","modified_gmt":"2025-03-19T06:33:05","slug":"06b905379-sicaklik-sensoru-golf-iv-v-touran-scirocc","status":"publish","type":"product","link":"https:\/\/dogan-otomotiv.com\/index.php\/urun\/06b905379-sicaklik-sensoru-golf-iv-v-touran-scirocc\/","title":{"rendered":"06B905379 SICAKLIK SENS\u00d6R\u00dc GOLF IV V TOURAN SCIROCC ORJ YEN\u0130"},"content":{"rendered":"<p>06B905379 SICAKLIK SENS\u00d6R\u00dc GOLF IV V TOURAN SCIROCC<\/p>\n","protected":false},"excerpt":{"rendered":"<p>OE 06B 905 379 D \u2014 VW \/ AUDI \/ SKODA \/ SEAT<br \/>\nOE 06B 905 379 \u2014 VW \/ AUDI \/ SKODA \/ SEAT<br \/>\nOE 06B 905 379 A \u2014 VW \/ AUDI \/ SKODA \/ SEAT<br \/>\nOE 06B 905 379 C \u2014 VW \/ AUDI \/ SKODA \/ SEAT<br \/>\nOE 06B 905 379 B \u2014 VW \/ AUDI \/ SKODA \/ SEAT<br \/>\nOE 06B 906 379 C \u2014 VW \/ AUDI \/ SKODA \/ SEAT<br \/>\nOE 6B 905 379 \u2014 VW \/ AUDI \/ SKODA \/ SEAT<br \/>\nOE 6B 905 379 A \u2014 VW \/ AUDI \/ SKODA \/ SEAT<br \/>\nOE 6B 905 379 B \u2014 VW \/ AUDI \/ SKODA \/ SEAT<br \/>\nOE 6B 905 379 C \u2014 VW \/ AUDI \/ SKODA \/ SEAT<br \/>\nOE 6B 905 379 D \u2014 VW \/ AUDI \/ SKODA \/ SEAT<br \/>\nOE 6B 906 379 C \u2014 VW \/ AUDI \/ SKODA \/ SEAT<\/p>\n<p>VW Golf IV Hatchback (1J1) (Yap\u0131m Y\u0131l\u0131 08.1997 &#8211; 06.2005)<br \/>\nVW Golf IV Varyant\u0131 (1J5) (Yap\u0131m Y\u0131l\u0131 05.1999 &#8211; 06.2006)<br \/>\nVW New Beetle Hatchback (9C1, 1C1) (\u00dcretim Y\u0131l\u0131 01.1998 &#8211; 09.2010)<br \/>\nVW Bora Sedan (1J2) (\u00dcretim Y\u0131l\u0131 10.1998 &#8211; 09.2005)<br \/>\nVW Bora Variant (1J6) (\u00dcretim Y\u0131l\u0131 05.1999 &#8211; 05.2005)<br \/>\nVW Passat B5 GP Sedan (3BG, 3B3) (Yap\u0131m Y\u0131l\u0131 11.2000 &#8211; 05.2005)<br \/>\nVW Passat B5 GP Station Wagon (3BG, 3B6) (Yap\u0131m Y\u0131l\u0131 10.2000 &#8211; 08.2005)<br \/>\nVW Polo IV Hatchback (9N) (\u00dcretim Y\u0131l\u0131 10.2001 &#8211; 01.2012)<br \/>\nVW Touran I (1T1, 1T2) (\u00dcretim Y\u0131l\u0131 02.2003 &#8211; 05.2010)<br \/>\nVW New Beetle Convertible (1Y7) (Yap\u0131m Y\u0131l\u0131 09.2002 &#8211; 10.2010)<br \/>\nVW Multivan T5 (7HM, 7HN, 7HF, 7EF, 7EM, 7EN) (\u0130n\u015faat Y\u0131l\u0131 04.2003 &#8211; 08.2015)<br \/>\nVW Golf V Hatchback (1K1) (\u00dcretim Y\u0131l\u0131 10.2003 &#8211; 02.2009)<br \/>\nVW Transporter T5 Platform \/ \u015easi (7JD, 7JE, 7JL, 7JY, 7JZ, 7FD) (Yap\u0131m Y\u0131l\u0131 04.2003 &#8211; 08.2015)<br \/>\nVW Transporter T5 Van (7HA, 7HH, 7EA, 7EH) (Yap\u0131m Y\u0131l\u0131 04.2003 &#8211; &#8230;)<br \/>\nVW Transporter T5 Minib\u00fcs (7HB, 7HJ, 7EB, 7EJ, 7EF, 7EG, 7HF, 7EC) (Yap\u0131m Y\u0131l\u0131 04.2003 &#8211; 08.2015)<br \/>\nVW Golf Plus \/ Crossgolf (5M1, 521) (Yap\u0131m Y\u0131l\u0131 01.2005 &#8211; 12.2013)<br \/>\nVW Passat B6 Sedan (3C2) (\u00dcretim Y\u0131l\u0131 03.2005 &#8211; 11.2010)<br \/>\nVW Jetta Mk5 (1K) (Yap\u0131m Y\u0131l\u0131 08.2005 &#8211; 10.2010)<br \/>\nVW Passat B6 Variant (3C5) (\u00dcretim Y\u0131l\u0131 08.2005 &#8211; 10.2011)<br \/>\nVW Eos (1F7, 1F8) (Yap\u0131m Y\u0131l\u0131 03.2006 &#8211; 08.2015)<br \/>\nVW Golf V Varyant\u0131 (1K5) (Yap\u0131m Y\u0131l\u0131 06.2007 &#8211; 07.2009)<br \/>\nVW Tiguan I (5N) (Yap\u0131m Y\u0131l\u0131 09.2007 &#8211; 07.2018)<br \/>\nVW Passat CC (357) (Yap\u0131m Y\u0131l\u0131 05.2008 &#8211; 01.2012)<br \/>\nVW Scirocco III (137, 138) (Yap\u0131m Y\u0131l\u0131 05.2008 &#8211; 11.2017)<br \/>\nVW Golf VI Hatchback (5K1) (Yap\u0131m Y\u0131l\u0131 10.2008 &#8211; 11.2013)<br \/>\nVW Polo V Hatchback (6R1, 6C1) (\u00dcretim Y\u0131l\u0131 06.2009 &#8211; &#8230;)<br \/>\nVW Golf VI Varyant\u0131 (AJ5) (Yap\u0131m Y\u0131l\u0131 07.2009 &#8211; 07.2013)<br \/>\nVW Sharan II (7N1, 7N2) (\u00dcretim Y\u0131l\u0131 05.2010 &#8211; &#8230;)<br \/>\nVW Amarok Pickup (2HA, 2HB, S1B, S6B, S7A, S7B) (\u00dcretim Y\u0131l\u0131 09.2010 &#8211; &#8230;)<br \/>\nVW Passat B7 Sedan (362) (Yap\u0131m Y\u0131l\u0131 08.2010 &#8211; 12.2014)<br \/>\nVW Passat B7 Variant (365) (Yap\u0131m Y\u0131l\u0131 08.2010 &#8211; 12.2014)<br \/>\nVW Jetta Mk6 (162, 163, AV3, AV2) (\u00dcretim Y\u0131l\u0131 04.2010 &#8211; &#8230;)<br \/>\nVW Beetle Hatchback (5C1, 5C2) (\u00dcretim Y\u0131l\u0131 04.2011 &#8211; 07.2019)<br \/>\nVW CC (358) (Yap\u0131m Y\u0131l\u0131 11.2011 &#8211; 12.2016)<br \/>\nVW Passat B7 Alltrack (365) (Yap\u0131m Y\u0131l\u0131 01.2012 &#8211; 12.2014)<br \/>\nVW Amarok Platform \/ \u015easi (S1B, S6B, S7B) (\u00dcretim Y\u0131l\u0131 09.2011 &#8211; &#8230;)<br \/>\nVW Multivan T6 (SGF, SGM, SGN) (\u00dcretim Y\u0131l\u0131 04.2015 &#8211; &#8230;)<br \/>\nVW Transporter T6 Minib\u00fcs (SGB, SGG, SGJ) (Yap\u0131m Y\u0131l\u0131 04.2015 &#8211; &#8230;)<br \/>\nVW Transporter T6 Van (SGA, SGH) (Yap\u0131m Y\u0131l\u0131 04.2015 &#8211; &#8230;)<br \/>\nVW Transporter T6 Platform \/ \u015easi (SFD, SFE, SFL, SFZ) (\u00dcretim Y\u0131l\u0131 04.2015 &#8211; &#8230;)<br \/>\nVW Touareg III (CR7) (\u00dcretim Y\u0131l\u0131 11.2017 &#8211; &#8230;)<br \/>\nVW Passat B7 Box Body \/ Station Wagon (365) (Yap\u0131m Y\u0131l\u0131 08.2010 &#8211; 12.2014)<br \/>\nVW California T5 Minib\u00fcs (7EC, 7EF, 7EG, 7HF) (Yap\u0131m Y\u0131l\u0131 04.2003 &#8211; 08.2015)<br \/>\nVW California T6 Minib\u00fcs (SGC, SGG, SHC) (Yap\u0131m Y\u0131l\u0131 04.2015 &#8211; &#8230;)<\/p>\n","protected":false},"featured_media":2514,"comment_status":"open","ping_status":"closed","template":"","meta":{"_joinchat":[]},"product_cat":[15,24,19,20],"product_tag":[2129,11267],"class_list":{"0":"post-2513","1":"product","2":"type-product","3":"status-publish","4":"has-post-thumbnail","6":"product_cat-volkswagen","7":"product_cat-audi","8":"product_cat-seat","9":"product_cat-skoda","10":"product_tag-06b905379","11":"product_tag-06b905379-sicaklik-sensoru-golf-iv-v-touran-scirocc-orj-yeni","13":"first","14":"instock","15":"sale","16":"shipping-taxable","17":"purchasable","18":"product-type-simple"},"_links":{"self":[{"href":"https:\/\/dogan-otomotiv.com\/index.php\/wp-json\/wp\/v2\/product\/2513","targetHints":{"allow":["GET"]}}],"collection":[{"href":"https:\/\/dogan-otomotiv.com\/index.php\/wp-json\/wp\/v2\/product"}],"about":[{"href":"https:\/\/dogan-otomotiv.com\/index.php\/wp-json\/wp\/v2\/types\/product"}],"replies":[{"embeddable":true,"href":"https:\/\/dogan-otomotiv.com\/index.php\/wp-json\/wp\/v2\/comments?post=2513"}],"wp:featuredmedia":[{"embeddable":true,"href":"https:\/\/dogan-otomotiv.com\/index.php\/wp-json\/wp\/v2\/media\/2514"}],"wp:attachment":[{"href":"https:\/\/dogan-otomotiv.com\/index.php\/wp-json\/wp\/v2\/media?parent=2513"}],"wp:term":[{"taxonomy":"product_cat","embeddable":true,"href":"https:\/\/dogan-otomotiv.com\/index.php\/wp-json\/wp\/v2\/product_cat?post=2513"},{"taxonomy":"product_tag","embeddable":true,"href":"https:\/\/dogan-otomotiv.com\/index.php\/wp-json\/wp\/v2\/product_tag?post=2513"}],"curies":[{"name":"wp","href":"https:\/\/api.w.org\/{rel}","templated":true}]}}