{"id":2308,"date":"2020-04-28T15:04:29","date_gmt":"2020-04-28T15:04:29","guid":{"rendered":"https:\/\/dogan-otomotiv.com\/?post_type=product&#038;p=2308"},"modified":"2020-04-28T15:04:30","modified_gmt":"2020-04-28T15:04:30","slug":"3c1955601-cam-silecek-mekanizmasi-vw-passat-b5-2005-2014-a23","status":"publish","type":"product","link":"https:\/\/dogan-otomotiv.com\/index.php\/urun\/3c1955601-cam-silecek-mekanizmasi-vw-passat-b5-2005-2014-a23\/","title":{"rendered":"3C1955601&#8221;CAM -S\u0130LECEK -MEKAN\u0130ZMASI- VW PASSAT B5 2005-2014 (A23)"},"content":{"rendered":"<p>3C1955601&#8221;CAM -S\u0130LECEK -MEKAN\u0130ZMASI- VW PASSAT B5 2005-2014 (A23)<\/p>\n","protected":false},"excerpt":{"rendered":"<p>3C1955601&#8221;CAM -S\u0130LECEK -MEKAN\u0130ZMASI- VW PASSAT B5 2005-2014 (A23)<\/p>\n","protected":false},"featured_media":2309,"comment_status":"open","ping_status":"closed","template":"","meta":{"_joinchat":[]},"product_cat":[15],"product_tag":[1928,1927],"class_list":{"0":"post-2308","1":"product","2":"type-product","3":"status-publish","4":"has-post-thumbnail","6":"product_cat-volkswagen","7":"product_tag-3c1955601","8":"product_tag-3c1955601cam-silecek-mekanizmasi-vw-passat-b5-2005-2014-a23","10":"first","11":"instock","12":"sale","13":"shipping-taxable","14":"purchasable","15":"product-type-simple"},"_links":{"self":[{"href":"https:\/\/dogan-otomotiv.com\/index.php\/wp-json\/wp\/v2\/product\/2308","targetHints":{"allow":["GET"]}}],"collection":[{"href":"https:\/\/dogan-otomotiv.com\/index.php\/wp-json\/wp\/v2\/product"}],"about":[{"href":"https:\/\/dogan-otomotiv.com\/index.php\/wp-json\/wp\/v2\/types\/product"}],"replies":[{"embeddable":true,"href":"https:\/\/dogan-otomotiv.com\/index.php\/wp-json\/wp\/v2\/comments?post=2308"}],"wp:featuredmedia":[{"embeddable":true,"href":"https:\/\/dogan-otomotiv.com\/index.php\/wp-json\/wp\/v2\/media\/2309"}],"wp:attachment":[{"href":"https:\/\/dogan-otomotiv.com\/index.php\/wp-json\/wp\/v2\/media?parent=2308"}],"wp:term":[{"taxonomy":"product_cat","embeddable":true,"href":"https:\/\/dogan-otomotiv.com\/index.php\/wp-json\/wp\/v2\/product_cat?post=2308"},{"taxonomy":"product_tag","embeddable":true,"href":"https:\/\/dogan-otomotiv.com\/index.php\/wp-json\/wp\/v2\/product_tag?post=2308"}],"curies":[{"name":"wp","href":"https:\/\/api.w.org\/{rel}","templated":true}]}}