{"id":2252,"date":"2020-04-28T13:20:26","date_gmt":"2020-04-28T13:20:26","guid":{"rendered":"https:\/\/dogan-otomotiv.com\/?post_type=product&#038;p=2252"},"modified":"2024-12-16T08:06:55","modified_gmt":"2024-12-16T08:06:55","slug":"1u4959801a-cam-motoru-sol-on-skoda-octavia-1999-2001-orj-yeni","status":"publish","type":"product","link":"https:\/\/dogan-otomotiv.com\/index.php\/urun\/1u4959801a-cam-motoru-sol-on-skoda-octavia-1999-2001-orj-yeni\/","title":{"rendered":"1U4959801A CAM MOTORU SOL \u00d6N SKODA OCTAVIA 1999-2008 ORJ YEN\u0130"},"content":{"rendered":"<p>DO\u011eAN OTOMOT\u0130V YEDEK PAR\u00c7A<br \/>\nLTD \u015eT\u0130 \u0130VED\u0130K ORGAN\u0130ZE SAN 1471 SOKAK 91-A OST\u0130M ANKARA<br \/>\nSEM\u0130H SAVA\u015e\u00c7I (312) 395 20 95<br \/>\n0533 322 16 09<br \/>\nMUSTAFA SAVA\u015e\u00c7I<br \/>\n0 (312) 395 20 95<br \/>\nIBAN NO: TR 54 0011 1000 0000 0098 3516 19<br \/>\nF\u0130NANSBANK ENPARA<br \/>\n\u015eUBE KODU: 03663<br \/>\nHESAP NO: 98351619<br \/>\nPaket i\u00e7eri\u011fi: 1 Adet<br \/>\nSATI\u015e F\u0130YATI KDV DAH\u0130L pe\u015fin fiyat\u0131d\u0131r<br \/>\nSAAT 18:00 KADAR VER\u0130LEN \u015e\u0130PAR\u0130\u015e AYNI G\u00dcN KARGO \u0130LE G\u00d6NDER\u0130M\u0130 YAPILIR.<br \/>\nKARGO \u0130ADES\u0130 DURUMUNDA .<br \/>\nKARGO \u00dcCRET\u0130 M\u00dc\u015eTER\u0130YE A\u0130TT\u0130R. AYRICA KARGODA KIRILAN PAR\u00c7ALARDAN SORUMLU DEY\u0130L\u0130Z<\/p>\n<p>27\/11\/2014 tarih ve 29188 say\u0131l\u0131 resmi gazetede yay\u0131mlanan mesafeli sat\u0131\u015flar y\u00f6netmeli\u011finin 15. maddesinde cayma hakk\u0131n\u0131n istisnalar\u0131 belirtilmi\u015ftir. \u0130lgili maddenin a bendinde &#8220;fiyat\u0131 finansal piyasalardaki dalgalanmalara ba\u011fl\u0131 olarak de\u011fi\u015fen ve sat\u0131c\u0131 veya sa\u011flay\u0131c\u0131n\u0131n kontrol\u00fcnde olmayan mal veya hizmetlere ili\u015fkin s\u00f6zle\u015fmeler&#8221; cayma hakk\u0131ndan istisna edilmi\u015ftir. \u00dcr\u00fcnlerimiz ithal \u00fcr\u00fcnler olup fiyatlar\u0131 g\u00fcnl\u00fck usd kurlar\u0131 kullan\u0131larak tl kar\u015f\u0131l\u0131\u011f\u0131na \u00e7evrilmesiyle hesaplanmaktad\u0131r. Fiyatlar kurdaki de\u011fi\u015fmeler ba\u011fl\u0131 olarak g\u00fcnl\u00fck olarak de\u011fi\u015fmektedir. Bu nedenle y\u00f6netmeli\u011fin 15. Md\/a bendi gere\u011fi cayma hakk\u0131ndan m\u00fcstesnad\u0131r. M\u00fc\u015fterilerimiz sipari\u015f \u00f6ncesinde bu konu hakk\u0131nda \u00f6n bilgilendirme yap\u0131ld\u0131\u011f\u0131n\u0131 kabul eder.<\/p>\n","protected":false},"excerpt":{"rendered":"<p>1U4959801A CAM MOTORU SOL \u00d6N SKODA OCTAVIA 1999-2008 ORJ YEN\u0130<\/p>\n<p>SKODA Octavia I Hatchback (1U2) (Yap\u0131m Y\u0131l\u0131 09.1996 &#8211; 12.2010, 60 &#8211; 180 PS, Dizel, Benzinli)<br \/>\n1.4, Yap\u0131m Y\u0131l\u0131 04.1999 &#8211; 03.2001, 1397 ccm, 60 PS<br \/>\n1.4 16V, Yap\u0131m Y\u0131l\u0131 09.2000 &#8211; 12.2010, 1390 ccm, 75 PS<br \/>\n1.6, Yap\u0131m Y\u0131l\u0131 09.1996 &#8211; 09.2004, 1598 ccm, 75 PS<br \/>\n1.6, Yap\u0131m Y\u0131l\u0131 02.1997 &#8211; 12.2007, 1595 ccm, 101 PS<br \/>\n1.6, Yap\u0131m Y\u0131l\u0131 11.2000 &#8211; 12.2010, 1595 ccm, 102 PS<br \/>\n1.8, Yap\u0131m Y\u0131l\u0131 09.1996 &#8211; 07.2000, 1781 ccm, 125 PS<br \/>\n1,8 T, Yap\u0131m Y\u0131l\u0131 08.1997 &#8211; 12.2010, 1781 ccm, 150 PS<br \/>\n1.8 T 4&#215;4, Yap\u0131m Y\u0131l\u0131 05.2001 &#8211; 05.2006, 1781 ccm, 150 PS<br \/>\n1.9 SDI, Yap\u0131m Y\u0131l\u0131 06.1997 &#8211; 12.2003, 1896 ccm, 68 PS<br \/>\n1.9 TDI, Yap\u0131m Y\u0131l\u0131 09.1996 &#8211; 03.2010, 1896 ccm, 90 PS<br \/>\n1.9 TDI, Yap\u0131m Y\u0131l\u0131 10.2005 &#8211; 12.2010, 1896 ccm, 100 PS<br \/>\n1.9 TDI, Yap\u0131m Y\u0131l\u0131 08.1997 &#8211; 01.2006, 1896 ccm, 110 PS<br \/>\n1.9 TDI, Yap\u0131m Y\u0131l\u0131 09.2002 &#8211; 09.2004, 1896 ccm, 130 PS<br \/>\n2.0, Yap\u0131m Y\u0131l\u0131 04.1999 &#8211; 05.2007, 1984 ccm, 116 PS<br \/>\nRS 1.8 T, Yap\u0131m Y\u0131l\u0131 05.2001 &#8211; 01.2006, 1781 ccm, 180 PS<br \/>\nSKODA Octavia I Kombi (1U5) (Yap\u0131m Y\u0131l\u0131 07.1998 &#8211; 12.2010, 68 &#8211; 180 PS, Dizel, Benzinli)<\/p>\n","protected":false},"featured_media":16023,"comment_status":"open","ping_status":"closed","template":"","meta":{"_joinchat":[]},"product_cat":[20],"product_tag":[1868,8211],"class_list":{"0":"post-2252","1":"product","2":"type-product","3":"status-publish","4":"has-post-thumbnail","6":"product_cat-skoda","7":"product_tag-1u4959801a","8":"product_tag-1u4959801a-cam-motoru-sol-on-skoda-octavia-1999-2001-orj-yeni","10":"first","11":"instock","12":"sale","13":"shipping-taxable","14":"purchasable","15":"product-type-simple"},"_links":{"self":[{"href":"https:\/\/dogan-otomotiv.com\/index.php\/wp-json\/wp\/v2\/product\/2252","targetHints":{"allow":["GET"]}}],"collection":[{"href":"https:\/\/dogan-otomotiv.com\/index.php\/wp-json\/wp\/v2\/product"}],"about":[{"href":"https:\/\/dogan-otomotiv.com\/index.php\/wp-json\/wp\/v2\/types\/product"}],"replies":[{"embeddable":true,"href":"https:\/\/dogan-otomotiv.com\/index.php\/wp-json\/wp\/v2\/comments?post=2252"}],"wp:featuredmedia":[{"embeddable":true,"href":"https:\/\/dogan-otomotiv.com\/index.php\/wp-json\/wp\/v2\/media\/16023"}],"wp:attachment":[{"href":"https:\/\/dogan-otomotiv.com\/index.php\/wp-json\/wp\/v2\/media?parent=2252"}],"wp:term":[{"taxonomy":"product_cat","embeddable":true,"href":"https:\/\/dogan-otomotiv.com\/index.php\/wp-json\/wp\/v2\/product_cat?post=2252"},{"taxonomy":"product_tag","embeddable":true,"href":"https:\/\/dogan-otomotiv.com\/index.php\/wp-json\/wp\/v2\/product_tag?post=2252"}],"curies":[{"name":"wp","href":"https:\/\/api.w.org\/{rel}","templated":true}]}}