{"id":2142,"date":"2020-04-27T14:46:13","date_gmt":"2020-04-27T14:46:13","guid":{"rendered":"https:\/\/dogan-otomotiv.com\/?post_type=product&#038;p=2142"},"modified":"2020-04-27T14:46:14","modified_gmt":"2020-04-27T14:46:14","slug":"048129717aconta-emme-manifolduaudi-vw-seat-808989q-8a-b36a-coupe-ajusa-13050200","status":"publish","type":"product","link":"https:\/\/dogan-otomotiv.com\/index.php\/urun\/048129717aconta-emme-manifolduaudi-vw-seat-808989q-8a-b36a-coupe-ajusa-13050200\/","title":{"rendered":"048129717A;,conta, emme manifoldu,AUDI, VW, SEAT 80,89,89Q, 8A, B3,6A, COUPE AJUSA 13050200,"},"content":{"rendered":"<p>048129717A,conta, emme manifoldu,AUDI, VW, SEAT 80,89,89Q, 8A, B3,6A, COUPE AJUSA 13050200,<\/p>\n","protected":false},"excerpt":{"rendered":"<p>DO\u011eAN OTOMOT\u0130V YEDEK PAR\u00c7A<\/p>\n<p>SEM\u0130H SAVA\u015e\u00c7I<\/p>\n<p>0 (312) 395 20 95<\/p>\n<p>IBAN NO: TR56 0011 1000 0000 0088 9009 70  <\/p>\n<p>F\u0130NANSBANK ENPARA<\/p>\n<p>\u015eUBE KODU: 03663<\/p>\n<p>HESAP NO: 88900970<\/p>\n<p>KARGO \u0130ADES\u0130 DURUMUNDA<\/p>\n<p>KARGO \u00dcCRET\u0130 M\u00dc\u015eTER\u0130YE A\u0130TT\u0130R.<\/p>\n<p>TOPLU S\u0130PAR\u0130\u015eLER\u0130N\u0130Z \u0130\u00c7\u0130N: doganotoyedekparcavw@gmail.com<\/p>\n","protected":false},"featured_media":2145,"comment_status":"open","ping_status":"closed","template":"","meta":{"_joinchat":[]},"product_cat":[15,24],"product_tag":[1763,1770,1766,1767,1768,143,1769,1764,1771,351,1765,140],"class_list":{"0":"post-2142","1":"product","2":"type-product","3":"status-publish","4":"has-post-thumbnail","6":"product_cat-volkswagen","7":"product_cat-audi","8":"product_tag-048129717a","9":"product_tag-6a","10":"product_tag-1766","11":"product_tag-89q","12":"product_tag-8a","13":"product_tag-audi","14":"product_tag-b3","15":"product_tag-conta","16":"product_tag-coupe-ajusa-13050200","17":"product_tag-emme-manifoldu","18":"product_tag-seat-80","19":"product_tag-vw","21":"first","22":"instock","23":"sale","24":"shipping-taxable","25":"purchasable","26":"product-type-simple"},"_links":{"self":[{"href":"https:\/\/dogan-otomotiv.com\/index.php\/wp-json\/wp\/v2\/product\/2142","targetHints":{"allow":["GET"]}}],"collection":[{"href":"https:\/\/dogan-otomotiv.com\/index.php\/wp-json\/wp\/v2\/product"}],"about":[{"href":"https:\/\/dogan-otomotiv.com\/index.php\/wp-json\/wp\/v2\/types\/product"}],"replies":[{"embeddable":true,"href":"https:\/\/dogan-otomotiv.com\/index.php\/wp-json\/wp\/v2\/comments?post=2142"}],"wp:featuredmedia":[{"embeddable":true,"href":"https:\/\/dogan-otomotiv.com\/index.php\/wp-json\/wp\/v2\/media\/2145"}],"wp:attachment":[{"href":"https:\/\/dogan-otomotiv.com\/index.php\/wp-json\/wp\/v2\/media?parent=2142"}],"wp:term":[{"taxonomy":"product_cat","embeddable":true,"href":"https:\/\/dogan-otomotiv.com\/index.php\/wp-json\/wp\/v2\/product_cat?post=2142"},{"taxonomy":"product_tag","embeddable":true,"href":"https:\/\/dogan-otomotiv.com\/index.php\/wp-json\/wp\/v2\/product_tag?post=2142"}],"curies":[{"name":"wp","href":"https:\/\/api.w.org\/{rel}","templated":true}]}}