{"id":2140,"date":"2020-04-27T14:35:52","date_gmt":"2020-04-27T14:35:52","guid":{"rendered":"https:\/\/dogan-otomotiv.com\/?post_type=product&#038;p=2140"},"modified":"2020-04-27T14:35:53","modified_gmt":"2020-04-27T14:35:53","slug":"074115189ayag-pompasi-contasi-contasi-vw-audi-transporter-iv-t4-lt-28-35-ii-2-crafter-30-50-a6","status":"publish","type":"product","link":"https:\/\/dogan-otomotiv.com\/index.php\/urun\/074115189ayag-pompasi-contasi-contasi-vw-audi-transporter-iv-t4-lt-28-35-ii-2-crafter-30-50-a6\/","title":{"rendered":"074115189A,Ya\u011f Pompas\u0131 Contas\u0131 Contas\u0131 VW Audi: TRANSPORTER IV T4, LT 28-35 II 2, CRAFTER 30-50, A6"},"content":{"rendered":"<p>074115189A,Ya\u011f Pompas\u0131 Contas\u0131 Contas\u0131 VW Audi: TRANSPORTER IV T4, LT 28-35 II 2, CRAFTER 30-50, A6<\/p>\n","protected":false},"excerpt":{"rendered":"<p>DO\u011eAN OTOMOT\u0130V YEDEK PAR\u00c7A<\/p>\n<p>SEM\u0130H SAVA\u015e\u00c7I<\/p>\n<p>0 (312) 395 20 95<\/p>\n<p>IBAN NO: TR56 0011 1000 0000 0088 9009 70  <\/p>\n<p>F\u0130NANSBANK ENPARA<\/p>\n<p>\u015eUBE KODU: 03663<\/p>\n<p>HESAP NO: 88900970<\/p>\n<p>KARGO \u0130ADES\u0130 DURUMUNDA<\/p>\n<p>KARGO \u00dcCRET\u0130 M\u00dc\u015eTER\u0130YE A\u0130TT\u0130R.<\/p>\n<p>TOPLU S\u0130PAR\u0130\u015eLER\u0130N\u0130Z \u0130\u00c7\u0130N: doganotoyedekparcavw@gmail.com<\/p>\n","protected":false},"featured_media":2141,"comment_status":"open","ping_status":"closed","template":"","meta":{"_joinchat":[]},"product_cat":[15,24],"product_tag":[1758,1762,1761,1760,1759],"class_list":{"0":"post-2140","1":"product","2":"type-product","3":"status-publish","4":"has-post-thumbnail","6":"product_cat-volkswagen","7":"product_cat-audi","8":"product_tag-074115189a","9":"product_tag-a6","10":"product_tag-crafter-30-50","11":"product_tag-lt-28-35-ii-2","12":"product_tag-yag-pompasi-contasi-contasi-vw-audi-transporter-iv-t4","14":"first","15":"instock","16":"sale","17":"shipping-taxable","18":"purchasable","19":"product-type-simple"},"_links":{"self":[{"href":"https:\/\/dogan-otomotiv.com\/index.php\/wp-json\/wp\/v2\/product\/2140","targetHints":{"allow":["GET"]}}],"collection":[{"href":"https:\/\/dogan-otomotiv.com\/index.php\/wp-json\/wp\/v2\/product"}],"about":[{"href":"https:\/\/dogan-otomotiv.com\/index.php\/wp-json\/wp\/v2\/types\/product"}],"replies":[{"embeddable":true,"href":"https:\/\/dogan-otomotiv.com\/index.php\/wp-json\/wp\/v2\/comments?post=2140"}],"wp:featuredmedia":[{"embeddable":true,"href":"https:\/\/dogan-otomotiv.com\/index.php\/wp-json\/wp\/v2\/media\/2141"}],"wp:attachment":[{"href":"https:\/\/dogan-otomotiv.com\/index.php\/wp-json\/wp\/v2\/media?parent=2140"}],"wp:term":[{"taxonomy":"product_cat","embeddable":true,"href":"https:\/\/dogan-otomotiv.com\/index.php\/wp-json\/wp\/v2\/product_cat?post=2140"},{"taxonomy":"product_tag","embeddable":true,"href":"https:\/\/dogan-otomotiv.com\/index.php\/wp-json\/wp\/v2\/product_tag?post=2140"}],"curies":[{"name":"wp","href":"https:\/\/api.w.org\/{rel}","templated":true}]}}