{"id":2038,"date":"2020-04-24T15:13:57","date_gmt":"2020-04-24T15:13:57","guid":{"rendered":"https:\/\/dogan-otomotiv.com\/?post_type=product&#038;p=2038"},"modified":"2025-07-23T06:34:31","modified_gmt":"2025-07-23T06:34:31","slug":"5q0919294l-park-sensor-beyni-vw-passat-orj-yeni","status":"publish","type":"product","link":"https:\/\/dogan-otomotiv.com\/index.php\/urun\/5q0919294l-park-sensor-beyni-vw-passat-orj-yeni\/","title":{"rendered":"5Q0919294L-PARK SENS\u00d6R BEYN\u0130 VW PASSAT ORJ YEN\u0130"},"content":{"rendered":"<p>DO\u011eAN OTOMOT\u0130V YEDEK PAR\u00c7A<\/p>\n<p>SEM\u0130H SAVA\u015e\u00c7I<\/p>\n<p>0 (312) 395 20 95<\/p>\n<p>IBAN NO: TR56 0011 1000 0000 0088 9009 70  <\/p>\n<p>F\u0130NANSBANK ENPARA<\/p>\n<p>\u015eUBE KODU: 03663<\/p>\n<p>HESAP NO: 88900970<\/p>\n<p>KARGO \u0130ADES\u0130 DURUMUNDA<\/p>\n<p>KARGO \u00dcCRET\u0130 M\u00dc\u015eTER\u0130YE A\u0130TT\u0130R.<\/p>\n<p>TOPLU S\u0130PAR\u0130\u015eLER\u0130N\u0130Z \u0130\u00c7\u0130N: doganotoyedekparcavw@gmail.com<\/p>\n","protected":false},"excerpt":{"rendered":"<p>5Q0919294L-PARK SENS\u00d6R BEYN\u0130 VW PASSAT (D03)<br \/>\n5Q0919294M \/ 5Q0 919 294 M \/ 5Q0919294 M, 5Q0919294K \/ 5Q0 919 294 K \/ 5Q0919294 K, 5Q0919294J \/ 5Q0 919 294 J \/ 5Q0919294 J, 5Q0919294C \/ 5Q0 919 294 C \/ 5Q0919294 C, 5Q0919294B \/ 5Q0 919 294 B \/ 5Q0919294 B, 5Q0919294E \/ 5Q0 919 294 E \/ 5Q0919294 E, 5Q0919294F \/ 5Q0 919 294 F \/ 5Q0919294 F, 5Q0919294L \/ 5Q0 919 294 L \/ 5Q0919294 L, 5Q0919294A \/ 5Q0 919 294 A \/ 5Q0919294 A<\/p>\n","protected":false},"featured_media":2039,"comment_status":"open","ping_status":"closed","template":"","meta":{"_joinchat":[]},"product_cat":[15,24,19,20],"product_tag":[7785],"class_list":{"0":"post-2038","1":"product","2":"type-product","3":"status-publish","4":"has-post-thumbnail","6":"product_cat-volkswagen","7":"product_cat-audi","8":"product_cat-seat","9":"product_cat-skoda","10":"product_tag-5q0919294l-park-sensor-beyni-vw-passat-orj-yeni","12":"first","13":"instock","14":"sale","15":"shipping-taxable","16":"purchasable","17":"product-type-simple"},"_links":{"self":[{"href":"https:\/\/dogan-otomotiv.com\/index.php\/wp-json\/wp\/v2\/product\/2038","targetHints":{"allow":["GET"]}}],"collection":[{"href":"https:\/\/dogan-otomotiv.com\/index.php\/wp-json\/wp\/v2\/product"}],"about":[{"href":"https:\/\/dogan-otomotiv.com\/index.php\/wp-json\/wp\/v2\/types\/product"}],"replies":[{"embeddable":true,"href":"https:\/\/dogan-otomotiv.com\/index.php\/wp-json\/wp\/v2\/comments?post=2038"}],"wp:featuredmedia":[{"embeddable":true,"href":"https:\/\/dogan-otomotiv.com\/index.php\/wp-json\/wp\/v2\/media\/2039"}],"wp:attachment":[{"href":"https:\/\/dogan-otomotiv.com\/index.php\/wp-json\/wp\/v2\/media?parent=2038"}],"wp:term":[{"taxonomy":"product_cat","embeddable":true,"href":"https:\/\/dogan-otomotiv.com\/index.php\/wp-json\/wp\/v2\/product_cat?post=2038"},{"taxonomy":"product_tag","embeddable":true,"href":"https:\/\/dogan-otomotiv.com\/index.php\/wp-json\/wp\/v2\/product_tag?post=2038"}],"curies":[{"name":"wp","href":"https:\/\/api.w.org\/{rel}","templated":true}]}}