{"id":2034,"date":"2020-04-24T15:08:14","date_gmt":"2020-04-24T15:08:14","guid":{"rendered":"https:\/\/dogan-otomotiv.com\/?post_type=product&#038;p=2034"},"modified":"2025-07-05T13:44:56","modified_gmt":"2025-07-05T13:44:56","slug":"01n927733e-an-otomatik-sanziman-beyni-1-9-tdi-vw-audi-a4-1z-ahu","status":"publish","type":"product","link":"https:\/\/dogan-otomotiv.com\/index.php\/urun\/01n927733e-an-otomatik-sanziman-beyni-1-9-tdi-vw-audi-a4-1z-ahu\/","title":{"rendered":"001N927733E-AN Otomatik \u015eanz\u0131man Beyni 1, 9, TD\u0130 VW Audi A4 1Z-AHU"},"content":{"rendered":"<p>DO\u011eAN OTOMOT\u0130V YEDEK PAR\u00c7A<\/p>\n<p>SEM\u0130H SAVA\u015e\u00c7I<\/p>\n<p>0 (312) 395 20 95<\/p>\n<p>IBAN NO: TR56 0011 1000 0000 0088 9009 70<\/p>\n<p>F\u0130NANSBANK ENPARA<\/p>\n<p>\u015eUBE KODU: 03663<\/p>\n<p>HESAP NO: 88900970<\/p>\n<p>KARGO \u0130ADES\u0130 DURUMUNDA<\/p>\n<p>KARGO \u00dcCRET\u0130 M\u00dc\u015eTER\u0130YE A\u0130TT\u0130R.<\/p>\n<p>TOPLU S\u0130PAR\u0130\u015eLER\u0130N\u0130Z \u0130\u00c7\u0130N: doganotoyedekparcavw@gmail.com<\/p>\n","protected":false},"excerpt":{"rendered":"<p>01N927733E-Otomatik \u015eanz\u0131man Beyni AUDI 80 (C03)<\/p>\n","protected":false},"featured_media":2035,"comment_status":"open","ping_status":"closed","template":"","meta":{"_joinchat":[]},"product_cat":[15,24,19,20],"product_tag":[11630,3559,11631],"class_list":{"0":"post-2034","1":"product","2":"type-product","3":"status-publish","4":"has-post-thumbnail","6":"product_cat-volkswagen","7":"product_cat-audi","8":"product_cat-seat","9":"product_cat-skoda","10":"product_tag-01n927733e-an-otomatik-sanziman-beyni-1","11":"product_tag-3559","12":"product_tag-tdi-vw-audi-a4-1z-ahu","14":"first","15":"instock","16":"sale","17":"shipping-taxable","18":"purchasable","19":"product-type-simple"},"_links":{"self":[{"href":"https:\/\/dogan-otomotiv.com\/index.php\/wp-json\/wp\/v2\/product\/2034","targetHints":{"allow":["GET"]}}],"collection":[{"href":"https:\/\/dogan-otomotiv.com\/index.php\/wp-json\/wp\/v2\/product"}],"about":[{"href":"https:\/\/dogan-otomotiv.com\/index.php\/wp-json\/wp\/v2\/types\/product"}],"replies":[{"embeddable":true,"href":"https:\/\/dogan-otomotiv.com\/index.php\/wp-json\/wp\/v2\/comments?post=2034"}],"wp:featuredmedia":[{"embeddable":true,"href":"https:\/\/dogan-otomotiv.com\/index.php\/wp-json\/wp\/v2\/media\/2035"}],"wp:attachment":[{"href":"https:\/\/dogan-otomotiv.com\/index.php\/wp-json\/wp\/v2\/media?parent=2034"}],"wp:term":[{"taxonomy":"product_cat","embeddable":true,"href":"https:\/\/dogan-otomotiv.com\/index.php\/wp-json\/wp\/v2\/product_cat?post=2034"},{"taxonomy":"product_tag","embeddable":true,"href":"https:\/\/dogan-otomotiv.com\/index.php\/wp-json\/wp\/v2\/product_tag?post=2034"}],"curies":[{"name":"wp","href":"https:\/\/api.w.org\/{rel}","templated":true}]}}