{"id":2002,"date":"2020-04-24T12:19:16","date_gmt":"2020-04-24T12:19:16","guid":{"rendered":"https:\/\/dogan-otomotiv.com\/?post_type=product&#038;p=2002"},"modified":"2025-08-04T08:59:34","modified_gmt":"2025-08-04T08:59:34","slug":"3b0919506-fan-kontrol-modulu-caravelle-t5-2011-orj-cikma","status":"publish","type":"product","link":"https:\/\/dogan-otomotiv.com\/index.php\/urun\/3b0919506-fan-kontrol-modulu-caravelle-t5-2011-orj-cikma\/","title":{"rendered":"3B0919506 Fan kontrol mod\u00fcl\u00fc Caravelle Klimas\u0131 B5 PASSAT T5 2011 ORJ \u00c7IKMA"},"content":{"rendered":"<p>DO\u011eAN OTOMOT\u0130V YEDEK PAR\u00c7A<br \/>\nLTD \u015eT\u0130 \u0130VED\u0130K ORGAN\u0130ZE SAN 1471 SOL 91-A OST\u0130M ANKARA<br \/>\nSEM\u0130H SAVA\u015e\u00c7I<br \/>\n0 (312) 395 20 95<br \/>\n0533 322 16 09<\/p>\n<p>SEM\u0130H SAVA\u015eCI<br \/>\nIBAN NO: TR56 0011 1000 0000 0088 9009 70<br \/>\nF\u0130NANSBANK ENPARA<br \/>\n\u015eUBE KODU: 03663<br \/>\nHESAP NO: 88900970<\/p>\n<p>KARGO \u0130ADES\u0130 DURUMUNDA<br \/>\nKARGO \u00dcCRET\u0130 M\u00dc\u015eTER\u0130YE A\u0130TT\u0130R.<\/p>\n<p>\u015e\u0130PAR\u0130\u015eLER HAKKINDA<br \/>\nL\u00dcTFEN \u015e\u0130PAR\u0130\u015e VERMEK \u0130STED\u0130\u011e\u0130N\u0130Z \u00dcR\u00dcN\u00dcN STOK DURUMUNU SORUNUZ.<br \/>\nT\u00dcRK\u0130YEN\u0130N T\u00dcM \u015eEH\u0130RLER\u0130NE ANLA\u015eMALI KARGOLARIMIZ \u0130LE G\u00d6NDER\u0130M YAPILIR.<br \/>\nSAAT 17:00 KADAR VER\u0130LEN \u015e\u0130PAR\u0130\u015eLER AYNI G\u00dcN KARGO \u0130LE G\u00d6NDER\u0130M\u0130 YAPILIR.<br \/>\n\u00c7IKMA PAR\u00c7A F\u0130YATLARI PAR\u00c7ANIN TEM\u0130ZL\u0130\u011e\u0130NE VE TAM\u0130RS\u0130ZL\u0130\u011e\u0130NE G\u00d6RE DE\u011e\u0130\u015eKENL\u0130K G\u00d6STER\u0130R.<br \/>\nD\u0130\u011eER PAR\u00c7ALAR VE F\u0130YAT B\u0130LG\u0130S\u0130 \u0130\u00c7\u0130N \u0130LET\u0130\u015eME GE\u00c7EB\u0130L\u0130RS\u0130N\u0130Z<\/p>\n<p>TOPLU S\u0130PAR\u0130\u015eLER\u0130N\u0130Z \u0130\u00c7\u0130N: doganotoyedekparcavw@gmail.com<\/p>\n<p>https:\/\/doganotomotivyedekparca.sahibinden.com\/<\/p>\n<p>https:\/\/dogan-otomotiv.com\/index.php\/magaza\/<\/p>\n","protected":false},"excerpt":{"rendered":"<p>3B0919506-VW Passat Transport Fan Kontrol Beyni<\/p>\n<p>Fan Kontrol T5 2.5TD\u0130 Beyni 3B0919506 VW Passat<\/p>\n<p>01,-2005 PASSAT B5<\/p>\n<p>T5 2003,2006<br \/>\n3B0919506 Fan kontrol mod\u00fcl\u00fc Caravelle T5 2011 ORJ \u00c7IKMA<\/p>\n<p>\u00dcretici firma<br \/>\nVolkswagen<br \/>\nDiziler<br \/>\nUla\u015f\u0131m\/Karavel<br \/>\nmodeli<br \/>\nTa\u015f\u0131y\u0131c\u0131 &#8211; Caravelle T5<br \/>\nY\u0131l<br \/>\n2003-2015<br \/>\nmodel y\u0131l\u0131<br \/>\n2009<br \/>\nv\u00fccut tipi<br \/>\nBa\u015fka<br \/>\nDireksiyon simidi konumu<br \/>\nAyr\u0131ld\u0131<br \/>\nS\u00fcr\u00fc\u015f tekerlekleri<br \/>\n\u00d6n<br \/>\nYak\u0131t tipi<br \/>\nDizel<br \/>\nMotor kapasitesi, cm3<br \/>\n2500<br \/>\nMotor g\u00fcc\u00fc, kW<br \/>\n96<br \/>\nmotor kodu<br \/>\nBNZ<br \/>\n\u015fanz\u0131man tipi<br \/>\nOtomatik<br \/>\n\u015fanz\u0131man kodu<br \/>\nKFF<br \/>\nRenk<br \/>\nSar\u0131<\/p>\n","protected":false},"featured_media":2004,"comment_status":"open","ping_status":"closed","template":"","meta":{"_joinchat":[]},"product_cat":[15,24],"product_tag":[10977],"class_list":{"0":"post-2002","1":"product","2":"type-product","3":"status-publish","4":"has-post-thumbnail","6":"product_cat-volkswagen","7":"product_cat-audi","8":"product_tag-3b0919506-fan-kontrol-modulu-caravelle-klimasi-b5-passat-t5-2011-orj-cikma","10":"first","11":"instock","12":"sale","13":"shipping-taxable","14":"purchasable","15":"product-type-simple"},"_links":{"self":[{"href":"https:\/\/dogan-otomotiv.com\/index.php\/wp-json\/wp\/v2\/product\/2002","targetHints":{"allow":["GET"]}}],"collection":[{"href":"https:\/\/dogan-otomotiv.com\/index.php\/wp-json\/wp\/v2\/product"}],"about":[{"href":"https:\/\/dogan-otomotiv.com\/index.php\/wp-json\/wp\/v2\/types\/product"}],"replies":[{"embeddable":true,"href":"https:\/\/dogan-otomotiv.com\/index.php\/wp-json\/wp\/v2\/comments?post=2002"}],"wp:featuredmedia":[{"embeddable":true,"href":"https:\/\/dogan-otomotiv.com\/index.php\/wp-json\/wp\/v2\/media\/2004"}],"wp:attachment":[{"href":"https:\/\/dogan-otomotiv.com\/index.php\/wp-json\/wp\/v2\/media?parent=2002"}],"wp:term":[{"taxonomy":"product_cat","embeddable":true,"href":"https:\/\/dogan-otomotiv.com\/index.php\/wp-json\/wp\/v2\/product_cat?post=2002"},{"taxonomy":"product_tag","embeddable":true,"href":"https:\/\/dogan-otomotiv.com\/index.php\/wp-json\/wp\/v2\/product_tag?post=2002"}],"curies":[{"name":"wp","href":"https:\/\/api.w.org\/{rel}","templated":true}]}}