{"id":1972,"date":"2020-04-23T17:00:00","date_gmt":"2020-04-23T17:00:00","guid":{"rendered":"https:\/\/dogan-otomotiv.com\/?post_type=product&#038;p=1972"},"modified":"2024-02-19T13:11:02","modified_gmt":"2024-02-19T13:11:02","slug":"1c0955119-silecek-motor-on-golf-jetta-passat-golf-4","status":"publish","type":"product","link":"https:\/\/dogan-otomotiv.com\/index.php\/urun\/1c0955119-silecek-motor-on-golf-jetta-passat-golf-4\/","title":{"rendered":"1C0955119 Silecek Motor VW Golf Jetta Passat B5 BEETLE B10"},"content":{"rendered":"<p>OEN 1C0955119 \u2014 AUDI<br \/>\nOEN 1H0955119 \u2014 AUDI<br \/>\nOEN 1H1955119 \u2014 AUDI<br \/>\nOEN 1J0955119 \u2014 AUDI<br \/>\nOEN 6X0955119 \u2014 AUDI<br \/>\nOEN 1C0955119 \u2014 SEAT<br \/>\nOEN 1H0955119 \u2014 SEAT<br \/>\nOEN 1H1955119 \u2014 SEAT<br \/>\nOEN 1J0955119 \u2014 SEAT<br \/>\nOEN 6X0955119 \u2014 SEAT<br \/>\nOEN 1C0955119 \u2014 SKODA<br \/>\nOEN 1H0955119 \u2014 SKODA<br \/>\nOEN 1H1955119 \u2014 SKODA<br \/>\nOEN 1J0955119 \u2014 SKODA<br \/>\nOEN 6X0955119 \u2014 SKODA<br \/>\nOEN 1C0955119 \u2014 VAG<\/p>\n<p>VW Caddy II Estate (9K9B) (Yap\u0131m Y\u0131l\u0131 11.1995 &#8211; 01.2004, 57 &#8211; 90 PS, Dizel, Benzin)<br \/>\nVW Caddy II Van (9K9A) (Yap\u0131m Y\u0131l\u0131 11.1995 &#8211; 01.2004, 57 &#8211; 90 PS, Dizel, Benzin)<br \/>\nVW Lupo \/ Lupo 3L (6X1, 6E1) (Yap\u0131m Y\u0131l\u0131 09.1998 &#8211; 07.2005, 50 &#8211; 125 PS, Dizel, Benzin)<br \/>\nVW Polo III Hatchback (6N2) (Yap\u0131m Y\u0131l\u0131 10.1999 &#8211; 09.2001, 50 &#8211; 125 PS, Dizel, Benzin)<br \/>\nVW Polo III Classic (6V2) (Yap\u0131m Y\u0131l\u0131 11.1995 &#8211; 01.2002, 57 &#8211; 110 PS, Dizel, Benzin)<br \/>\nVW Polo III Hatchback (6N1) (Yap\u0131m Y\u0131l\u0131 10.1994 &#8211; 10.1999, 50 &#8211; 120 PS, Dizel, Benzin)<br \/>\nVW Polo III Varyant (6V5) (Yap\u0131m Y\u0131l\u0131 05.1997 &#8211; 09.2001, 54 &#8211; 110 PS, Dizel, Benzin)<\/p>\n<p>SEAT Arosa (6H) (Yap\u0131m Y\u0131l\u0131 05.1997 &#8211; 06.2004, 50 &#8211; 100 PS, Dizel, Benzin)<br \/>\nSEAT C\u00f3rdoba I Sedan (6K1, 6K2) (Yap\u0131m Y\u0131l\u0131 02.1993 &#8211; 10.2002, 50 &#8211; 156 PS, Dizel, Benzin)<br \/>\nSEAT C\u00f3rdoba I Vario (6K5) (Yap\u0131m Y\u0131l\u0131 08.1996 &#8211; 12.2002, 60 &#8211; 110 PS, Dizel, Benzin)<br \/>\nSEAT Ibiza II (6K1) (Yap\u0131m Y\u0131l\u0131 03.1993 &#8211; 02.2002, 45 &#8211; 156 PS, Dizel, Benzin)<br \/>\nSEAT Inca (6K9) (Yap\u0131m Y\u0131l\u0131 11.1995 &#8211; 06.2003, 57 &#8211; 75 PS, Dizel, Benzin)<br \/>\nSEAT Toledo I Hatchback (1L) (Yap\u0131m Y\u0131l\u0131 05.1991 &#8211; 03.1999, 64 &#8211; 150 PS, Dizel, Benzin)<br \/>\nSEAT Toledo II Sedan (1M2) (Yap\u0131m Y\u0131l\u0131 10.1998 &#8211; 07.2004, 90 &#8211; 150 PS, Dizel, Benzin)<\/p>\n","protected":false},"excerpt":{"rendered":"<p>DO\u011eAN OTOMOT\u0130V YEDEK PAR\u00c7A<\/p>\n<p>LTD \u015eT\u0130 \u0130VED\u0130K ORGAN\u0130ZE SAN 1471 SOL 91-A OST\u0130M ANKARA<\/p>\n<p>SEM\u0130H SAVA\u015e\u00c7I<br \/>\n0 (312) 395 20 95<br \/>\n0533 322 16 09<\/p>\n<p>SEM\u0130H SAVA\u015eCI<br \/>\nIBAN NO: TR56 0011 1000 0000 0088 9009 70<br \/>\nF\u0130NANSBANK ENPARA<br \/>\n\u015eUBE KODU: 03663<br \/>\nHESAP NO: 88900970<\/p>\n<p>KARGO \u0130ADES\u0130 DURUMUNDA<br \/>\nKARGO \u00dcCRET\u0130 M\u00dc\u015eTER\u0130YE A\u0130TT\u0130R.<\/p>\n<p>\u015e\u0130PAR\u0130\u015eLER HAKKINDA<br \/>\nL\u00dcTFEN \u015e\u0130PAR\u0130\u015e VERMEK \u0130STED\u0130\u011e\u0130N\u0130Z \u00dcR\u00dcN\u00dcN STOK DURUMUNU SORUNUZ.<br \/>\nT\u00dcRK\u0130YEN\u0130N T\u00dcM \u015eEH\u0130RLER\u0130NE ANLA\u015eMALI KARGOLARIMIZ \u0130LE G\u00d6NDER\u0130M YAPILIR.<br \/>\nSAAT 17:00 KADAR VER\u0130LEN \u015e\u0130PAR\u0130\u015eLER AYNI G\u00dcN KARGO \u0130LE G\u00d6NDER\u0130M\u0130 YAPILIR.<br \/>\n\u00c7IKMA PAR\u00c7A F\u0130YATLARI PAR\u00c7ANIN TEM\u0130ZL\u0130\u011e\u0130NE VE TAM\u0130RS\u0130ZL\u0130\u011e\u0130NE G\u00d6RE DE\u011e\u0130\u015eKENL\u0130K G\u00d6STER\u0130R.<br \/>\nD\u0130\u011eER PAR\u00c7ALAR VE F\u0130YAT B\u0130LG\u0130S\u0130 \u0130\u00c7\u0130N \u0130LET\u0130\u015eME GE\u00c7EB\u0130L\u0130RS\u0130N\u0130Z<\/p>\n<p>TOPLU S\u0130PAR\u0130\u015eLER\u0130N\u0130Z \u0130\u00c7\u0130N: doganotoyedekparcavw@gmail.com<\/p>\n<p>https:\/\/doganotomotivyedekparca.sahibinden.com\/<\/p>\n<p>https:\/\/dogan-otomotiv.com\/index.php\/magaza\/<\/p>\n","protected":false},"featured_media":13551,"comment_status":"open","ping_status":"closed","template":"","meta":{"_joinchat":[]},"product_cat":[15,24,19,20],"product_tag":[1590,1589,3971],"class_list":{"0":"post-1972","1":"product","2":"type-product","3":"status-publish","4":"has-post-thumbnail","6":"product_cat-volkswagen","7":"product_cat-audi","8":"product_cat-seat","9":"product_cat-skoda","10":"product_tag-1c0955119","11":"product_tag-1c0955119-silecek-motor-on-golf-jetta-passat-golf-4","12":"product_tag-1c0955119-silecekmotor-on-golf-jetta-passat-golf-4","14":"first","15":"instock","16":"sale","17":"shipping-taxable","18":"purchasable","19":"product-type-simple"},"_links":{"self":[{"href":"https:\/\/dogan-otomotiv.com\/index.php\/wp-json\/wp\/v2\/product\/1972","targetHints":{"allow":["GET"]}}],"collection":[{"href":"https:\/\/dogan-otomotiv.com\/index.php\/wp-json\/wp\/v2\/product"}],"about":[{"href":"https:\/\/dogan-otomotiv.com\/index.php\/wp-json\/wp\/v2\/types\/product"}],"replies":[{"embeddable":true,"href":"https:\/\/dogan-otomotiv.com\/index.php\/wp-json\/wp\/v2\/comments?post=1972"}],"wp:featuredmedia":[{"embeddable":true,"href":"https:\/\/dogan-otomotiv.com\/index.php\/wp-json\/wp\/v2\/media\/13551"}],"wp:attachment":[{"href":"https:\/\/dogan-otomotiv.com\/index.php\/wp-json\/wp\/v2\/media?parent=1972"}],"wp:term":[{"taxonomy":"product_cat","embeddable":true,"href":"https:\/\/dogan-otomotiv.com\/index.php\/wp-json\/wp\/v2\/product_cat?post=1972"},{"taxonomy":"product_tag","embeddable":true,"href":"https:\/\/dogan-otomotiv.com\/index.php\/wp-json\/wp\/v2\/product_tag?post=1972"}],"curies":[{"name":"wp","href":"https:\/\/api.w.org\/{rel}","templated":true}]}}