{"id":16899,"date":"2025-09-11T07:57:30","date_gmt":"2025-09-11T07:57:30","guid":{"rendered":"https:\/\/dogan-otomotiv.com\/?post_type=product&#038;p=16899"},"modified":"2026-05-04T11:54:58","modified_gmt":"2026-05-04T11:54:58","slug":"3b0837439-vw-passat-b5-arka-sol-kapi-ic-siyirici-fitil-orj-yeni","status":"publish","type":"product","link":"https:\/\/dogan-otomotiv.com\/index.php\/urun\/3b0837439-vw-passat-b5-arka-sol-kapi-ic-siyirici-fitil-orj-yeni\/","title":{"rendered":"3B0837439 vw passat b5 arka sol kap\u0131 i\u00e7 s\u0131y\u0131r\u0131c\u0131 fitil orj yeni"},"content":{"rendered":"","protected":false},"excerpt":{"rendered":"[caption id=\"attachment_16900\" align=\"alignnone\" width=\"300\"]<img loading=\"lazy\" decoding=\"async\" src=\"https:\/\/dogan-otomotiv.com\/wp-content\/uploads\/2025\/09\/3B0807134A-300x166.png\" alt=\"\" width=\"300\" height=\"166\" class=\"size-medium wp-image-16900\" srcset=\"https:\/\/dogan-otomotiv.com\/wp-content\/uploads\/2025\/09\/3B0807134A-300x166.png 300w, https:\/\/dogan-otomotiv.com\/wp-content\/uploads\/2025\/09\/3B0807134A-600x331.png 600w, https:\/\/dogan-otomotiv.com\/wp-content\/uploads\/2025\/09\/3B0807134A.png 681w\" sizes=\"auto, (max-width: 300px) 100vw, 300px\" \/> 3B0837439 vw passat b5 arka sol kap\u0131 i\u00e7 s\u0131y\u0131r\u0131c\u0131 fitil orj yeni[\/caption]\n","protected":false},"featured_media":16902,"comment_status":"open","ping_status":"closed","template":"","meta":{"_joinchat":[]},"product_cat":[15],"product_tag":[11731],"class_list":{"0":"post-16899","1":"product","2":"type-product","3":"status-publish","4":"has-post-thumbnail","6":"product_cat-volkswagen","7":"product_tag-3b0837439-vw-passat-b5-arka-sol-kapi-ic-siyirici-fitil-orj-yeni","9":"first","10":"instock","11":"sale","12":"shipping-taxable","13":"purchasable","14":"product-type-simple"},"_links":{"self":[{"href":"https:\/\/dogan-otomotiv.com\/index.php\/wp-json\/wp\/v2\/product\/16899","targetHints":{"allow":["GET"]}}],"collection":[{"href":"https:\/\/dogan-otomotiv.com\/index.php\/wp-json\/wp\/v2\/product"}],"about":[{"href":"https:\/\/dogan-otomotiv.com\/index.php\/wp-json\/wp\/v2\/types\/product"}],"replies":[{"embeddable":true,"href":"https:\/\/dogan-otomotiv.com\/index.php\/wp-json\/wp\/v2\/comments?post=16899"}],"wp:featuredmedia":[{"embeddable":true,"href":"https:\/\/dogan-otomotiv.com\/index.php\/wp-json\/wp\/v2\/media\/16902"}],"wp:attachment":[{"href":"https:\/\/dogan-otomotiv.com\/index.php\/wp-json\/wp\/v2\/media?parent=16899"}],"wp:term":[{"taxonomy":"product_cat","embeddable":true,"href":"https:\/\/dogan-otomotiv.com\/index.php\/wp-json\/wp\/v2\/product_cat?post=16899"},{"taxonomy":"product_tag","embeddable":true,"href":"https:\/\/dogan-otomotiv.com\/index.php\/wp-json\/wp\/v2\/product_tag?post=16899"}],"curies":[{"name":"wp","href":"https:\/\/api.w.org\/{rel}","templated":true}]}}